{"id":5003,"date":"2024-05-16T08:46:02","date_gmt":"2024-05-16T08:46:02","guid":{"rendered":"https:\/\/portdeportvendres.com\/contact\/"},"modified":"2026-02-05T12:59:10","modified_gmt":"2026-02-05T12:59:10","slug":"contacte","status":"publish","type":"page","link":"https:\/\/portdeportvendres.com\/ca\/contacte\/","title":{"rendered":"Contacte"},"content":{"rendered":"\t\t<div data-elementor-type=\"wp-page\" data-elementor-id=\"5003\" class=\"elementor elementor-5003 elementor-48\" data-elementor-post-type=\"page\">\n\t\t\t\t<div class=\"elementor-element elementor-element-efc1c57 e-flex e-con-boxed e-con e-parent\" data-id=\"efc1c57\" data-element_type=\"container\" data-e-type=\"container\" data-settings=\"{&quot;background_background&quot;:&quot;classic&quot;}\">\n\t\t\t\t\t<div class=\"e-con-inner\">\n\t\t\t\t<div class=\"elementor-element elementor-element-ab72cc8 elementor-widget elementor-widget-image\" data-id=\"ab72cc8\" data-element_type=\"widget\" data-e-type=\"widget\" data-widget_type=\"image.default\">\n\t\t\t\t<div class=\"elementor-widget-container\">\n\t\t\t\t\t\t\t\t\t\t\t\t\t\t\t<img fetchpriority=\"high\" decoding=\"async\" width=\"627\" height=\"398\" src=\"https:\/\/portdeportvendres.com\/wp-content\/uploads\/2024\/04\/ligne.png\" class=\"attachment-full size-full wp-image-4162\" alt=\"\" srcset=\"https:\/\/portdeportvendres.com\/wp-content\/uploads\/2024\/04\/ligne.png 627w, https:\/\/portdeportvendres.com\/wp-content\/uploads\/2024\/04\/ligne-300x190.png 300w\" sizes=\"(max-width: 627px) 100vw, 627px\" \/>\t\t\t\t\t\t\t\t\t\t\t\t\t\t\t<\/div>\n\t\t\t\t<\/div>\n\t\t\t\t\t<\/div>\n\t\t\t\t<\/div>\n\t\t<div class=\"elementor-element elementor-element-053bb17 e-flex e-con-boxed e-con e-parent\" data-id=\"053bb17\" data-element_type=\"container\" data-e-type=\"container\">\n\t\t\t\t\t<div class=\"e-con-inner\">\n\t\t\t\t<div class=\"elementor-element elementor-element-8b89fb3 elementor-widget elementor-widget-heading\" data-id=\"8b89fb3\" data-element_type=\"widget\" data-e-type=\"widget\" data-widget_type=\"heading.default\">\n\t\t\t\t<div class=\"elementor-widget-container\">\n\t\t\t\t\t<h1 class=\"elementor-heading-title elementor-size-default\">Contactar amb el port<\/h1>\t\t\t\t<\/div>\n\t\t\t\t<\/div>\n\t\t\t\t<div class=\"elementor-element elementor-element-ac679c4 elementor-widget elementor-widget-text-editor\" data-id=\"ac679c4\" data-element_type=\"widget\" data-e-type=\"widget\" data-widget_type=\"text-editor.default\">\n\t\t\t\t<div class=\"elementor-widget-container\">\n\t\t\t\t\t\t\t\t\t<p>Teniu una sol\u00b7licitud especial? Trobeu a faltar alguna informaci\u00f3 al nostre lloc web? No us preocupeu! Som a la <strong>vostra disposici\u00f3 durant tot l&#8217;any<\/strong> en els horaris especificats a continuaci\u00f3 per respondre les vostres preguntes. Esperem veure-us aviat al port!<\/p>\t\t\t\t\t\t\t\t<\/div>\n\t\t\t\t<\/div>\n\t\t\t\t\t<\/div>\n\t\t\t\t<\/div>\n\t\t<div class=\"elementor-element elementor-element-beadcd0 e-flex e-con-boxed e-con e-parent\" data-id=\"beadcd0\" data-element_type=\"container\" data-e-type=\"container\">\n\t\t\t\t\t<div class=\"e-con-inner\">\n\t\t\t\t<div class=\"elementor-element elementor-element-89cd40e elementor-widget elementor-widget-heading\" data-id=\"89cd40e\" data-element_type=\"widget\" data-e-type=\"widget\" data-widget_type=\"heading.default\">\n\t\t\t\t<div class=\"elementor-widget-container\">\n\t\t\t\t\t<h2 class=\"elementor-heading-title elementor-size-default\">Esbarjo i pesca<\/h2>\t\t\t\t<\/div>\n\t\t\t\t<\/div>\n\t\t\t\t<div class=\"elementor-element elementor-element-a903064 elementor-hidden-mobile elementor-widget elementor-widget-image\" data-id=\"a903064\" data-element_type=\"widget\" data-e-type=\"widget\" data-widget_type=\"image.default\">\n\t\t\t\t<div class=\"elementor-widget-container\">\n\t\t\t\t\t\t\t\t\t\t\t\t\t\t\t<img fetchpriority=\"high\" decoding=\"async\" width=\"627\" height=\"398\" src=\"https:\/\/portdeportvendres.com\/wp-content\/uploads\/2024\/04\/ligne.png\" class=\"attachment-full size-full wp-image-4162\" alt=\"\" srcset=\"https:\/\/portdeportvendres.com\/wp-content\/uploads\/2024\/04\/ligne.png 627w, https:\/\/portdeportvendres.com\/wp-content\/uploads\/2024\/04\/ligne-300x190.png 300w\" sizes=\"(max-width: 627px) 100vw, 627px\" \/>\t\t\t\t\t\t\t\t\t\t\t\t\t\t\t<\/div>\n\t\t\t\t<\/div>\n\t\t\t\t<div class=\"elementor-element elementor-element-016c330 elementor-widget elementor-widget-text-editor\" data-id=\"016c330\" data-element_type=\"widget\" data-e-type=\"widget\" data-widget_type=\"text-editor.default\">\n\t\t\t\t<div class=\"elementor-widget-container\">\n\t\t\t\t\t\t\t\t\t<p><strong>Capitania<\/strong><br \/>Horaris:<br \/>Fora de temporada De 8:00 a 12:00 i de 14:00 a 17:00, cada dia de la setmana<br \/>En temporada juliol i agost de 8:00 a 20:00, cada dia de la setmana<br \/>Tel: 04 68 82 08 84<br \/>VHF: Canal 09<br \/>Email:\u00a0<a href=\"mailto:plaisance@cpv.port.fr\">plaisance@cpv.port.fr\u00a0<\/a><\/p><p>Adre\u00e7a: BP37 Quai Fran\u00e7ois Joly<\/p>\t\t\t\t\t\t\t\t<\/div>\n\t\t\t\t<\/div>\n\t\t\t\t<div class=\"elementor-element elementor-element-1613c1d elementor-widget elementor-widget-text-editor\" data-id=\"1613c1d\" data-element_type=\"widget\" data-e-type=\"widget\" data-widget_type=\"text-editor.default\">\n\t\t\t\t<div class=\"elementor-widget-container\">\n\t\t\t\t\t\t\t\t\t<p><strong>Oficina administrativa<\/strong><br \/>De dilluns a dijous: De 8:30 a 12:00 i de 14:00 a 17:30, i divendres: De 8:30 a 12:00 i de 14:00 a 17:00<br \/>Tel: 04 68 82 00 25<br \/>Email: <a href=\"mailto:contact@cpv.port.fr\">contact@cpv.port.fr<\/a><\/p>\t\t\t\t\t\t\t\t<\/div>\n\t\t\t\t<\/div>\n\t\t\t\t<div class=\"elementor-element elementor-element-0e0fb1f elementor-widget elementor-widget-text-editor\" data-id=\"0e0fb1f\" data-element_type=\"widget\" data-e-type=\"widget\" data-widget_type=\"text-editor.default\">\n\t\t\t\t<div class=\"elementor-widget-container\">\n\t\t\t\t\t\t\t\t\t<p><strong>Carenat i manteniment<\/strong><br \/>Horaris: De 8:00 a 12:00 i de 14:00 a 17:00<br \/>Tel: 06 18 90 71 17<br \/>Email: <a href=\"mailto:carenage@cpv.port.fr\">carenage@cpv.port.fr<\/a><br \/>i\u00a0<a href=\"mailto:plaisance@cpv.port.fr\">plaisance@cpv.port.fr<\/a><\/p>\t\t\t\t\t\t\t\t<\/div>\n\t\t\t\t<\/div>\n\t\t\t\t<div class=\"elementor-element elementor-element-644d0a8 elementor-widget elementor-widget-text-editor\" data-id=\"644d0a8\" data-element_type=\"widget\" data-e-type=\"widget\" data-widget_type=\"text-editor.default\">\n\t\t\t\t<div class=\"elementor-widget-container\">\n\t\t\t\t\t\t\t\t\t<p><strong>Prud\u2019homie de p\u00eache<br \/><\/strong>Horaris: De 9:00 a 12:00<br \/>Tel: 06 33 10 82 04<br \/>Email:\u00a0<a href=\"mailto:ptitmanu66@gmail.com\">ptitmanu66@gmail.com<\/a><\/p>\t\t\t\t\t\t\t\t<\/div>\n\t\t\t\t<\/div>\n\t\t\t\t<div class=\"elementor-element elementor-element-4cd82aa elementor-hidden-mobile elementor-widget elementor-widget-image\" data-id=\"4cd82aa\" data-element_type=\"widget\" data-e-type=\"widget\" data-widget_type=\"image.default\">\n\t\t\t\t<div class=\"elementor-widget-container\">\n\t\t\t\t\t\t\t\t\t\t\t\t\t\t\t<img fetchpriority=\"high\" decoding=\"async\" width=\"627\" height=\"398\" src=\"https:\/\/portdeportvendres.com\/wp-content\/uploads\/2024\/04\/ligne.png\" class=\"attachment-full size-full wp-image-4162\" alt=\"\" srcset=\"https:\/\/portdeportvendres.com\/wp-content\/uploads\/2024\/04\/ligne.png 627w, https:\/\/portdeportvendres.com\/wp-content\/uploads\/2024\/04\/ligne-300x190.png 300w\" sizes=\"(max-width: 627px) 100vw, 627px\" \/>\t\t\t\t\t\t\t\t\t\t\t\t\t\t\t<\/div>\n\t\t\t\t<\/div>\n\t\t\t\t<div class=\"elementor-element elementor-element-d5fc302 elementor-widget elementor-widget-text-editor\" data-id=\"d5fc302\" data-element_type=\"widget\" data-e-type=\"widget\" data-widget_type=\"text-editor.default\">\n\t\t\t\t<div class=\"elementor-widget-container\">\n\t\t\t\t\t\t\t\t\t<p><strong>Cooperativa de pesca:<\/strong><br \/>Horaris: De 8:00 a 12:00<br \/>Tel: 04 68 54 99 83<br \/>Email: 06 13 27 08 94<br \/>Email:\u00a0<a href=\"mailto:cooppecheurspv@orange.fr\">cooppecheurspv@orange.fr<\/a><\/p>\t\t\t\t\t\t\t\t<\/div>\n\t\t\t\t<\/div>\n\t\t\t\t\t<\/div>\n\t\t\t\t<\/div>\n\t\t<div class=\"elementor-element elementor-element-781fa85 e-flex e-con-boxed e-con e-parent\" data-id=\"781fa85\" data-element_type=\"container\" data-e-type=\"container\">\n\t\t\t\t\t<div class=\"e-con-inner\">\n\t\t\t\t<div class=\"elementor-element elementor-element-050b1d4 elementor-widget elementor-widget-heading\" data-id=\"050b1d4\" data-element_type=\"widget\" data-e-type=\"widget\" data-widget_type=\"heading.default\">\n\t\t\t\t<div class=\"elementor-widget-container\">\n\t\t\t\t\t<h2 class=\"elementor-heading-title elementor-size-default\">Comer\u00e7 i grans embarcacions d'esbarjo<\/h2>\t\t\t\t<\/div>\n\t\t\t\t<\/div>\n\t\t\t\t<div class=\"elementor-element elementor-element-b49d3a4 elementor-hidden-mobile elementor-widget elementor-widget-image\" data-id=\"b49d3a4\" data-element_type=\"widget\" data-e-type=\"widget\" data-widget_type=\"image.default\">\n\t\t\t\t<div class=\"elementor-widget-container\">\n\t\t\t\t\t\t\t\t\t\t\t\t\t\t\t<img fetchpriority=\"high\" decoding=\"async\" width=\"627\" height=\"398\" src=\"https:\/\/portdeportvendres.com\/wp-content\/uploads\/2024\/04\/ligne.png\" class=\"attachment-full size-full wp-image-4162\" alt=\"\" srcset=\"https:\/\/portdeportvendres.com\/wp-content\/uploads\/2024\/04\/ligne.png 627w, https:\/\/portdeportvendres.com\/wp-content\/uploads\/2024\/04\/ligne-300x190.png 300w\" sizes=\"(max-width: 627px) 100vw, 627px\" \/>\t\t\t\t\t\t\t\t\t\t\t\t\t\t\t<\/div>\n\t\t\t\t<\/div>\n\t\t\t\t<div class=\"elementor-element elementor-element-8740a97 elementor-widget elementor-widget-text-editor\" data-id=\"8740a97\" data-element_type=\"widget\" data-e-type=\"widget\" data-widget_type=\"text-editor.default\">\n\t\t\t\t<div class=\"elementor-widget-container\">\n\t\t\t\t\t\t\t\t\t<p><strong>Estibador<\/strong><br \/>Tel: 04 68 98 37 37<br \/>Email:\u00a0<a href=\"mailto:contact.cltm.pv@groupehm.fr\">contact.cltm.pv@groupehm.fr<\/a><\/p>\t\t\t\t\t\t\t\t<\/div>\n\t\t\t\t<\/div>\n\t\t\t\t\t<\/div>\n\t\t\t\t<\/div>\n\t\t<div class=\"elementor-element elementor-element-208e1b4 e-flex e-con-boxed e-con e-parent\" data-id=\"208e1b4\" data-element_type=\"container\" data-e-type=\"container\">\n\t\t\t\t\t<div class=\"e-con-inner\">\n\t\t\t\t<div class=\"elementor-element elementor-element-e6b0540 elementor-widget elementor-widget-heading\" data-id=\"e6b0540\" data-element_type=\"widget\" data-e-type=\"widget\" data-widget_type=\"heading.default\">\n\t\t\t\t<div class=\"elementor-widget-container\">\n\t\t\t\t\t<h2 class=\"elementor-heading-title elementor-size-default\">Autoritat portu\u00e0ria: Consell Departamental dels Pirineus Orientals<\/h2>\t\t\t\t<\/div>\n\t\t\t\t<\/div>\n\t\t\t\t<div class=\"elementor-element elementor-element-1a1ec9b elementor-widget elementor-widget-text-editor\" data-id=\"1a1ec9b\" data-element_type=\"widget\" data-e-type=\"widget\" data-widget_type=\"text-editor.default\">\n\t\t\t\t<div class=\"elementor-widget-container\">\n\t\t\t\t\t\t\t\t\t<p>Tel: 04 68 82 12 00<br \/>M\u00f2bil: 06 70 48 91 96<br \/>M\u00f2bil: 06 70 48 91 95 (seguretat)<br \/>Email:\u00a0<a href=\"mailto:ddtm-dml-cpv@pyrenees-orientales.gouv.fr\">ddtm-dml-cpv@pyrenees-orientales.gouv.fr<\/a><\/p><p>Tel: 04 68 85 88 92<br \/>Email:\u00a0<a href=\"mailto:saida.houri@cd66.fr\">saida.houri@cd66.fr<\/a><\/p>\t\t\t\t\t\t\t\t<\/div>\n\t\t\t\t<\/div>\n\t\t\t\t<div class=\"elementor-element elementor-element-3184010 elementor-hidden-mobile elementor-widget elementor-widget-image\" data-id=\"3184010\" data-element_type=\"widget\" data-e-type=\"widget\" data-widget_type=\"image.default\">\n\t\t\t\t<div class=\"elementor-widget-container\">\n\t\t\t\t\t\t\t\t\t\t\t\t\t\t\t<img fetchpriority=\"high\" decoding=\"async\" width=\"627\" height=\"398\" src=\"https:\/\/portdeportvendres.com\/wp-content\/uploads\/2024\/04\/ligne.png\" class=\"attachment-full size-full wp-image-4162\" alt=\"\" srcset=\"https:\/\/portdeportvendres.com\/wp-content\/uploads\/2024\/04\/ligne.png 627w, https:\/\/portdeportvendres.com\/wp-content\/uploads\/2024\/04\/ligne-300x190.png 300w\" sizes=\"(max-width: 627px) 100vw, 627px\" \/>\t\t\t\t\t\t\t\t\t\t\t\t\t\t\t<\/div>\n\t\t\t\t<\/div>\n\t\t\t\t\t<\/div>\n\t\t\t\t<\/div>\n\t\t\t\t<\/div>\n\t\t","protected":false},"excerpt":{"rendered":"<p>Contactar amb el port Teniu una sol\u00b7licitud especial? Trobeu a faltar alguna informaci\u00f3 al nostre lloc web? No us preocupeu! Som a la vostra disposici\u00f3 durant tot l&#8217;any en els horaris especificats a continuaci\u00f3 per respondre les vostres preguntes. Esperem veure-us aviat al port! Esbarjo i pesca CapitaniaHoraris:Fora de temporada De 8:00 a 12:00 i [&hellip;]<\/p>\n","protected":false},"author":2,"featured_media":0,"parent":0,"menu_order":0,"comment_status":"closed","ping_status":"closed","template":"","meta":{"footnotes":""},"class_list":["post-5003","page","type-page","status-publish","hentry"],"yoast_head":"<!-- This site is optimized with the Yoast SEO plugin v27.3 - https:\/\/yoast.com\/product\/yoast-seo-wordpress\/ -->\n<title>Contactar amb el Port de Port-Vendres: obtenir tota la informaci\u00f3.<\/title>\n<meta name=\"description\" content=\"Per a la recreaci\u00f3, pesca o comer\u00e7, troba els contactes adequats per obtenir informaci\u00f3. M\u00e9s informaci\u00f3 aqu\u00ed.\" \/>\n<meta name=\"robots\" content=\"index, follow, max-snippet:-1, max-image-preview:large, max-video-preview:-1\" \/>\n<link rel=\"canonical\" href=\"https:\/\/portdeportvendres.com\/ca\/contacte\/\" \/>\n<meta property=\"og:locale\" content=\"ca_ES\" \/>\n<meta property=\"og:type\" content=\"article\" \/>\n<meta property=\"og:title\" content=\"Contactar amb el Port de Port-Vendres: obtenir tota la informaci\u00f3.\" \/>\n<meta property=\"og:description\" content=\"Per a la recreaci\u00f3, pesca o comer\u00e7, troba els contactes adequats per obtenir informaci\u00f3. M\u00e9s informaci\u00f3 aqu\u00ed.\" \/>\n<meta property=\"og:url\" content=\"https:\/\/portdeportvendres.com\/ca\/contacte\/\" \/>\n<meta property=\"og:site_name\" content=\"Port de Port-vendres\" \/>\n<meta property=\"article:publisher\" content=\"https:\/\/www.facebook.com\/PortDePortVendres\/\" \/>\n<meta property=\"article:modified_time\" content=\"2026-02-05T12:59:10+00:00\" \/>\n<meta property=\"og:image\" content=\"https:\/\/portdeportvendres.com\/wp-content\/uploads\/2024\/04\/ligne.png\" \/>\n\t<meta property=\"og:image:width\" content=\"627\" \/>\n\t<meta property=\"og:image:height\" content=\"398\" \/>\n\t<meta property=\"og:image:type\" content=\"image\/png\" \/>\n<meta name=\"twitter:card\" content=\"summary_large_image\" \/>\n<meta name=\"twitter:label1\" content=\"Temps estimat de lectura\" \/>\n\t<meta name=\"twitter:data1\" content=\"3 minuts\" \/>\n<script type=\"application\/ld+json\" class=\"yoast-schema-graph\">{\"@context\":\"https:\\\/\\\/schema.org\",\"@graph\":[{\"@type\":\"WebPage\",\"@id\":\"https:\\\/\\\/portdeportvendres.com\\\/ca\\\/contacte\\\/\",\"url\":\"https:\\\/\\\/portdeportvendres.com\\\/ca\\\/contacte\\\/\",\"name\":\"Contactar amb el Port de Port-Vendres: obtenir tota la informaci\u00f3.\",\"isPartOf\":{\"@id\":\"https:\\\/\\\/portdeportvendres.com\\\/ca\\\/#website\"},\"primaryImageOfPage\":{\"@id\":\"https:\\\/\\\/portdeportvendres.com\\\/ca\\\/contacte\\\/#primaryimage\"},\"image\":{\"@id\":\"https:\\\/\\\/portdeportvendres.com\\\/ca\\\/contacte\\\/#primaryimage\"},\"thumbnailUrl\":\"https:\\\/\\\/portdeportvendres.com\\\/wp-content\\\/uploads\\\/2024\\\/04\\\/ligne.png\",\"datePublished\":\"2024-05-16T08:46:02+00:00\",\"dateModified\":\"2026-02-05T12:59:10+00:00\",\"description\":\"Per a la recreaci\u00f3, pesca o comer\u00e7, troba els contactes adequats per obtenir informaci\u00f3. M\u00e9s informaci\u00f3 aqu\u00ed.\",\"breadcrumb\":{\"@id\":\"https:\\\/\\\/portdeportvendres.com\\\/ca\\\/contacte\\\/#breadcrumb\"},\"inLanguage\":\"ca\",\"potentialAction\":[{\"@type\":\"ReadAction\",\"target\":[\"https:\\\/\\\/portdeportvendres.com\\\/ca\\\/contacte\\\/\"]}]},{\"@type\":\"ImageObject\",\"inLanguage\":\"ca\",\"@id\":\"https:\\\/\\\/portdeportvendres.com\\\/ca\\\/contacte\\\/#primaryimage\",\"url\":\"https:\\\/\\\/portdeportvendres.com\\\/wp-content\\\/uploads\\\/2024\\\/04\\\/ligne.png\",\"contentUrl\":\"https:\\\/\\\/portdeportvendres.com\\\/wp-content\\\/uploads\\\/2024\\\/04\\\/ligne.png\"},{\"@type\":\"BreadcrumbList\",\"@id\":\"https:\\\/\\\/portdeportvendres.com\\\/ca\\\/contacte\\\/#breadcrumb\",\"itemListElement\":[{\"@type\":\"ListItem\",\"position\":1,\"name\":\"Home\",\"item\":\"https:\\\/\\\/portdeportvendres.com\\\/ca\\\/\"},{\"@type\":\"ListItem\",\"position\":2,\"name\":\"Contacte\"}]},{\"@type\":\"WebSite\",\"@id\":\"https:\\\/\\\/portdeportvendres.com\\\/ca\\\/#website\",\"url\":\"https:\\\/\\\/portdeportvendres.com\\\/ca\\\/\",\"name\":\"Port de Port-vendres\",\"description\":\"\",\"publisher\":{\"@id\":\"https:\\\/\\\/portdeportvendres.com\\\/ca\\\/#organization\"},\"potentialAction\":[{\"@type\":\"SearchAction\",\"target\":{\"@type\":\"EntryPoint\",\"urlTemplate\":\"https:\\\/\\\/portdeportvendres.com\\\/ca\\\/?s={search_term_string}\"},\"query-input\":{\"@type\":\"PropertyValueSpecification\",\"valueRequired\":true,\"valueName\":\"search_term_string\"}}],\"inLanguage\":\"ca\"},{\"@type\":\"Organization\",\"@id\":\"https:\\\/\\\/portdeportvendres.com\\\/ca\\\/#organization\",\"name\":\"Port de Port-Vendres\",\"url\":\"https:\\\/\\\/portdeportvendres.com\\\/ca\\\/\",\"logo\":{\"@type\":\"ImageObject\",\"inLanguage\":\"ca\",\"@id\":\"https:\\\/\\\/portdeportvendres.com\\\/ca\\\/#\\\/schema\\\/logo\\\/image\\\/\",\"url\":\"https:\\\/\\\/portdeportvendres.com\\\/wp-content\\\/uploads\\\/2024\\\/04\\\/Logo-Compagnie-PV_Gris_Bleu_Vecto.svg\",\"contentUrl\":\"https:\\\/\\\/portdeportvendres.com\\\/wp-content\\\/uploads\\\/2024\\\/04\\\/Logo-Compagnie-PV_Gris_Bleu_Vecto.svg\",\"width\":673,\"height\":205,\"caption\":\"Port de Port-Vendres\"},\"image\":{\"@id\":\"https:\\\/\\\/portdeportvendres.com\\\/ca\\\/#\\\/schema\\\/logo\\\/image\\\/\"},\"sameAs\":[\"https:\\\/\\\/www.facebook.com\\\/PortDePortVendres\\\/\",\"https:\\\/\\\/www.instagram.com\\\/port_de_portvendres_officiel\\\/\"]}]}<\/script>\n<!-- \/ Yoast SEO plugin. -->","yoast_head_json":{"title":"Contactar amb el Port de Port-Vendres: obtenir tota la informaci\u00f3.","description":"Per a la recreaci\u00f3, pesca o comer\u00e7, troba els contactes adequats per obtenir informaci\u00f3. M\u00e9s informaci\u00f3 aqu\u00ed.","robots":{"index":"index","follow":"follow","max-snippet":"max-snippet:-1","max-image-preview":"max-image-preview:large","max-video-preview":"max-video-preview:-1"},"canonical":"https:\/\/portdeportvendres.com\/ca\/contacte\/","og_locale":"ca_ES","og_type":"article","og_title":"Contactar amb el Port de Port-Vendres: obtenir tota la informaci\u00f3.","og_description":"Per a la recreaci\u00f3, pesca o comer\u00e7, troba els contactes adequats per obtenir informaci\u00f3. M\u00e9s informaci\u00f3 aqu\u00ed.","og_url":"https:\/\/portdeportvendres.com\/ca\/contacte\/","og_site_name":"Port de Port-vendres","article_publisher":"https:\/\/www.facebook.com\/PortDePortVendres\/","article_modified_time":"2026-02-05T12:59:10+00:00","og_image":[{"width":627,"height":398,"url":"https:\/\/portdeportvendres.com\/wp-content\/uploads\/2024\/04\/ligne.png","type":"image\/png"}],"twitter_card":"summary_large_image","twitter_misc":{"Temps estimat de lectura":"3 minuts"},"schema":{"@context":"https:\/\/schema.org","@graph":[{"@type":"WebPage","@id":"https:\/\/portdeportvendres.com\/ca\/contacte\/","url":"https:\/\/portdeportvendres.com\/ca\/contacte\/","name":"Contactar amb el Port de Port-Vendres: obtenir tota la informaci\u00f3.","isPartOf":{"@id":"https:\/\/portdeportvendres.com\/ca\/#website"},"primaryImageOfPage":{"@id":"https:\/\/portdeportvendres.com\/ca\/contacte\/#primaryimage"},"image":{"@id":"https:\/\/portdeportvendres.com\/ca\/contacte\/#primaryimage"},"thumbnailUrl":"https:\/\/portdeportvendres.com\/wp-content\/uploads\/2024\/04\/ligne.png","datePublished":"2024-05-16T08:46:02+00:00","dateModified":"2026-02-05T12:59:10+00:00","description":"Per a la recreaci\u00f3, pesca o comer\u00e7, troba els contactes adequats per obtenir informaci\u00f3. M\u00e9s informaci\u00f3 aqu\u00ed.","breadcrumb":{"@id":"https:\/\/portdeportvendres.com\/ca\/contacte\/#breadcrumb"},"inLanguage":"ca","potentialAction":[{"@type":"ReadAction","target":["https:\/\/portdeportvendres.com\/ca\/contacte\/"]}]},{"@type":"ImageObject","inLanguage":"ca","@id":"https:\/\/portdeportvendres.com\/ca\/contacte\/#primaryimage","url":"https:\/\/portdeportvendres.com\/wp-content\/uploads\/2024\/04\/ligne.png","contentUrl":"https:\/\/portdeportvendres.com\/wp-content\/uploads\/2024\/04\/ligne.png"},{"@type":"BreadcrumbList","@id":"https:\/\/portdeportvendres.com\/ca\/contacte\/#breadcrumb","itemListElement":[{"@type":"ListItem","position":1,"name":"Home","item":"https:\/\/portdeportvendres.com\/ca\/"},{"@type":"ListItem","position":2,"name":"Contacte"}]},{"@type":"WebSite","@id":"https:\/\/portdeportvendres.com\/ca\/#website","url":"https:\/\/portdeportvendres.com\/ca\/","name":"Port de Port-vendres","description":"","publisher":{"@id":"https:\/\/portdeportvendres.com\/ca\/#organization"},"potentialAction":[{"@type":"SearchAction","target":{"@type":"EntryPoint","urlTemplate":"https:\/\/portdeportvendres.com\/ca\/?s={search_term_string}"},"query-input":{"@type":"PropertyValueSpecification","valueRequired":true,"valueName":"search_term_string"}}],"inLanguage":"ca"},{"@type":"Organization","@id":"https:\/\/portdeportvendres.com\/ca\/#organization","name":"Port de Port-Vendres","url":"https:\/\/portdeportvendres.com\/ca\/","logo":{"@type":"ImageObject","inLanguage":"ca","@id":"https:\/\/portdeportvendres.com\/ca\/#\/schema\/logo\/image\/","url":"https:\/\/portdeportvendres.com\/wp-content\/uploads\/2024\/04\/Logo-Compagnie-PV_Gris_Bleu_Vecto.svg","contentUrl":"https:\/\/portdeportvendres.com\/wp-content\/uploads\/2024\/04\/Logo-Compagnie-PV_Gris_Bleu_Vecto.svg","width":673,"height":205,"caption":"Port de Port-Vendres"},"image":{"@id":"https:\/\/portdeportvendres.com\/ca\/#\/schema\/logo\/image\/"},"sameAs":["https:\/\/www.facebook.com\/PortDePortVendres\/","https:\/\/www.instagram.com\/port_de_portvendres_officiel\/"]}]}},"_links":{"self":[{"href":"https:\/\/portdeportvendres.com\/ca\/wp-json\/wp\/v2\/pages\/5003","targetHints":{"allow":["GET"]}}],"collection":[{"href":"https:\/\/portdeportvendres.com\/ca\/wp-json\/wp\/v2\/pages"}],"about":[{"href":"https:\/\/portdeportvendres.com\/ca\/wp-json\/wp\/v2\/types\/page"}],"author":[{"embeddable":true,"href":"https:\/\/portdeportvendres.com\/ca\/wp-json\/wp\/v2\/users\/2"}],"replies":[{"embeddable":true,"href":"https:\/\/portdeportvendres.com\/ca\/wp-json\/wp\/v2\/comments?post=5003"}],"version-history":[{"count":7,"href":"https:\/\/portdeportvendres.com\/ca\/wp-json\/wp\/v2\/pages\/5003\/revisions"}],"predecessor-version":[{"id":5945,"href":"https:\/\/portdeportvendres.com\/ca\/wp-json\/wp\/v2\/pages\/5003\/revisions\/5945"}],"wp:attachment":[{"href":"https:\/\/portdeportvendres.com\/ca\/wp-json\/wp\/v2\/media?parent=5003"}],"curies":[{"name":"wp","href":"https:\/\/api.w.org\/{rel}","templated":true}]}}