{"id":5009,"date":"2024-05-16T08:46:02","date_gmt":"2024-05-16T08:46:02","guid":{"rendered":"https:\/\/portdeportvendres.com\/port-de-peche\/"},"modified":"2025-02-12T09:27:39","modified_gmt":"2025-02-12T09:27:39","slug":"port-de-pesca","status":"publish","type":"page","link":"https:\/\/portdeportvendres.com\/ca\/port-de-pesca\/","title":{"rendered":"Port de pesca"},"content":{"rendered":"\t\t<div data-elementor-type=\"wp-page\" data-elementor-id=\"5009\" class=\"elementor elementor-5009 elementor-44\" data-elementor-post-type=\"page\">\n\t\t\t\t<div class=\"elementor-element elementor-element-2933e23 e-flex e-con-boxed e-con e-parent\" data-id=\"2933e23\" data-element_type=\"container\" data-e-type=\"container\" data-settings=\"{&quot;background_background&quot;:&quot;classic&quot;}\">\n\t\t\t\t\t<div class=\"e-con-inner\">\n\t\t\t\t<div class=\"elementor-element elementor-element-ef43236 elementor-hidden-tablet elementor-widget elementor-widget-image\" data-id=\"ef43236\" data-element_type=\"widget\" data-e-type=\"widget\" data-widget_type=\"image.default\">\n\t\t\t\t<div class=\"elementor-widget-container\">\n\t\t\t\t\t\t\t\t\t\t\t\t\t\t\t<img fetchpriority=\"high\" decoding=\"async\" width=\"627\" height=\"398\" src=\"https:\/\/portdeportvendres.com\/wp-content\/uploads\/2024\/04\/ligne.png\" class=\"attachment-full size-full wp-image-4162\" alt=\"\" srcset=\"https:\/\/portdeportvendres.com\/wp-content\/uploads\/2024\/04\/ligne.png 627w, https:\/\/portdeportvendres.com\/wp-content\/uploads\/2024\/04\/ligne-300x190.png 300w\" sizes=\"(max-width: 627px) 100vw, 627px\" \/>\t\t\t\t\t\t\t\t\t\t\t\t\t\t\t<\/div>\n\t\t\t\t<\/div>\n\t\t\t\t\t<\/div>\n\t\t\t\t<\/div>\n\t\t<div class=\"elementor-element elementor-element-b49c1a6 e-flex e-con-boxed e-con e-parent\" data-id=\"b49c1a6\" data-element_type=\"container\" data-e-type=\"container\">\n\t\t\t\t\t<div class=\"e-con-inner\">\n\t\t\t\t<div class=\"elementor-element elementor-element-47347f3 elementor-widget elementor-widget-heading\" data-id=\"47347f3\" data-element_type=\"widget\" data-e-type=\"widget\" data-widget_type=\"heading.default\">\n\t\t\t\t<div class=\"elementor-widget-container\">\n\t\t\t\t\t<h1 class=\"elementor-heading-title elementor-size-default\">Descobrir el port de pesca<\/h1>\t\t\t\t<\/div>\n\t\t\t\t<\/div>\n\t\t\t\t<div class=\"elementor-element elementor-element-2e7147b elementor-widget elementor-widget-text-editor\" data-id=\"2e7147b\" data-element_type=\"widget\" data-e-type=\"widget\" data-widget_type=\"text-editor.default\">\n\t\t\t\t<div class=\"elementor-widget-container\">\n\t\t\t\t\t\t\t\t\t<p>El port de pesca de Port-Vendres ofereix venda de peix acabat de sortir de l&#8217;aigua en l&#8217;ambient genu\u00ed i acollidor tan caracter\u00edstic de les paradetes de pescadors!<\/p>\t\t\t\t\t\t\t\t<\/div>\n\t\t\t\t<\/div>\n\t\t\t\t\t<\/div>\n\t\t\t\t<\/div>\n\t\t<div class=\"elementor-element elementor-element-acb96f8 e-flex e-con-boxed e-con e-parent\" data-id=\"acb96f8\" data-element_type=\"container\" data-e-type=\"container\" id=\"vente\">\n\t\t\t\t\t<div class=\"e-con-inner\">\n\t\t<div class=\"elementor-element elementor-element-bbc986c e-con-full e-flex e-con e-child\" data-id=\"bbc986c\" data-element_type=\"container\" data-e-type=\"container\">\n\t\t\t\t<div class=\"elementor-element elementor-element-1201560 elementor-widget elementor-widget-heading\" data-id=\"1201560\" data-element_type=\"widget\" data-e-type=\"widget\" data-widget_type=\"heading.default\">\n\t\t\t\t<div class=\"elementor-widget-container\">\n\t\t\t\t\t<h2 class=\"elementor-heading-title elementor-size-default\">Del mar al plat - Venda directa al moll<\/h2>\t\t\t\t<\/div>\n\t\t\t\t<\/div>\n\t\t\t\t<div class=\"elementor-element elementor-element-f74cb8b elementor-widget elementor-widget-text-editor\" data-id=\"f74cb8b\" data-element_type=\"widget\" data-e-type=\"widget\" data-widget_type=\"text-editor.default\">\n\t\t\t\t<div class=\"elementor-widget-container\">\n\t\t\t\t\t\t\t\t\t<p>Alguns pescadors s\u00f3n presents als molls durant <strong>tot l&#8217;any<\/strong>, encara que el nombre de parades augmenta durant la temporada d&#8217;estiu. Comprar peix fresc directament als pescadors \u00e9s un luxe que tots ens haur\u00edem de permetre!<\/p>\t\t\t\t\t\t\t\t<\/div>\n\t\t\t\t<\/div>\n\t\t\t\t<\/div>\n\t\t<div class=\"elementor-element elementor-element-c008084 e-con-full e-flex e-con e-child\" data-id=\"c008084\" data-element_type=\"container\" data-e-type=\"container\" data-settings=\"{&quot;background_background&quot;:&quot;slideshow&quot;,&quot;background_slideshow_gallery&quot;:[{&quot;id&quot;:3366,&quot;url&quot;:&quot;https:\\\/\\\/portdeportvendres.com\\\/wp-content\\\/uploads\\\/2024\\\/06\\\/pexels-polinachistyakova-18252686-e1718878580226.jpg&quot;},{&quot;id&quot;:3479,&quot;url&quot;:&quot;https:\\\/\\\/portdeportvendres.com\\\/wp-content\\\/uploads\\\/2024\\\/06\\\/pexels-cottonbro-5608066.jpg&quot;}],&quot;background_slideshow_ken_burns&quot;:&quot;yes&quot;,&quot;background_slideshow_loop&quot;:&quot;yes&quot;,&quot;background_slideshow_slide_duration&quot;:5000,&quot;background_slideshow_slide_transition&quot;:&quot;fade&quot;,&quot;background_slideshow_transition_duration&quot;:500,&quot;background_slideshow_ken_burns_zoom_direction&quot;:&quot;in&quot;}\">\n\t\t\t\t<\/div>\n\t\t\t\t\t<\/div>\n\t\t\t\t<\/div>\n\t\t<div class=\"elementor-element elementor-element-e70df5c e-flex e-con-boxed e-con e-parent\" data-id=\"e70df5c\" data-element_type=\"container\" data-e-type=\"container\" id=\"histoire\">\n\t\t\t\t\t<div class=\"e-con-inner\">\n\t\t<div class=\"elementor-element elementor-element-88bdc35 e-con-full e-flex e-con e-child\" data-id=\"88bdc35\" data-element_type=\"container\" data-e-type=\"container\" data-settings=\"{&quot;background_background&quot;:&quot;slideshow&quot;,&quot;background_slideshow_gallery&quot;:[{&quot;id&quot;:3948,&quot;url&quot;:&quot;https:\\\/\\\/portdeportvendres.com\\\/wp-content\\\/uploads\\\/2024\\\/07\\\/36725_Port-Vendres-CPV_130624-scaled.jpg&quot;}],&quot;background_slideshow_ken_burns&quot;:&quot;yes&quot;,&quot;background_slideshow_loop&quot;:&quot;yes&quot;,&quot;background_slideshow_slide_duration&quot;:5000,&quot;background_slideshow_slide_transition&quot;:&quot;fade&quot;,&quot;background_slideshow_transition_duration&quot;:500,&quot;background_slideshow_ken_burns_zoom_direction&quot;:&quot;in&quot;}\">\n\t\t\t\t<\/div>\n\t\t<div class=\"elementor-element elementor-element-54f3cb8 e-con-full e-flex e-con e-child\" data-id=\"54f3cb8\" data-element_type=\"container\" data-e-type=\"container\">\n\t\t\t\t<div class=\"elementor-element elementor-element-c3ce211 elementor-widget elementor-widget-heading\" data-id=\"c3ce211\" data-element_type=\"widget\" data-e-type=\"widget\" data-widget_type=\"heading.default\">\n\t\t\t\t<div class=\"elementor-widget-container\">\n\t\t\t\t\t<h2 class=\"elementor-heading-title elementor-size-default\">Hist\u00f2ria del port de pesca<\/h2>\t\t\t\t<\/div>\n\t\t\t\t<\/div>\n\t\t\t\t<div class=\"elementor-element elementor-element-3abf275 elementor-widget elementor-widget-text-editor\" data-id=\"3abf275\" data-element_type=\"widget\" data-e-type=\"widget\" data-widget_type=\"text-editor.default\">\n\t\t\t\t<div class=\"elementor-widget-container\">\n\t\t\t\t\t\t\t\t\t<p>Port-Vendres, hist\u00f2ric port de pesca, acull una <strong>dotzena de vaixells de pesca artesanal i tres tonyinaires<\/strong>, que abasteixen els restaurants locals. Una <strong>curta cadena<\/strong> de subministrament que garanteix la qualitat i frescor dels productes servits directament als molls.\u00a0<\/p>\t\t\t\t\t\t\t\t<\/div>\n\t\t\t\t<\/div>\n\t\t\t\t<\/div>\n\t\t\t\t\t<\/div>\n\t\t\t\t<\/div>\n\t\t\t\t<\/div>\n\t\t","protected":false},"excerpt":{"rendered":"<p>Descobrir el port de pesca El port de pesca de Port-Vendres ofereix venda de peix acabat de sortir de l&#8217;aigua en l&#8217;ambient genu\u00ed i acollidor tan caracter\u00edstic de les paradetes de pescadors! Del mar al plat &#8211; Venda directa al moll Alguns pescadors s\u00f3n presents als molls durant tot l&#8217;any, encara que el nombre de [&hellip;]<\/p>\n","protected":false},"author":2,"featured_media":4471,"parent":0,"menu_order":0,"comment_status":"closed","ping_status":"closed","template":"","meta":{"footnotes":""},"class_list":["post-5009","page","type-page","status-publish","has-post-thumbnail","hentry"],"yoast_head":"<!-- This site is optimized with the Yoast SEO plugin v27.3 - https:\/\/yoast.com\/product\/yoast-seo-wordpress\/ -->\n<title>Port de pesca sostenible de circuit curt a Port-Vendres.<\/title>\n<meta name=\"description\" content=\"Hist\u00f2ric, amb el nou moll del Patrimoni i din\u00e0mic amb pescadors tot l&#039;any, el port de pesca dona vida a la ciutat. Vine a visitar-lo!\" \/>\n<meta name=\"robots\" content=\"index, follow, max-snippet:-1, max-image-preview:large, max-video-preview:-1\" \/>\n<link rel=\"canonical\" href=\"https:\/\/portdeportvendres.com\/ca\/port-de-pesca\/\" \/>\n<meta property=\"og:locale\" content=\"ca_ES\" \/>\n<meta property=\"og:type\" content=\"article\" \/>\n<meta property=\"og:title\" content=\"Port de pesca sostenible de circuit curt a Port-Vendres.\" \/>\n<meta property=\"og:description\" content=\"Hist\u00f2ric, amb el nou moll del Patrimoni i din\u00e0mic amb pescadors tot l&#039;any, el port de pesca dona vida a la ciutat. Vine a visitar-lo!\" \/>\n<meta property=\"og:url\" content=\"https:\/\/portdeportvendres.com\/ca\/port-de-pesca\/\" \/>\n<meta property=\"og:site_name\" content=\"Port de Port-vendres\" \/>\n<meta property=\"article:publisher\" content=\"https:\/\/www.facebook.com\/PortDePortVendres\/\" \/>\n<meta property=\"article:modified_time\" content=\"2025-02-12T09:27:39+00:00\" \/>\n<meta property=\"og:image\" content=\"https:\/\/portdeportvendres.com\/wp-content\/uploads\/2024\/06\/36727_Port-Vendres-CPV_130624.jpg\" \/>\n\t<meta property=\"og:image:width\" content=\"1200\" \/>\n\t<meta property=\"og:image:height\" content=\"799\" \/>\n\t<meta property=\"og:image:type\" content=\"image\/jpeg\" \/>\n<meta name=\"twitter:card\" content=\"summary_large_image\" \/>\n<meta name=\"twitter:label1\" content=\"Temps estimat de lectura\" \/>\n\t<meta name=\"twitter:data1\" content=\"2 minuts\" \/>\n<script type=\"application\/ld+json\" class=\"yoast-schema-graph\">{\"@context\":\"https:\\\/\\\/schema.org\",\"@graph\":[{\"@type\":\"WebPage\",\"@id\":\"https:\\\/\\\/portdeportvendres.com\\\/ca\\\/port-de-pesca\\\/\",\"url\":\"https:\\\/\\\/portdeportvendres.com\\\/ca\\\/port-de-pesca\\\/\",\"name\":\"Port de pesca sostenible de circuit curt a Port-Vendres.\",\"isPartOf\":{\"@id\":\"https:\\\/\\\/portdeportvendres.com\\\/ca\\\/#website\"},\"primaryImageOfPage\":{\"@id\":\"https:\\\/\\\/portdeportvendres.com\\\/ca\\\/port-de-pesca\\\/#primaryimage\"},\"image\":{\"@id\":\"https:\\\/\\\/portdeportvendres.com\\\/ca\\\/port-de-pesca\\\/#primaryimage\"},\"thumbnailUrl\":\"https:\\\/\\\/portdeportvendres.com\\\/wp-content\\\/uploads\\\/2024\\\/06\\\/36727_Port-Vendres-CPV_130624.jpg\",\"datePublished\":\"2024-05-16T08:46:02+00:00\",\"dateModified\":\"2025-02-12T09:27:39+00:00\",\"description\":\"Hist\u00f2ric, amb el nou moll del Patrimoni i din\u00e0mic amb pescadors tot l'any, el port de pesca dona vida a la ciutat. Vine a visitar-lo!\",\"breadcrumb\":{\"@id\":\"https:\\\/\\\/portdeportvendres.com\\\/ca\\\/port-de-pesca\\\/#breadcrumb\"},\"inLanguage\":\"ca\",\"potentialAction\":[{\"@type\":\"ReadAction\",\"target\":[\"https:\\\/\\\/portdeportvendres.com\\\/ca\\\/port-de-pesca\\\/\"]}]},{\"@type\":\"ImageObject\",\"inLanguage\":\"ca\",\"@id\":\"https:\\\/\\\/portdeportvendres.com\\\/ca\\\/port-de-pesca\\\/#primaryimage\",\"url\":\"https:\\\/\\\/portdeportvendres.com\\\/wp-content\\\/uploads\\\/2024\\\/06\\\/36727_Port-Vendres-CPV_130624.jpg\",\"contentUrl\":\"https:\\\/\\\/portdeportvendres.com\\\/wp-content\\\/uploads\\\/2024\\\/06\\\/36727_Port-Vendres-CPV_130624.jpg\",\"width\":1200,\"height\":799,\"caption\":\"(66) Pyrenees-Orientales: Port-Vendres, le port pour Compagnie Port-Vendraise.\"},{\"@type\":\"BreadcrumbList\",\"@id\":\"https:\\\/\\\/portdeportvendres.com\\\/ca\\\/port-de-pesca\\\/#breadcrumb\",\"itemListElement\":[{\"@type\":\"ListItem\",\"position\":1,\"name\":\"Home\",\"item\":\"https:\\\/\\\/portdeportvendres.com\\\/ca\\\/\"},{\"@type\":\"ListItem\",\"position\":2,\"name\":\"Port de pesca\"}]},{\"@type\":\"WebSite\",\"@id\":\"https:\\\/\\\/portdeportvendres.com\\\/ca\\\/#website\",\"url\":\"https:\\\/\\\/portdeportvendres.com\\\/ca\\\/\",\"name\":\"Port de Port-vendres\",\"description\":\"\",\"publisher\":{\"@id\":\"https:\\\/\\\/portdeportvendres.com\\\/ca\\\/#organization\"},\"potentialAction\":[{\"@type\":\"SearchAction\",\"target\":{\"@type\":\"EntryPoint\",\"urlTemplate\":\"https:\\\/\\\/portdeportvendres.com\\\/ca\\\/?s={search_term_string}\"},\"query-input\":{\"@type\":\"PropertyValueSpecification\",\"valueRequired\":true,\"valueName\":\"search_term_string\"}}],\"inLanguage\":\"ca\"},{\"@type\":\"Organization\",\"@id\":\"https:\\\/\\\/portdeportvendres.com\\\/ca\\\/#organization\",\"name\":\"Port de Port-Vendres\",\"url\":\"https:\\\/\\\/portdeportvendres.com\\\/ca\\\/\",\"logo\":{\"@type\":\"ImageObject\",\"inLanguage\":\"ca\",\"@id\":\"https:\\\/\\\/portdeportvendres.com\\\/ca\\\/#\\\/schema\\\/logo\\\/image\\\/\",\"url\":\"https:\\\/\\\/portdeportvendres.com\\\/wp-content\\\/uploads\\\/2024\\\/04\\\/Logo-Compagnie-PV_Gris_Bleu_Vecto.svg\",\"contentUrl\":\"https:\\\/\\\/portdeportvendres.com\\\/wp-content\\\/uploads\\\/2024\\\/04\\\/Logo-Compagnie-PV_Gris_Bleu_Vecto.svg\",\"width\":673,\"height\":205,\"caption\":\"Port de Port-Vendres\"},\"image\":{\"@id\":\"https:\\\/\\\/portdeportvendres.com\\\/ca\\\/#\\\/schema\\\/logo\\\/image\\\/\"},\"sameAs\":[\"https:\\\/\\\/www.facebook.com\\\/PortDePortVendres\\\/\",\"https:\\\/\\\/www.instagram.com\\\/port_de_portvendres_officiel\\\/\"]}]}<\/script>\n<!-- \/ Yoast SEO plugin. -->","yoast_head_json":{"title":"Port de pesca sostenible de circuit curt a Port-Vendres.","description":"Hist\u00f2ric, amb el nou moll del Patrimoni i din\u00e0mic amb pescadors tot l'any, el port de pesca dona vida a la ciutat. Vine a visitar-lo!","robots":{"index":"index","follow":"follow","max-snippet":"max-snippet:-1","max-image-preview":"max-image-preview:large","max-video-preview":"max-video-preview:-1"},"canonical":"https:\/\/portdeportvendres.com\/ca\/port-de-pesca\/","og_locale":"ca_ES","og_type":"article","og_title":"Port de pesca sostenible de circuit curt a Port-Vendres.","og_description":"Hist\u00f2ric, amb el nou moll del Patrimoni i din\u00e0mic amb pescadors tot l'any, el port de pesca dona vida a la ciutat. Vine a visitar-lo!","og_url":"https:\/\/portdeportvendres.com\/ca\/port-de-pesca\/","og_site_name":"Port de Port-vendres","article_publisher":"https:\/\/www.facebook.com\/PortDePortVendres\/","article_modified_time":"2025-02-12T09:27:39+00:00","og_image":[{"width":1200,"height":799,"url":"https:\/\/portdeportvendres.com\/wp-content\/uploads\/2024\/06\/36727_Port-Vendres-CPV_130624.jpg","type":"image\/jpeg"}],"twitter_card":"summary_large_image","twitter_misc":{"Temps estimat de lectura":"2 minuts"},"schema":{"@context":"https:\/\/schema.org","@graph":[{"@type":"WebPage","@id":"https:\/\/portdeportvendres.com\/ca\/port-de-pesca\/","url":"https:\/\/portdeportvendres.com\/ca\/port-de-pesca\/","name":"Port de pesca sostenible de circuit curt a Port-Vendres.","isPartOf":{"@id":"https:\/\/portdeportvendres.com\/ca\/#website"},"primaryImageOfPage":{"@id":"https:\/\/portdeportvendres.com\/ca\/port-de-pesca\/#primaryimage"},"image":{"@id":"https:\/\/portdeportvendres.com\/ca\/port-de-pesca\/#primaryimage"},"thumbnailUrl":"https:\/\/portdeportvendres.com\/wp-content\/uploads\/2024\/06\/36727_Port-Vendres-CPV_130624.jpg","datePublished":"2024-05-16T08:46:02+00:00","dateModified":"2025-02-12T09:27:39+00:00","description":"Hist\u00f2ric, amb el nou moll del Patrimoni i din\u00e0mic amb pescadors tot l'any, el port de pesca dona vida a la ciutat. Vine a visitar-lo!","breadcrumb":{"@id":"https:\/\/portdeportvendres.com\/ca\/port-de-pesca\/#breadcrumb"},"inLanguage":"ca","potentialAction":[{"@type":"ReadAction","target":["https:\/\/portdeportvendres.com\/ca\/port-de-pesca\/"]}]},{"@type":"ImageObject","inLanguage":"ca","@id":"https:\/\/portdeportvendres.com\/ca\/port-de-pesca\/#primaryimage","url":"https:\/\/portdeportvendres.com\/wp-content\/uploads\/2024\/06\/36727_Port-Vendres-CPV_130624.jpg","contentUrl":"https:\/\/portdeportvendres.com\/wp-content\/uploads\/2024\/06\/36727_Port-Vendres-CPV_130624.jpg","width":1200,"height":799,"caption":"(66) Pyrenees-Orientales: Port-Vendres, le port pour Compagnie Port-Vendraise."},{"@type":"BreadcrumbList","@id":"https:\/\/portdeportvendres.com\/ca\/port-de-pesca\/#breadcrumb","itemListElement":[{"@type":"ListItem","position":1,"name":"Home","item":"https:\/\/portdeportvendres.com\/ca\/"},{"@type":"ListItem","position":2,"name":"Port de pesca"}]},{"@type":"WebSite","@id":"https:\/\/portdeportvendres.com\/ca\/#website","url":"https:\/\/portdeportvendres.com\/ca\/","name":"Port de Port-vendres","description":"","publisher":{"@id":"https:\/\/portdeportvendres.com\/ca\/#organization"},"potentialAction":[{"@type":"SearchAction","target":{"@type":"EntryPoint","urlTemplate":"https:\/\/portdeportvendres.com\/ca\/?s={search_term_string}"},"query-input":{"@type":"PropertyValueSpecification","valueRequired":true,"valueName":"search_term_string"}}],"inLanguage":"ca"},{"@type":"Organization","@id":"https:\/\/portdeportvendres.com\/ca\/#organization","name":"Port de Port-Vendres","url":"https:\/\/portdeportvendres.com\/ca\/","logo":{"@type":"ImageObject","inLanguage":"ca","@id":"https:\/\/portdeportvendres.com\/ca\/#\/schema\/logo\/image\/","url":"https:\/\/portdeportvendres.com\/wp-content\/uploads\/2024\/04\/Logo-Compagnie-PV_Gris_Bleu_Vecto.svg","contentUrl":"https:\/\/portdeportvendres.com\/wp-content\/uploads\/2024\/04\/Logo-Compagnie-PV_Gris_Bleu_Vecto.svg","width":673,"height":205,"caption":"Port de Port-Vendres"},"image":{"@id":"https:\/\/portdeportvendres.com\/ca\/#\/schema\/logo\/image\/"},"sameAs":["https:\/\/www.facebook.com\/PortDePortVendres\/","https:\/\/www.instagram.com\/port_de_portvendres_officiel\/"]}]}},"_links":{"self":[{"href":"https:\/\/portdeportvendres.com\/ca\/wp-json\/wp\/v2\/pages\/5009","targetHints":{"allow":["GET"]}}],"collection":[{"href":"https:\/\/portdeportvendres.com\/ca\/wp-json\/wp\/v2\/pages"}],"about":[{"href":"https:\/\/portdeportvendres.com\/ca\/wp-json\/wp\/v2\/types\/page"}],"author":[{"embeddable":true,"href":"https:\/\/portdeportvendres.com\/ca\/wp-json\/wp\/v2\/users\/2"}],"replies":[{"embeddable":true,"href":"https:\/\/portdeportvendres.com\/ca\/wp-json\/wp\/v2\/comments?post=5009"}],"version-history":[{"count":4,"href":"https:\/\/portdeportvendres.com\/ca\/wp-json\/wp\/v2\/pages\/5009\/revisions"}],"predecessor-version":[{"id":5079,"href":"https:\/\/portdeportvendres.com\/ca\/wp-json\/wp\/v2\/pages\/5009\/revisions\/5079"}],"wp:featuredmedia":[{"embeddable":true,"href":"https:\/\/portdeportvendres.com\/ca\/wp-json\/wp\/v2\/media\/4471"}],"wp:attachment":[{"href":"https:\/\/portdeportvendres.com\/ca\/wp-json\/wp\/v2\/media?parent=5009"}],"curies":[{"name":"wp","href":"https:\/\/api.w.org\/{rel}","templated":true}]}}