{"id":5049,"date":"2024-05-16T08:46:03","date_gmt":"2024-05-16T08:46:03","guid":{"rendered":"https:\/\/portdeportvendres.com\/place-a-lannee\/"},"modified":"2025-02-12T09:27:03","modified_gmt":"2025-02-12T09:27:03","slug":"amarratge-durant-tot-lany","status":"publish","type":"page","link":"https:\/\/portdeportvendres.com\/ca\/amarratge-durant-tot-lany\/","title":{"rendered":"Amarratge durant tot l&#8217;any"},"content":{"rendered":"\t\t<div data-elementor-type=\"wp-page\" data-elementor-id=\"5049\" class=\"elementor elementor-5049 elementor-102\" data-elementor-post-type=\"page\">\n\t\t\t\t<div class=\"elementor-element elementor-element-7e45691 e-flex e-con-boxed e-con e-parent\" data-id=\"7e45691\" data-element_type=\"container\" data-e-type=\"container\" data-settings=\"{&quot;background_background&quot;:&quot;classic&quot;}\">\n\t\t\t\t\t<div class=\"e-con-inner\">\n\t\t\t\t<div class=\"elementor-element elementor-element-4c0495f elementor-widget elementor-widget-image\" data-id=\"4c0495f\" data-element_type=\"widget\" data-e-type=\"widget\" data-widget_type=\"image.default\">\n\t\t\t\t<div class=\"elementor-widget-container\">\n\t\t\t\t\t\t\t\t\t\t\t\t\t\t\t<img fetchpriority=\"high\" decoding=\"async\" width=\"627\" height=\"398\" src=\"https:\/\/portdeportvendres.com\/wp-content\/uploads\/2024\/04\/ligne.png\" class=\"attachment-full size-full wp-image-4162\" alt=\"\" srcset=\"https:\/\/portdeportvendres.com\/wp-content\/uploads\/2024\/04\/ligne.png 627w, https:\/\/portdeportvendres.com\/wp-content\/uploads\/2024\/04\/ligne-300x190.png 300w\" sizes=\"(max-width: 627px) 100vw, 627px\" \/>\t\t\t\t\t\t\t\t\t\t\t\t\t\t\t<\/div>\n\t\t\t\t<\/div>\n\t\t\t\t\t<\/div>\n\t\t\t\t<\/div>\n\t\t<div class=\"elementor-element elementor-element-e871ec2 e-flex e-con-boxed e-con e-parent\" data-id=\"e871ec2\" data-element_type=\"container\" data-e-type=\"container\">\n\t\t\t\t\t<div class=\"e-con-inner\">\n\t\t\t\t<div class=\"elementor-element elementor-element-5baecc0 elementor-widget elementor-widget-heading\" data-id=\"5baecc0\" data-element_type=\"widget\" data-e-type=\"widget\" data-widget_type=\"heading.default\">\n\t\t\t\t<div class=\"elementor-widget-container\">\n\t\t\t\t\t<h1 class=\"elementor-heading-title elementor-size-default\">Amarratge durant tot l'any<\/h1>\t\t\t\t<\/div>\n\t\t\t\t<\/div>\n\t\t\t\t<div class=\"elementor-element elementor-element-b3b55e0 elementor-widget elementor-widget-text-editor\" data-id=\"b3b55e0\" data-element_type=\"widget\" data-e-type=\"widget\" data-widget_type=\"text-editor.default\">\n\t\t\t\t<div class=\"elementor-widget-container\">\n\t\t\t\t\t\t\t\t\t<p>Esteu pensant en un<strong> amarratge permanent<\/strong> per a la vostra embarcaci\u00f3? Apunteu-vos a la nostra <strong>llista d&#8217;espera<\/strong> a trav\u00e9s del portal d&#8217;Aliz\u00e9e o posant-vos en contacte amb nosaltres per correu electr\u00f2nic a <a href=\"mailto:y.lecomte@cpv.port.fr\">y.lecomte@cpv.port.fr<\/a>.<\/p><p>Teniu un contracte anual o de temporada? Utilitzeu el portal d&#8217;Aliz\u00e9e per gestionar la vostra informaci\u00f3 personal i pagar amb targeta de cr\u00e8dit.<\/p>\t\t\t\t\t\t\t\t<\/div>\n\t\t\t\t<\/div>\n\t\t\t\t<div class=\"elementor-element elementor-element-3df477b elementor-align-center elementor-mobile-align-left elementor-widget-mobile__width-auto elementor-widget elementor-widget-button\" data-id=\"3df477b\" data-element_type=\"widget\" data-e-type=\"widget\" data-widget_type=\"button.default\">\n\t\t\t\t<div class=\"elementor-widget-container\">\n\t\t\t\t\t\t\t\t\t<div class=\"elementor-button-wrapper\">\n\t\t\t\t\t<a class=\"elementor-button elementor-button-link elementor-size-sm\" href=\"https:\/\/www.navily.com\/fr\/port\/port-vendres\/36\/book\" target=\"_blank\">\n\t\t\t\t\t\t<span class=\"elementor-button-content-wrapper\">\n\t\t\t\t\t\t<span class=\"elementor-button-icon\">\n\t\t\t\t<svg xmlns=\"http:\/\/www.w3.org\/2000\/svg\" viewBox=\"0 0 64 64\" width=\"512\" height=\"512\"><g id=\"Layer_32\" data-name=\"Layer 32\"><path d=\"M50.67,34.67a2,2,0,0,0-2,2V58H6V15.33H27.33a2,2,0,0,0,0-4H4a2,2,0,0,0-2,2V60a2,2,0,0,0,2,2H50.67a2,2,0,0,0,2-2V36.67A2,2,0,0,0,50.67,34.67Z\"><\/path><path d=\"M62,3.61A2,2,0,0,0,60,2H38.22a2,2,0,0,0,0,4h17L25.92,35.25a2,2,0,0,0,2.83,2.83L58,8.83v17a2,2,0,0,0,4,0V4A1.72,1.72,0,0,0,62,3.61Z\"><\/path><\/g><\/svg>\t\t\t<\/span>\n\t\t\t\t\t\t\t\t\t<span class=\"elementor-button-text\">Accedir al portal Aliz\u00e9e<\/span>\n\t\t\t\t\t<\/span>\n\t\t\t\t\t<\/a>\n\t\t\t\t<\/div>\n\t\t\t\t\t\t\t\t<\/div>\n\t\t\t\t<\/div>\n\t\t\t\t\t<\/div>\n\t\t\t\t<\/div>\n\t\t<div class=\"elementor-element elementor-element-698fb7d elementor-hidden-desktop elementor-hidden-tablet elementor-hidden-mobile e-flex e-con-boxed e-con e-parent\" data-id=\"698fb7d\" data-element_type=\"container\" data-e-type=\"container\">\n\t\t\t\t\t<div class=\"e-con-inner\">\n\t\t<div class=\"elementor-element elementor-element-1a428e7 e-con-full e-flex e-con e-child\" data-id=\"1a428e7\" data-element_type=\"container\" data-e-type=\"container\">\n\t\t\t\t<div class=\"elementor-element elementor-element-4eff9c7 elementor-widget elementor-widget-heading\" data-id=\"4eff9c7\" data-element_type=\"widget\" data-e-type=\"widget\" data-widget_type=\"heading.default\">\n\t\t\t\t<div class=\"elementor-widget-container\">\n\t\t\t\t\t<h2 class=\"elementor-heading-title elementor-size-default\">Place de port \u00e0 sec<\/h2>\t\t\t\t<\/div>\n\t\t\t\t<\/div>\n\t\t\t\t<div class=\"elementor-element elementor-element-7aaad85 elementor-widget elementor-widget-text-editor\" data-id=\"7aaad85\" data-element_type=\"widget\" data-e-type=\"widget\" data-widget_type=\"text-editor.default\">\n\t\t\t\t<div class=\"elementor-widget-container\">\n\t\t\t\t\t\t\t\t\t<p>Notre port \u00e0 sec sera prochainement disponible. Il sera situ\u00e9 xxxx et disposera d&#8217;environ XXX places.<\/p>\t\t\t\t\t\t\t\t<\/div>\n\t\t\t\t<\/div>\n\t\t\t\t<div class=\"elementor-element elementor-element-f458fb7 elementor-align-left elementor-tablet-align-center elementor-mobile-align-left elementor-widget-tablet__width-inherit elementor-widget elementor-widget-button\" data-id=\"f458fb7\" data-element_type=\"widget\" data-e-type=\"widget\" data-widget_type=\"button.default\">\n\t\t\t\t<div class=\"elementor-widget-container\">\n\t\t\t\t\t\t\t\t\t<div class=\"elementor-button-wrapper\">\n\t\t\t\t\t<a class=\"elementor-button elementor-button-link elementor-size-sm\" href=\"https:\/\/portdeportvendres.com\/ca\/contacte\/\">\n\t\t\t\t\t\t<span class=\"elementor-button-content-wrapper\">\n\t\t\t\t\t\t\t\t\t<span class=\"elementor-button-text\">Prendre contact<\/span>\n\t\t\t\t\t<\/span>\n\t\t\t\t\t<\/a>\n\t\t\t\t<\/div>\n\t\t\t\t\t\t\t\t<\/div>\n\t\t\t\t<\/div>\n\t\t\t\t<\/div>\n\t\t<div class=\"elementor-element elementor-element-e617fda e-con-full e-flex e-con e-child\" data-id=\"e617fda\" data-element_type=\"container\" data-e-type=\"container\" data-settings=\"{&quot;background_background&quot;:&quot;slideshow&quot;,&quot;background_slideshow_gallery&quot;:[{&quot;id&quot;:312,&quot;url&quot;:&quot;http:\\\/\\\/portdeportvendres.com\\\/wp-content\\\/uploads\\\/2024\\\/04\\\/29766_Belem-Port-Vendres_080319-7.png&quot;},{&quot;id&quot;:319,&quot;url&quot;:&quot;http:\\\/\\\/portdeportvendres.com\\\/wp-content\\\/uploads\\\/2024\\\/04\\\/29766_Belem-Port-Vendres_080319-8.png&quot;},{&quot;id&quot;:182,&quot;url&quot;:&quot;http:\\\/\\\/portdeportvendres.com\\\/wp-content\\\/uploads\\\/2024\\\/04\\\/29766_Belem-Port-Vendres_080319-1.png&quot;}],&quot;background_slideshow_ken_burns&quot;:&quot;yes&quot;,&quot;background_slideshow_loop&quot;:&quot;yes&quot;,&quot;background_slideshow_slide_duration&quot;:5000,&quot;background_slideshow_slide_transition&quot;:&quot;fade&quot;,&quot;background_slideshow_transition_duration&quot;:500,&quot;background_slideshow_ken_burns_zoom_direction&quot;:&quot;in&quot;}\">\n\t\t\t\t<\/div>\n\t\t\t\t\t<\/div>\n\t\t\t\t<\/div>\n\t\t<div class=\"elementor-element elementor-element-f13b355 e-con-full e-flex e-con e-parent\" data-id=\"f13b355\" data-element_type=\"container\" data-e-type=\"container\">\n\t\t<div class=\"elementor-element elementor-element-3fc82f4 e-con-full e-flex e-con e-child\" data-id=\"3fc82f4\" data-element_type=\"container\" data-e-type=\"container\" data-settings=\"{&quot;background_background&quot;:&quot;classic&quot;}\">\n\t\t\t\t<div class=\"elementor-element elementor-element-ed3c944 elementor-widget elementor-widget-heading\" data-id=\"ed3c944\" data-element_type=\"widget\" data-e-type=\"widget\" data-widget_type=\"heading.default\">\n\t\t\t\t<div class=\"elementor-widget-container\">\n\t\t\t\t\t<h2 class=\"elementor-heading-title elementor-size-default\">Zona de carenat \n<i>i manteniment<\/i><\/h2>\t\t\t\t<\/div>\n\t\t\t\t<\/div>\n\t\t\t\t<div class=\"elementor-element elementor-element-2674e99 elementor-widget elementor-widget-text-editor\" data-id=\"2674e99\" data-element_type=\"widget\" data-e-type=\"widget\" data-widget_type=\"text-editor.default\">\n\t\t\t\t<div class=\"elementor-widget-container\">\n\t\t\t\t\t\t\t\t\t<p>Paci\u00e8ncia! La nostra zona de carenat i manteniment est\u00e0 actualment en construcci\u00f3. Si voleu saber-ne m\u00e9s, no dubteu a posar-vos en contacte amb el port per informar-vos sobre l&#8217;evoluci\u00f3 del projecte.<\/p>\t\t\t\t\t\t\t\t<\/div>\n\t\t\t\t<\/div>\n\t\t\t\t<div class=\"elementor-element elementor-element-3a0a3bd elementor-align-left elementor-mobile-align-left elementor-widget-tablet__width-inherit elementor-widget elementor-widget-button\" data-id=\"3a0a3bd\" data-element_type=\"widget\" data-e-type=\"widget\" data-widget_type=\"button.default\">\n\t\t\t\t<div class=\"elementor-widget-container\">\n\t\t\t\t\t\t\t\t\t<div class=\"elementor-button-wrapper\">\n\t\t\t\t\t<a class=\"elementor-button elementor-button-link elementor-size-sm\" href=\"https:\/\/portdeportvendres.com\/ca\/zona-de-carenat\/\">\n\t\t\t\t\t\t<span class=\"elementor-button-content-wrapper\">\n\t\t\t\t\t\t\t\t\t<span class=\"elementor-button-text\">Saber-ne m\u00e9s<\/span>\n\t\t\t\t\t<\/span>\n\t\t\t\t\t<\/a>\n\t\t\t\t<\/div>\n\t\t\t\t\t\t\t\t<\/div>\n\t\t\t\t<\/div>\n\t\t\t\t<\/div>\n\t\t<div class=\"elementor-element elementor-element-42e3c32 e-con-full e-flex e-con e-child\" data-id=\"42e3c32\" data-element_type=\"container\" data-e-type=\"container\" data-settings=\"{&quot;background_background&quot;:&quot;slideshow&quot;,&quot;background_slideshow_gallery&quot;:[{&quot;id&quot;:3311,&quot;url&quot;:&quot;https:\\\/\\\/portdeportvendres.com\\\/wp-content\\\/uploads\\\/2024\\\/06\\\/36685_Pt-Vendres-CPV_110524.jpg&quot;}],&quot;background_slideshow_ken_burns&quot;:&quot;yes&quot;,&quot;background_slideshow_loop&quot;:&quot;yes&quot;,&quot;background_slideshow_slide_duration&quot;:5000,&quot;background_slideshow_slide_transition&quot;:&quot;fade&quot;,&quot;background_slideshow_transition_duration&quot;:500,&quot;background_slideshow_ken_burns_zoom_direction&quot;:&quot;in&quot;}\">\n\t\t\t\t<\/div>\n\t\t\t\t<\/div>\n\t\t\t\t<\/div>\n\t\t","protected":false},"excerpt":{"rendered":"<p>Amarratge durant tot l&#8217;any Esteu pensant en un amarratge permanent per a la vostra embarcaci\u00f3? Apunteu-vos a la nostra llista d&#8217;espera a trav\u00e9s del portal d&#8217;Aliz\u00e9e o posant-vos en contacte amb nosaltres per correu electr\u00f2nic a y.lecomte@cpv.port.fr. Teniu un contracte anual o de temporada? Utilitzeu el portal d&#8217;Aliz\u00e9e per gestionar la vostra informaci\u00f3 personal i [&hellip;]<\/p>\n","protected":false},"author":2,"featured_media":0,"parent":0,"menu_order":0,"comment_status":"closed","ping_status":"closed","template":"","meta":{"footnotes":""},"class_list":["post-5049","page","type-page","status-publish","hentry"],"yoast_head":"<!-- This site is optimized with the Yoast SEO plugin v27.3 - https:\/\/yoast.com\/product\/yoast-seo-wordpress\/ -->\n<title>Plaza anual a Port-Vendres, qu\u00e8 cal fer per reservar-la?<\/title>\n<meta name=\"description\" content=\"Com en tots els ports de renom, la llista d&#039;espera per una pla\u00e7a anual \u00e9s llarga. Contacta amb el port aqu\u00ed per apuntar-t&#039;hi.\" \/>\n<meta name=\"robots\" content=\"index, follow, max-snippet:-1, max-image-preview:large, max-video-preview:-1\" \/>\n<link rel=\"canonical\" href=\"https:\/\/portdeportvendres.com\/ca\/amarratge-durant-tot-lany\/\" \/>\n<meta property=\"og:locale\" content=\"ca_ES\" \/>\n<meta property=\"og:type\" content=\"article\" \/>\n<meta property=\"og:title\" content=\"Plaza anual a Port-Vendres, qu\u00e8 cal fer per reservar-la?\" \/>\n<meta property=\"og:description\" content=\"Com en tots els ports de renom, la llista d&#039;espera per una pla\u00e7a anual \u00e9s llarga. Contacta amb el port aqu\u00ed per apuntar-t&#039;hi.\" \/>\n<meta property=\"og:url\" content=\"https:\/\/portdeportvendres.com\/ca\/amarratge-durant-tot-lany\/\" \/>\n<meta property=\"og:site_name\" content=\"Port de Port-vendres\" \/>\n<meta property=\"article:publisher\" content=\"https:\/\/www.facebook.com\/PortDePortVendres\/\" \/>\n<meta property=\"article:modified_time\" content=\"2025-02-12T09:27:03+00:00\" \/>\n<meta property=\"og:image\" content=\"https:\/\/portdeportvendres.com\/wp-content\/uploads\/2024\/04\/ligne.png\" \/>\n<meta name=\"twitter:card\" content=\"summary_large_image\" \/>\n<meta name=\"twitter:label1\" content=\"Temps estimat de lectura\" \/>\n\t<meta name=\"twitter:data1\" content=\"1 minut\" \/>\n<script type=\"application\/ld+json\" class=\"yoast-schema-graph\">{\"@context\":\"https:\\\/\\\/schema.org\",\"@graph\":[{\"@type\":\"WebPage\",\"@id\":\"https:\\\/\\\/portdeportvendres.com\\\/ca\\\/amarratge-durant-tot-lany\\\/\",\"url\":\"https:\\\/\\\/portdeportvendres.com\\\/ca\\\/amarratge-durant-tot-lany\\\/\",\"name\":\"Plaza anual a Port-Vendres, qu\u00e8 cal fer per reservar-la?\",\"isPartOf\":{\"@id\":\"https:\\\/\\\/portdeportvendres.com\\\/ca\\\/#website\"},\"primaryImageOfPage\":{\"@id\":\"https:\\\/\\\/portdeportvendres.com\\\/ca\\\/amarratge-durant-tot-lany\\\/#primaryimage\"},\"image\":{\"@id\":\"https:\\\/\\\/portdeportvendres.com\\\/ca\\\/amarratge-durant-tot-lany\\\/#primaryimage\"},\"thumbnailUrl\":\"https:\\\/\\\/portdeportvendres.com\\\/wp-content\\\/uploads\\\/2024\\\/04\\\/ligne.png\",\"datePublished\":\"2024-05-16T08:46:03+00:00\",\"dateModified\":\"2025-02-12T09:27:03+00:00\",\"description\":\"Com en tots els ports de renom, la llista d'espera per una pla\u00e7a anual \u00e9s llarga. Contacta amb el port aqu\u00ed per apuntar-t'hi.\",\"breadcrumb\":{\"@id\":\"https:\\\/\\\/portdeportvendres.com\\\/ca\\\/amarratge-durant-tot-lany\\\/#breadcrumb\"},\"inLanguage\":\"ca\",\"potentialAction\":[{\"@type\":\"ReadAction\",\"target\":[\"https:\\\/\\\/portdeportvendres.com\\\/ca\\\/amarratge-durant-tot-lany\\\/\"]}]},{\"@type\":\"ImageObject\",\"inLanguage\":\"ca\",\"@id\":\"https:\\\/\\\/portdeportvendres.com\\\/ca\\\/amarratge-durant-tot-lany\\\/#primaryimage\",\"url\":\"https:\\\/\\\/portdeportvendres.com\\\/wp-content\\\/uploads\\\/2024\\\/04\\\/ligne.png\",\"contentUrl\":\"https:\\\/\\\/portdeportvendres.com\\\/wp-content\\\/uploads\\\/2024\\\/04\\\/ligne.png\"},{\"@type\":\"BreadcrumbList\",\"@id\":\"https:\\\/\\\/portdeportvendres.com\\\/ca\\\/amarratge-durant-tot-lany\\\/#breadcrumb\",\"itemListElement\":[{\"@type\":\"ListItem\",\"position\":1,\"name\":\"Home\",\"item\":\"https:\\\/\\\/portdeportvendres.com\\\/ca\\\/\"},{\"@type\":\"ListItem\",\"position\":2,\"name\":\"Amarratge durant tot l&rsquo;any\"}]},{\"@type\":\"WebSite\",\"@id\":\"https:\\\/\\\/portdeportvendres.com\\\/ca\\\/#website\",\"url\":\"https:\\\/\\\/portdeportvendres.com\\\/ca\\\/\",\"name\":\"Port de Port-vendres\",\"description\":\"\",\"publisher\":{\"@id\":\"https:\\\/\\\/portdeportvendres.com\\\/ca\\\/#organization\"},\"potentialAction\":[{\"@type\":\"SearchAction\",\"target\":{\"@type\":\"EntryPoint\",\"urlTemplate\":\"https:\\\/\\\/portdeportvendres.com\\\/ca\\\/?s={search_term_string}\"},\"query-input\":{\"@type\":\"PropertyValueSpecification\",\"valueRequired\":true,\"valueName\":\"search_term_string\"}}],\"inLanguage\":\"ca\"},{\"@type\":\"Organization\",\"@id\":\"https:\\\/\\\/portdeportvendres.com\\\/ca\\\/#organization\",\"name\":\"Port de Port-Vendres\",\"url\":\"https:\\\/\\\/portdeportvendres.com\\\/ca\\\/\",\"logo\":{\"@type\":\"ImageObject\",\"inLanguage\":\"ca\",\"@id\":\"https:\\\/\\\/portdeportvendres.com\\\/ca\\\/#\\\/schema\\\/logo\\\/image\\\/\",\"url\":\"https:\\\/\\\/portdeportvendres.com\\\/wp-content\\\/uploads\\\/2024\\\/04\\\/Logo-Compagnie-PV_Gris_Bleu_Vecto.svg\",\"contentUrl\":\"https:\\\/\\\/portdeportvendres.com\\\/wp-content\\\/uploads\\\/2024\\\/04\\\/Logo-Compagnie-PV_Gris_Bleu_Vecto.svg\",\"width\":673,\"height\":205,\"caption\":\"Port de Port-Vendres\"},\"image\":{\"@id\":\"https:\\\/\\\/portdeportvendres.com\\\/ca\\\/#\\\/schema\\\/logo\\\/image\\\/\"},\"sameAs\":[\"https:\\\/\\\/www.facebook.com\\\/PortDePortVendres\\\/\",\"https:\\\/\\\/www.instagram.com\\\/port_de_portvendres_officiel\\\/\"]}]}<\/script>\n<!-- \/ Yoast SEO plugin. -->","yoast_head_json":{"title":"Plaza anual a Port-Vendres, qu\u00e8 cal fer per reservar-la?","description":"Com en tots els ports de renom, la llista d'espera per una pla\u00e7a anual \u00e9s llarga. Contacta amb el port aqu\u00ed per apuntar-t'hi.","robots":{"index":"index","follow":"follow","max-snippet":"max-snippet:-1","max-image-preview":"max-image-preview:large","max-video-preview":"max-video-preview:-1"},"canonical":"https:\/\/portdeportvendres.com\/ca\/amarratge-durant-tot-lany\/","og_locale":"ca_ES","og_type":"article","og_title":"Plaza anual a Port-Vendres, qu\u00e8 cal fer per reservar-la?","og_description":"Com en tots els ports de renom, la llista d'espera per una pla\u00e7a anual \u00e9s llarga. Contacta amb el port aqu\u00ed per apuntar-t'hi.","og_url":"https:\/\/portdeportvendres.com\/ca\/amarratge-durant-tot-lany\/","og_site_name":"Port de Port-vendres","article_publisher":"https:\/\/www.facebook.com\/PortDePortVendres\/","article_modified_time":"2025-02-12T09:27:03+00:00","og_image":[{"url":"https:\/\/portdeportvendres.com\/wp-content\/uploads\/2024\/04\/ligne.png","type":"","width":"","height":""}],"twitter_card":"summary_large_image","twitter_misc":{"Temps estimat de lectura":"1 minut"},"schema":{"@context":"https:\/\/schema.org","@graph":[{"@type":"WebPage","@id":"https:\/\/portdeportvendres.com\/ca\/amarratge-durant-tot-lany\/","url":"https:\/\/portdeportvendres.com\/ca\/amarratge-durant-tot-lany\/","name":"Plaza anual a Port-Vendres, qu\u00e8 cal fer per reservar-la?","isPartOf":{"@id":"https:\/\/portdeportvendres.com\/ca\/#website"},"primaryImageOfPage":{"@id":"https:\/\/portdeportvendres.com\/ca\/amarratge-durant-tot-lany\/#primaryimage"},"image":{"@id":"https:\/\/portdeportvendres.com\/ca\/amarratge-durant-tot-lany\/#primaryimage"},"thumbnailUrl":"https:\/\/portdeportvendres.com\/wp-content\/uploads\/2024\/04\/ligne.png","datePublished":"2024-05-16T08:46:03+00:00","dateModified":"2025-02-12T09:27:03+00:00","description":"Com en tots els ports de renom, la llista d'espera per una pla\u00e7a anual \u00e9s llarga. Contacta amb el port aqu\u00ed per apuntar-t'hi.","breadcrumb":{"@id":"https:\/\/portdeportvendres.com\/ca\/amarratge-durant-tot-lany\/#breadcrumb"},"inLanguage":"ca","potentialAction":[{"@type":"ReadAction","target":["https:\/\/portdeportvendres.com\/ca\/amarratge-durant-tot-lany\/"]}]},{"@type":"ImageObject","inLanguage":"ca","@id":"https:\/\/portdeportvendres.com\/ca\/amarratge-durant-tot-lany\/#primaryimage","url":"https:\/\/portdeportvendres.com\/wp-content\/uploads\/2024\/04\/ligne.png","contentUrl":"https:\/\/portdeportvendres.com\/wp-content\/uploads\/2024\/04\/ligne.png"},{"@type":"BreadcrumbList","@id":"https:\/\/portdeportvendres.com\/ca\/amarratge-durant-tot-lany\/#breadcrumb","itemListElement":[{"@type":"ListItem","position":1,"name":"Home","item":"https:\/\/portdeportvendres.com\/ca\/"},{"@type":"ListItem","position":2,"name":"Amarratge durant tot l&rsquo;any"}]},{"@type":"WebSite","@id":"https:\/\/portdeportvendres.com\/ca\/#website","url":"https:\/\/portdeportvendres.com\/ca\/","name":"Port de Port-vendres","description":"","publisher":{"@id":"https:\/\/portdeportvendres.com\/ca\/#organization"},"potentialAction":[{"@type":"SearchAction","target":{"@type":"EntryPoint","urlTemplate":"https:\/\/portdeportvendres.com\/ca\/?s={search_term_string}"},"query-input":{"@type":"PropertyValueSpecification","valueRequired":true,"valueName":"search_term_string"}}],"inLanguage":"ca"},{"@type":"Organization","@id":"https:\/\/portdeportvendres.com\/ca\/#organization","name":"Port de Port-Vendres","url":"https:\/\/portdeportvendres.com\/ca\/","logo":{"@type":"ImageObject","inLanguage":"ca","@id":"https:\/\/portdeportvendres.com\/ca\/#\/schema\/logo\/image\/","url":"https:\/\/portdeportvendres.com\/wp-content\/uploads\/2024\/04\/Logo-Compagnie-PV_Gris_Bleu_Vecto.svg","contentUrl":"https:\/\/portdeportvendres.com\/wp-content\/uploads\/2024\/04\/Logo-Compagnie-PV_Gris_Bleu_Vecto.svg","width":673,"height":205,"caption":"Port de Port-Vendres"},"image":{"@id":"https:\/\/portdeportvendres.com\/ca\/#\/schema\/logo\/image\/"},"sameAs":["https:\/\/www.facebook.com\/PortDePortVendres\/","https:\/\/www.instagram.com\/port_de_portvendres_officiel\/"]}]}},"_links":{"self":[{"href":"https:\/\/portdeportvendres.com\/ca\/wp-json\/wp\/v2\/pages\/5049","targetHints":{"allow":["GET"]}}],"collection":[{"href":"https:\/\/portdeportvendres.com\/ca\/wp-json\/wp\/v2\/pages"}],"about":[{"href":"https:\/\/portdeportvendres.com\/ca\/wp-json\/wp\/v2\/types\/page"}],"author":[{"embeddable":true,"href":"https:\/\/portdeportvendres.com\/ca\/wp-json\/wp\/v2\/users\/2"}],"replies":[{"embeddable":true,"href":"https:\/\/portdeportvendres.com\/ca\/wp-json\/wp\/v2\/comments?post=5049"}],"version-history":[{"count":4,"href":"https:\/\/portdeportvendres.com\/ca\/wp-json\/wp\/v2\/pages\/5049\/revisions"}],"predecessor-version":[{"id":5054,"href":"https:\/\/portdeportvendres.com\/ca\/wp-json\/wp\/v2\/pages\/5049\/revisions\/5054"}],"wp:attachment":[{"href":"https:\/\/portdeportvendres.com\/ca\/wp-json\/wp\/v2\/media?parent=5049"}],"curies":[{"name":"wp","href":"https:\/\/api.w.org\/{rel}","templated":true}]}}