{"id":4853,"date":"2024-05-16T08:46:02","date_gmt":"2024-05-16T08:46:02","guid":{"rendered":"https:\/\/portdeportvendres.com\/contact\/"},"modified":"2026-02-05T12:57:34","modified_gmt":"2026-02-05T12:57:34","slug":"contact","status":"publish","type":"page","link":"https:\/\/portdeportvendres.com\/en\/contact\/","title":{"rendered":"Contact"},"content":{"rendered":"\t\t<div data-elementor-type=\"wp-page\" data-elementor-id=\"4853\" class=\"elementor elementor-4853 elementor-48\" data-elementor-post-type=\"page\">\n\t\t\t\t<div class=\"elementor-element elementor-element-efc1c57 e-flex e-con-boxed e-con e-parent\" data-id=\"efc1c57\" data-element_type=\"container\" data-e-type=\"container\" data-settings=\"{&quot;background_background&quot;:&quot;classic&quot;}\">\n\t\t\t\t\t<div class=\"e-con-inner\">\n\t\t\t\t<div class=\"elementor-element elementor-element-ab72cc8 elementor-widget elementor-widget-image\" data-id=\"ab72cc8\" data-element_type=\"widget\" data-e-type=\"widget\" data-widget_type=\"image.default\">\n\t\t\t\t<div class=\"elementor-widget-container\">\n\t\t\t\t\t\t\t\t\t\t\t\t\t\t\t<img fetchpriority=\"high\" decoding=\"async\" width=\"627\" height=\"398\" src=\"https:\/\/portdeportvendres.com\/wp-content\/uploads\/2024\/04\/ligne.png\" class=\"attachment-full size-full wp-image-4163\" alt=\"\" srcset=\"https:\/\/portdeportvendres.com\/wp-content\/uploads\/2024\/04\/ligne.png 627w, https:\/\/portdeportvendres.com\/wp-content\/uploads\/2024\/04\/ligne-300x190.png 300w\" sizes=\"(max-width: 627px) 100vw, 627px\" \/>\t\t\t\t\t\t\t\t\t\t\t\t\t\t\t<\/div>\n\t\t\t\t<\/div>\n\t\t\t\t\t<\/div>\n\t\t\t\t<\/div>\n\t\t<div class=\"elementor-element elementor-element-053bb17 e-flex e-con-boxed e-con e-parent\" data-id=\"053bb17\" data-element_type=\"container\" data-e-type=\"container\">\n\t\t\t\t\t<div class=\"e-con-inner\">\n\t\t\t\t<div class=\"elementor-element elementor-element-8b89fb3 elementor-widget elementor-widget-heading\" data-id=\"8b89fb3\" data-element_type=\"widget\" data-e-type=\"widget\" data-widget_type=\"heading.default\">\n\t\t\t\t<div class=\"elementor-widget-container\">\n\t\t\t\t\t<h1 class=\"elementor-heading-title elementor-size-default\">Contacter le port<\/h1>\t\t\t\t<\/div>\n\t\t\t\t<\/div>\n\t\t\t\t<div class=\"elementor-element elementor-element-ac679c4 elementor-widget elementor-widget-text-editor\" data-id=\"ac679c4\" data-element_type=\"widget\" data-e-type=\"widget\" data-widget_type=\"text-editor.default\">\n\t\t\t\t<div class=\"elementor-widget-container\">\n\t\t\t\t\t\t\t\t\t<p>Vous avez une demande sp\u00e9ciale ? Vous ne trouvez pas l&#8217;information souhait\u00e9e sur notre site ? Pas de panique. Nous sommes <strong>\u00e0 votre disposition toute l&#8217;ann\u00e9e<\/strong> aux horaires pr\u00e9cis\u00e9s ci-dessous pour r\u00e9pondre \u00e0 vos questions. Au plaisir de vous recevoir bient\u00f4t au port !<\/p>\t\t\t\t\t\t\t\t<\/div>\n\t\t\t\t<\/div>\n\t\t\t\t\t<\/div>\n\t\t\t\t<\/div>\n\t\t<div class=\"elementor-element elementor-element-beadcd0 e-flex e-con-boxed e-con e-parent\" data-id=\"beadcd0\" data-element_type=\"container\" data-e-type=\"container\">\n\t\t\t\t\t<div class=\"e-con-inner\">\n\t\t\t\t<div class=\"elementor-element elementor-element-89cd40e elementor-widget elementor-widget-heading\" data-id=\"89cd40e\" data-element_type=\"widget\" data-e-type=\"widget\" data-widget_type=\"heading.default\">\n\t\t\t\t<div class=\"elementor-widget-container\">\n\t\t\t\t\t<h2 class=\"elementor-heading-title elementor-size-default\">Plaisance &amp; P\u00eache<\/h2>\t\t\t\t<\/div>\n\t\t\t\t<\/div>\n\t\t\t\t<div class=\"elementor-element elementor-element-a903064 elementor-hidden-mobile elementor-widget elementor-widget-image\" data-id=\"a903064\" data-element_type=\"widget\" data-e-type=\"widget\" data-widget_type=\"image.default\">\n\t\t\t\t<div class=\"elementor-widget-container\">\n\t\t\t\t\t\t\t\t\t\t\t\t\t\t\t<img fetchpriority=\"high\" decoding=\"async\" width=\"627\" height=\"398\" src=\"https:\/\/portdeportvendres.com\/wp-content\/uploads\/2024\/04\/ligne.png\" class=\"attachment-full size-full wp-image-4163\" alt=\"\" srcset=\"https:\/\/portdeportvendres.com\/wp-content\/uploads\/2024\/04\/ligne.png 627w, https:\/\/portdeportvendres.com\/wp-content\/uploads\/2024\/04\/ligne-300x190.png 300w\" sizes=\"(max-width: 627px) 100vw, 627px\" \/>\t\t\t\t\t\t\t\t\t\t\t\t\t\t\t<\/div>\n\t\t\t\t<\/div>\n\t\t\t\t<div class=\"elementor-element elementor-element-016c330 elementor-widget elementor-widget-text-editor\" data-id=\"016c330\" data-element_type=\"widget\" data-e-type=\"widget\" data-widget_type=\"text-editor.default\">\n\t\t\t\t<div class=\"elementor-widget-container\">\n\t\t\t\t\t\t\t\t\t<p><strong>Capitainerie<br \/><\/strong>Horaires : <br \/>Hors saison 8h-12h et 14h-17h, 7j\/7 <br \/>En saison juillet ao\u00fbt 8h-20h, 7j\/7<br \/>Tel : 04 68 82 08 84<br \/>VHF : Canal 09<br \/>Mail :\u00a0<a href=\"mailto:plaisance@cpv.port.fr\">plaisance@cpv.port.fr\u00a0<\/a><\/p><p>Adresse : BP37 Quai Fran\u00e7ois Joly<\/p>\t\t\t\t\t\t\t\t<\/div>\n\t\t\t\t<\/div>\n\t\t\t\t<div class=\"elementor-element elementor-element-1613c1d elementor-widget elementor-widget-text-editor\" data-id=\"1613c1d\" data-element_type=\"widget\" data-e-type=\"widget\" data-widget_type=\"text-editor.default\">\n\t\t\t\t<div class=\"elementor-widget-container\">\n\t\t\t\t\t\t\t\t\t<p><strong>Bureau administratif<\/strong><b><br \/><\/b>Du lundi au jeudi : 8h30-12h \/ 14h-17h30 et vendredi : 8h30-12h \/ 14h 17h<br \/>Tel : 04 68 82 00 25<br \/>Mail : <a href=\"mailto:contact@cpv.port.fr\">contact@cpv.port.fr<\/a><\/p>\t\t\t\t\t\t\t\t<\/div>\n\t\t\t\t<\/div>\n\t\t\t\t<div class=\"elementor-element elementor-element-0e0fb1f elementor-widget elementor-widget-text-editor\" data-id=\"0e0fb1f\" data-element_type=\"widget\" data-e-type=\"widget\" data-widget_type=\"text-editor.default\">\n\t\t\t\t<div class=\"elementor-widget-container\">\n\t\t\t\t\t\t\t\t\t<p><strong>Car\u00e9nage et manutention<\/strong><br \/>Horaires : 8h-12h et 14h-17h<br \/>Tel : 06 18 90 71 17<br \/>Mail : <a href=\"carenage@cpv.port.fr\">carenage@cpv.port.fr<\/a><br \/>et <a href=\"mailto:plaisance@cpv.port.fr\" target=\"_blank\" rel=\"noopener\">pla<wbr \/>isance@cpv.port.fr<\/a><\/p>\t\t\t\t\t\t\t\t<\/div>\n\t\t\t\t<\/div>\n\t\t\t\t<div class=\"elementor-element elementor-element-644d0a8 elementor-widget elementor-widget-text-editor\" data-id=\"644d0a8\" data-element_type=\"widget\" data-e-type=\"widget\" data-widget_type=\"text-editor.default\">\n\t\t\t\t<div class=\"elementor-widget-container\">\n\t\t\t\t\t\t\t\t\t<p><strong>Prud&#8217;homie de p\u00eache<\/strong><br \/>Horaires : 9h-12h<br \/>Tel : 06 33 10 82 04\u00a0<br \/>Mail : <a href=\"mailto:ptitmanu66@gmail.com\" target=\"_blank\" rel=\"noopener\">ptitmanu66@gmail.com<\/a><\/p>\t\t\t\t\t\t\t\t<\/div>\n\t\t\t\t<\/div>\n\t\t\t\t<div class=\"elementor-element elementor-element-4cd82aa elementor-hidden-mobile elementor-widget elementor-widget-image\" data-id=\"4cd82aa\" data-element_type=\"widget\" data-e-type=\"widget\" data-widget_type=\"image.default\">\n\t\t\t\t<div class=\"elementor-widget-container\">\n\t\t\t\t\t\t\t\t\t\t\t\t\t\t\t<img fetchpriority=\"high\" decoding=\"async\" width=\"627\" height=\"398\" src=\"https:\/\/portdeportvendres.com\/wp-content\/uploads\/2024\/04\/ligne.png\" class=\"attachment-full size-full wp-image-4163\" alt=\"\" srcset=\"https:\/\/portdeportvendres.com\/wp-content\/uploads\/2024\/04\/ligne.png 627w, https:\/\/portdeportvendres.com\/wp-content\/uploads\/2024\/04\/ligne-300x190.png 300w\" sizes=\"(max-width: 627px) 100vw, 627px\" \/>\t\t\t\t\t\t\t\t\t\t\t\t\t\t\t<\/div>\n\t\t\t\t<\/div>\n\t\t\t\t<div class=\"elementor-element elementor-element-d5fc302 elementor-widget elementor-widget-text-editor\" data-id=\"d5fc302\" data-element_type=\"widget\" data-e-type=\"widget\" data-widget_type=\"text-editor.default\">\n\t\t\t\t<div class=\"elementor-widget-container\">\n\t\t\t\t\t\t\t\t\t<p><strong>Coop\u00e9rative de p\u00eache<\/strong><br \/>Horaires : 8h-12h<br \/>Tel : 04 68 54 99 83 <br \/>Mob\u00a0: 06 13 27 08 94<br \/>Mail : <a href=\"mailto:cooppecheurspv@orange.fr\" target=\"_blank\" rel=\"noopener\">cooppecheurspv@orange.<wbr \/>fr<\/a><\/p>\t\t\t\t\t\t\t\t<\/div>\n\t\t\t\t<\/div>\n\t\t\t\t\t<\/div>\n\t\t\t\t<\/div>\n\t\t<div class=\"elementor-element elementor-element-781fa85 e-flex e-con-boxed e-con e-parent\" data-id=\"781fa85\" data-element_type=\"container\" data-e-type=\"container\">\n\t\t\t\t\t<div class=\"e-con-inner\">\n\t\t\t\t<div class=\"elementor-element elementor-element-050b1d4 elementor-widget elementor-widget-heading\" data-id=\"050b1d4\" data-element_type=\"widget\" data-e-type=\"widget\" data-widget_type=\"heading.default\">\n\t\t\t\t<div class=\"elementor-widget-container\">\n\t\t\t\t\t<h2 class=\"elementor-heading-title elementor-size-default\">Commerce &amp; Grande\nPlaisance<\/h2>\t\t\t\t<\/div>\n\t\t\t\t<\/div>\n\t\t\t\t<div class=\"elementor-element elementor-element-b49d3a4 elementor-hidden-mobile elementor-widget elementor-widget-image\" data-id=\"b49d3a4\" data-element_type=\"widget\" data-e-type=\"widget\" data-widget_type=\"image.default\">\n\t\t\t\t<div class=\"elementor-widget-container\">\n\t\t\t\t\t\t\t\t\t\t\t\t\t\t\t<img fetchpriority=\"high\" decoding=\"async\" width=\"627\" height=\"398\" src=\"https:\/\/portdeportvendres.com\/wp-content\/uploads\/2024\/04\/ligne.png\" class=\"attachment-full size-full wp-image-4163\" alt=\"\" srcset=\"https:\/\/portdeportvendres.com\/wp-content\/uploads\/2024\/04\/ligne.png 627w, https:\/\/portdeportvendres.com\/wp-content\/uploads\/2024\/04\/ligne-300x190.png 300w\" sizes=\"(max-width: 627px) 100vw, 627px\" \/>\t\t\t\t\t\t\t\t\t\t\t\t\t\t\t<\/div>\n\t\t\t\t<\/div>\n\t\t\t\t<div class=\"elementor-element elementor-element-8740a97 elementor-widget elementor-widget-text-editor\" data-id=\"8740a97\" data-element_type=\"widget\" data-e-type=\"widget\" data-widget_type=\"text-editor.default\">\n\t\t\t\t<div class=\"elementor-widget-container\">\n\t\t\t\t\t\t\t\t\t<p><strong>Manutentionnaire<\/strong><br \/>Tel : 04 68 98 37 37<br \/>Mail : <a href=\"mailto:contact.cltm.pv@groupehm.fr\" target=\"_blank\" rel=\"noopener\">contact.cltm.pv@groupehm.fr<\/a><\/p>\t\t\t\t\t\t\t\t<\/div>\n\t\t\t\t<\/div>\n\t\t\t\t\t<\/div>\n\t\t\t\t<\/div>\n\t\t<div class=\"elementor-element elementor-element-208e1b4 e-flex e-con-boxed e-con e-parent\" data-id=\"208e1b4\" data-element_type=\"container\" data-e-type=\"container\">\n\t\t\t\t\t<div class=\"e-con-inner\">\n\t\t\t\t<div class=\"elementor-element elementor-element-e6b0540 elementor-widget elementor-widget-heading\" data-id=\"e6b0540\" data-element_type=\"widget\" data-e-type=\"widget\" data-widget_type=\"heading.default\">\n\t\t\t\t<div class=\"elementor-widget-container\">\n\t\t\t\t\t<h2 class=\"elementor-heading-title elementor-size-default\">Autorit\u00e9 portuaire : Conseil D\u00e9partemental des Pyr\u00e9n\u00e9es-Orientales<\/h2>\t\t\t\t<\/div>\n\t\t\t\t<\/div>\n\t\t\t\t<div class=\"elementor-element elementor-element-1a1ec9b elementor-widget elementor-widget-text-editor\" data-id=\"1a1ec9b\" data-element_type=\"widget\" data-e-type=\"widget\" data-widget_type=\"text-editor.default\">\n\t\t\t\t<div class=\"elementor-widget-container\">\n\t\t\t\t\t\t\t\t\t<p>Tel : 04 68 82 12 00\u00a0<br \/>Mob : 06 70 48 91 96<br \/>Mob : 06 70 48 91 95 (s\u00fbret\u00e9)<br \/>Mail :\u00a0<a href=\"mailto:ddtm-dml-cpv@pyrenees-orientales.gouv.fr\" target=\"_blank\" rel=\"noopener\">ddtm-dml-cpv@pyrenees-<wbr \/>orientales.gouv.fr<\/a><\/p><p>Tel : 04 68 85 88 92<br \/>Mail : <a href=\"mailto:autorite-portuaire@cd66.fr\">autorite-portuaire@cd66.fr<\/a><\/p>\t\t\t\t\t\t\t\t<\/div>\n\t\t\t\t<\/div>\n\t\t\t\t<div class=\"elementor-element elementor-element-3184010 elementor-hidden-mobile elementor-widget elementor-widget-image\" data-id=\"3184010\" data-element_type=\"widget\" data-e-type=\"widget\" data-widget_type=\"image.default\">\n\t\t\t\t<div class=\"elementor-widget-container\">\n\t\t\t\t\t\t\t\t\t\t\t\t\t\t\t<img fetchpriority=\"high\" decoding=\"async\" width=\"627\" height=\"398\" src=\"https:\/\/portdeportvendres.com\/wp-content\/uploads\/2024\/04\/ligne.png\" class=\"attachment-full size-full wp-image-4163\" alt=\"\" srcset=\"https:\/\/portdeportvendres.com\/wp-content\/uploads\/2024\/04\/ligne.png 627w, https:\/\/portdeportvendres.com\/wp-content\/uploads\/2024\/04\/ligne-300x190.png 300w\" sizes=\"(max-width: 627px) 100vw, 627px\" \/>\t\t\t\t\t\t\t\t\t\t\t\t\t\t\t<\/div>\n\t\t\t\t<\/div>\n\t\t\t\t\t<\/div>\n\t\t\t\t<\/div>\n\t\t\t\t<\/div>\n\t\t","protected":false},"excerpt":{"rendered":"<p>Contacter le port Vous avez une demande sp\u00e9ciale&nbsp;? Vous ne trouvez pas l&#8217;information souhait\u00e9e sur notre site&nbsp;? Pas de panique. Nous sommes \u00e0 votre disposition toute l&#8217;ann\u00e9e aux horaires pr\u00e9cis\u00e9s ci-dessous pour r\u00e9pondre \u00e0 vos questions. Au plaisir de vous recevoir bient\u00f4t au port&nbsp;! Plaisance &amp; P\u00eache CapitainerieHoraires&nbsp;: Hors saison 8h-12h et 14h-17h, 7j\/7 En [&hellip;]<\/p>\n","protected":false},"author":2,"featured_media":0,"parent":0,"menu_order":0,"comment_status":"closed","ping_status":"closed","template":"","meta":{"footnotes":""},"class_list":["post-4853","page","type-page","status-publish","hentry"],"yoast_head":"<!-- This site is optimized with the Yoast SEO plugin v27.3 - https:\/\/yoast.com\/product\/yoast-seo-wordpress\/ -->\n<title>Contacter le port de Port-Vendres : obtenir toutes les infos<\/title>\n<meta name=\"description\" content=\"Pour la Plaisance, la P\u00eache ou le Commerce, identifiez les bons contacts pour vous renseigner efficacement. Capitainerie, autorit\u00e9s, coop\u00e9rative\u2026 + d&#039;infos ici\" \/>\n<meta name=\"robots\" content=\"index, follow, max-snippet:-1, max-image-preview:large, max-video-preview:-1\" \/>\n<link rel=\"canonical\" href=\"https:\/\/portdeportvendres.com\/en\/contact\/\" \/>\n<meta property=\"og:locale\" content=\"en_US\" \/>\n<meta property=\"og:type\" content=\"article\" \/>\n<meta property=\"og:title\" content=\"Contacter le port de Port-Vendres : obtenir toutes les infos\" \/>\n<meta property=\"og:description\" content=\"Pour la Plaisance, la P\u00eache ou le Commerce, identifiez les bons contacts pour vous renseigner efficacement. Capitainerie, autorit\u00e9s, coop\u00e9rative\u2026 + d&#039;infos ici\" \/>\n<meta property=\"og:url\" content=\"https:\/\/portdeportvendres.com\/en\/contact\/\" \/>\n<meta property=\"og:site_name\" content=\"Port de Port-vendres\" \/>\n<meta property=\"article:publisher\" content=\"https:\/\/www.facebook.com\/PortDePortVendres\/\" \/>\n<meta property=\"article:modified_time\" content=\"2026-02-05T12:57:34+00:00\" \/>\n<meta property=\"og:image\" content=\"https:\/\/portdeportvendres.com\/wp-content\/uploads\/2024\/04\/ligne.png\" \/>\n\t<meta property=\"og:image:width\" content=\"627\" \/>\n\t<meta property=\"og:image:height\" content=\"398\" \/>\n\t<meta property=\"og:image:type\" content=\"image\/png\" \/>\n<meta name=\"twitter:card\" content=\"summary_large_image\" \/>\n<meta name=\"twitter:label1\" content=\"Est. reading time\" \/>\n\t<meta name=\"twitter:data1\" content=\"3 minutes\" \/>\n<script type=\"application\/ld+json\" class=\"yoast-schema-graph\">{\"@context\":\"https:\\\/\\\/schema.org\",\"@graph\":[{\"@type\":\"WebPage\",\"@id\":\"https:\\\/\\\/portdeportvendres.com\\\/en\\\/contact\\\/\",\"url\":\"https:\\\/\\\/portdeportvendres.com\\\/en\\\/contact\\\/\",\"name\":\"Contacter le port de Port-Vendres : obtenir toutes les infos\",\"isPartOf\":{\"@id\":\"https:\\\/\\\/portdeportvendres.com\\\/en\\\/#website\"},\"primaryImageOfPage\":{\"@id\":\"https:\\\/\\\/portdeportvendres.com\\\/en\\\/contact\\\/#primaryimage\"},\"image\":{\"@id\":\"https:\\\/\\\/portdeportvendres.com\\\/en\\\/contact\\\/#primaryimage\"},\"thumbnailUrl\":\"https:\\\/\\\/portdeportvendres.com\\\/wp-content\\\/uploads\\\/2024\\\/04\\\/ligne.png\",\"datePublished\":\"2024-05-16T08:46:02+00:00\",\"dateModified\":\"2026-02-05T12:57:34+00:00\",\"description\":\"Pour la Plaisance, la P\u00eache ou le Commerce, identifiez les bons contacts pour vous renseigner efficacement. Capitainerie, autorit\u00e9s, coop\u00e9rative\u2026 + d'infos ici\",\"breadcrumb\":{\"@id\":\"https:\\\/\\\/portdeportvendres.com\\\/en\\\/contact\\\/#breadcrumb\"},\"inLanguage\":\"en-US\",\"potentialAction\":[{\"@type\":\"ReadAction\",\"target\":[\"https:\\\/\\\/portdeportvendres.com\\\/en\\\/contact\\\/\"]}]},{\"@type\":\"ImageObject\",\"inLanguage\":\"en-US\",\"@id\":\"https:\\\/\\\/portdeportvendres.com\\\/en\\\/contact\\\/#primaryimage\",\"url\":\"https:\\\/\\\/portdeportvendres.com\\\/wp-content\\\/uploads\\\/2024\\\/04\\\/ligne.png\",\"contentUrl\":\"https:\\\/\\\/portdeportvendres.com\\\/wp-content\\\/uploads\\\/2024\\\/04\\\/ligne.png\"},{\"@type\":\"BreadcrumbList\",\"@id\":\"https:\\\/\\\/portdeportvendres.com\\\/en\\\/contact\\\/#breadcrumb\",\"itemListElement\":[{\"@type\":\"ListItem\",\"position\":1,\"name\":\"Home\",\"item\":\"https:\\\/\\\/portdeportvendres.com\\\/en\\\/\"},{\"@type\":\"ListItem\",\"position\":2,\"name\":\"Contact\"}]},{\"@type\":\"WebSite\",\"@id\":\"https:\\\/\\\/portdeportvendres.com\\\/en\\\/#website\",\"url\":\"https:\\\/\\\/portdeportvendres.com\\\/en\\\/\",\"name\":\"Port de Port-vendres\",\"description\":\"\",\"publisher\":{\"@id\":\"https:\\\/\\\/portdeportvendres.com\\\/en\\\/#organization\"},\"potentialAction\":[{\"@type\":\"SearchAction\",\"target\":{\"@type\":\"EntryPoint\",\"urlTemplate\":\"https:\\\/\\\/portdeportvendres.com\\\/en\\\/?s={search_term_string}\"},\"query-input\":{\"@type\":\"PropertyValueSpecification\",\"valueRequired\":true,\"valueName\":\"search_term_string\"}}],\"inLanguage\":\"en-US\"},{\"@type\":\"Organization\",\"@id\":\"https:\\\/\\\/portdeportvendres.com\\\/en\\\/#organization\",\"name\":\"Port de Port-Vendres\",\"url\":\"https:\\\/\\\/portdeportvendres.com\\\/en\\\/\",\"logo\":{\"@type\":\"ImageObject\",\"inLanguage\":\"en-US\",\"@id\":\"https:\\\/\\\/portdeportvendres.com\\\/en\\\/#\\\/schema\\\/logo\\\/image\\\/\",\"url\":\"https:\\\/\\\/portdeportvendres.com\\\/wp-content\\\/uploads\\\/2024\\\/04\\\/Logo-Compagnie-PV_Gris_Bleu_Vecto.svg\",\"contentUrl\":\"https:\\\/\\\/portdeportvendres.com\\\/wp-content\\\/uploads\\\/2024\\\/04\\\/Logo-Compagnie-PV_Gris_Bleu_Vecto.svg\",\"width\":673,\"height\":205,\"caption\":\"Port de Port-Vendres\"},\"image\":{\"@id\":\"https:\\\/\\\/portdeportvendres.com\\\/en\\\/#\\\/schema\\\/logo\\\/image\\\/\"},\"sameAs\":[\"https:\\\/\\\/www.facebook.com\\\/PortDePortVendres\\\/\",\"https:\\\/\\\/www.instagram.com\\\/port_de_portvendres_officiel\\\/\"]}]}<\/script>\n<!-- \/ Yoast SEO plugin. -->","yoast_head_json":{"title":"Contacter le port de Port-Vendres : obtenir toutes les infos","description":"Pour la Plaisance, la P\u00eache ou le Commerce, identifiez les bons contacts pour vous renseigner efficacement. Capitainerie, autorit\u00e9s, coop\u00e9rative\u2026 + d'infos ici","robots":{"index":"index","follow":"follow","max-snippet":"max-snippet:-1","max-image-preview":"max-image-preview:large","max-video-preview":"max-video-preview:-1"},"canonical":"https:\/\/portdeportvendres.com\/en\/contact\/","og_locale":"en_US","og_type":"article","og_title":"Contacter le port de Port-Vendres : obtenir toutes les infos","og_description":"Pour la Plaisance, la P\u00eache ou le Commerce, identifiez les bons contacts pour vous renseigner efficacement. Capitainerie, autorit\u00e9s, coop\u00e9rative\u2026 + d'infos ici","og_url":"https:\/\/portdeportvendres.com\/en\/contact\/","og_site_name":"Port de Port-vendres","article_publisher":"https:\/\/www.facebook.com\/PortDePortVendres\/","article_modified_time":"2026-02-05T12:57:34+00:00","og_image":[{"width":627,"height":398,"url":"https:\/\/portdeportvendres.com\/wp-content\/uploads\/2024\/04\/ligne.png","type":"image\/png"}],"twitter_card":"summary_large_image","twitter_misc":{"Est. reading time":"3 minutes"},"schema":{"@context":"https:\/\/schema.org","@graph":[{"@type":"WebPage","@id":"https:\/\/portdeportvendres.com\/en\/contact\/","url":"https:\/\/portdeportvendres.com\/en\/contact\/","name":"Contacter le port de Port-Vendres : obtenir toutes les infos","isPartOf":{"@id":"https:\/\/portdeportvendres.com\/en\/#website"},"primaryImageOfPage":{"@id":"https:\/\/portdeportvendres.com\/en\/contact\/#primaryimage"},"image":{"@id":"https:\/\/portdeportvendres.com\/en\/contact\/#primaryimage"},"thumbnailUrl":"https:\/\/portdeportvendres.com\/wp-content\/uploads\/2024\/04\/ligne.png","datePublished":"2024-05-16T08:46:02+00:00","dateModified":"2026-02-05T12:57:34+00:00","description":"Pour la Plaisance, la P\u00eache ou le Commerce, identifiez les bons contacts pour vous renseigner efficacement. Capitainerie, autorit\u00e9s, coop\u00e9rative\u2026 + d'infos ici","breadcrumb":{"@id":"https:\/\/portdeportvendres.com\/en\/contact\/#breadcrumb"},"inLanguage":"en-US","potentialAction":[{"@type":"ReadAction","target":["https:\/\/portdeportvendres.com\/en\/contact\/"]}]},{"@type":"ImageObject","inLanguage":"en-US","@id":"https:\/\/portdeportvendres.com\/en\/contact\/#primaryimage","url":"https:\/\/portdeportvendres.com\/wp-content\/uploads\/2024\/04\/ligne.png","contentUrl":"https:\/\/portdeportvendres.com\/wp-content\/uploads\/2024\/04\/ligne.png"},{"@type":"BreadcrumbList","@id":"https:\/\/portdeportvendres.com\/en\/contact\/#breadcrumb","itemListElement":[{"@type":"ListItem","position":1,"name":"Home","item":"https:\/\/portdeportvendres.com\/en\/"},{"@type":"ListItem","position":2,"name":"Contact"}]},{"@type":"WebSite","@id":"https:\/\/portdeportvendres.com\/en\/#website","url":"https:\/\/portdeportvendres.com\/en\/","name":"Port de Port-vendres","description":"","publisher":{"@id":"https:\/\/portdeportvendres.com\/en\/#organization"},"potentialAction":[{"@type":"SearchAction","target":{"@type":"EntryPoint","urlTemplate":"https:\/\/portdeportvendres.com\/en\/?s={search_term_string}"},"query-input":{"@type":"PropertyValueSpecification","valueRequired":true,"valueName":"search_term_string"}}],"inLanguage":"en-US"},{"@type":"Organization","@id":"https:\/\/portdeportvendres.com\/en\/#organization","name":"Port de Port-Vendres","url":"https:\/\/portdeportvendres.com\/en\/","logo":{"@type":"ImageObject","inLanguage":"en-US","@id":"https:\/\/portdeportvendres.com\/en\/#\/schema\/logo\/image\/","url":"https:\/\/portdeportvendres.com\/wp-content\/uploads\/2024\/04\/Logo-Compagnie-PV_Gris_Bleu_Vecto.svg","contentUrl":"https:\/\/portdeportvendres.com\/wp-content\/uploads\/2024\/04\/Logo-Compagnie-PV_Gris_Bleu_Vecto.svg","width":673,"height":205,"caption":"Port de Port-Vendres"},"image":{"@id":"https:\/\/portdeportvendres.com\/en\/#\/schema\/logo\/image\/"},"sameAs":["https:\/\/www.facebook.com\/PortDePortVendres\/","https:\/\/www.instagram.com\/port_de_portvendres_officiel\/"]}]}},"_links":{"self":[{"href":"https:\/\/portdeportvendres.com\/en\/wp-json\/wp\/v2\/pages\/4853","targetHints":{"allow":["GET"]}}],"collection":[{"href":"https:\/\/portdeportvendres.com\/en\/wp-json\/wp\/v2\/pages"}],"about":[{"href":"https:\/\/portdeportvendres.com\/en\/wp-json\/wp\/v2\/types\/page"}],"author":[{"embeddable":true,"href":"https:\/\/portdeportvendres.com\/en\/wp-json\/wp\/v2\/users\/2"}],"replies":[{"embeddable":true,"href":"https:\/\/portdeportvendres.com\/en\/wp-json\/wp\/v2\/comments?post=4853"}],"version-history":[{"count":6,"href":"https:\/\/portdeportvendres.com\/en\/wp-json\/wp\/v2\/pages\/4853\/revisions"}],"predecessor-version":[{"id":5941,"href":"https:\/\/portdeportvendres.com\/en\/wp-json\/wp\/v2\/pages\/4853\/revisions\/5941"}],"wp:attachment":[{"href":"https:\/\/portdeportvendres.com\/en\/wp-json\/wp\/v2\/media?parent=4853"}],"curies":[{"name":"wp","href":"https:\/\/api.w.org\/{rel}","templated":true}]}}