{"id":4911,"date":"2024-05-16T08:46:07","date_gmt":"2024-05-16T08:46:07","guid":{"rendered":"https:\/\/portdeportvendres.com\/plan-acces-au-port\/"},"modified":"2025-02-12T09:51:10","modified_gmt":"2025-02-12T09:51:10","slug":"mapa-y-acceso-al-puerto","status":"publish","type":"page","link":"https:\/\/portdeportvendres.com\/es\/mapa-y-acceso-al-puerto\/","title":{"rendered":"Mapa y acceso al puerto"},"content":{"rendered":"\t\t<div data-elementor-type=\"wp-page\" data-elementor-id=\"4911\" class=\"elementor elementor-4911 elementor-95\" data-elementor-post-type=\"page\">\n\t\t\t\t<div class=\"elementor-element elementor-element-529acdc e-flex e-con-boxed e-con e-parent\" data-id=\"529acdc\" data-element_type=\"container\" data-e-type=\"container\" data-settings=\"{&quot;background_background&quot;:&quot;classic&quot;}\">\n\t\t\t\t\t<div class=\"e-con-inner\">\n\t\t\t\t<div class=\"elementor-element elementor-element-1bdc2a1 elementor-widget elementor-widget-image\" data-id=\"1bdc2a1\" data-element_type=\"widget\" data-e-type=\"widget\" data-widget_type=\"image.default\">\n\t\t\t\t<div class=\"elementor-widget-container\">\n\t\t\t\t\t\t\t\t\t\t\t\t\t\t\t<img fetchpriority=\"high\" decoding=\"async\" width=\"627\" height=\"398\" src=\"https:\/\/portdeportvendres.com\/wp-content\/uploads\/2024\/04\/ligne.png\" class=\"attachment-full size-full wp-image-4164\" alt=\"\" srcset=\"https:\/\/portdeportvendres.com\/wp-content\/uploads\/2024\/04\/ligne.png 627w, https:\/\/portdeportvendres.com\/wp-content\/uploads\/2024\/04\/ligne-300x190.png 300w\" sizes=\"(max-width: 627px) 100vw, 627px\" \/>\t\t\t\t\t\t\t\t\t\t\t\t\t\t\t<\/div>\n\t\t\t\t<\/div>\n\t\t\t\t\t<\/div>\n\t\t\t\t<\/div>\n\t\t<div class=\"elementor-element elementor-element-62219b5 e-flex e-con-boxed e-con e-parent\" data-id=\"62219b5\" data-element_type=\"container\" data-e-type=\"container\">\n\t\t\t\t\t<div class=\"e-con-inner\">\n\t\t\t\t<div class=\"elementor-element elementor-element-a09b2e2 elementor-widget elementor-widget-heading\" data-id=\"a09b2e2\" data-element_type=\"widget\" data-e-type=\"widget\" data-widget_type=\"heading.default\">\n\t\t\t\t<div class=\"elementor-widget-container\">\n\t\t\t\t\t<h1 class=\"elementor-heading-title elementor-size-default\">\u00bfC\u00f3mo acceder al puerto?<\/h1>\t\t\t\t<\/div>\n\t\t\t\t<\/div>\n\t\t\t\t<div class=\"elementor-element elementor-element-2e6489d elementor-widget elementor-widget-text-editor\" data-id=\"2e6489d\" data-element_type=\"widget\" data-e-type=\"widget\" data-widget_type=\"text-editor.default\">\n\t\t\t\t<div class=\"elementor-widget-container\">\n\t\t\t\t\t\t\t\t\t<p>El puerto de Port-Vendres es <strong>f\u00e1cilmente accesible<\/strong> por tierra o por mar. A continuaci\u00f3n, ofrecemos un mapa detallado y toda la informaci\u00f3n pr\u00e1ctica necesaria en funci\u00f3n del modo de llegada al puerto.<\/p>\t\t\t\t\t\t\t\t<\/div>\n\t\t\t\t<\/div>\n\t\t\t\t\t<\/div>\n\t\t\t\t<\/div>\n\t\t<div class=\"elementor-element elementor-element-0de0415 e-flex e-con-boxed e-con e-child\" data-id=\"0de0415\" data-element_type=\"container\" data-e-type=\"container\">\n\t\t\t\t\t<div class=\"e-con-inner\">\n\t\t\t\t<div class=\"elementor-element elementor-element-97c88a0 elementor-widget elementor-widget-heading\" data-id=\"97c88a0\" data-element_type=\"widget\" data-e-type=\"widget\" data-widget_type=\"heading.default\">\n\t\t\t\t<div class=\"elementor-widget-container\">\n\t\t\t\t\t<h2 class=\"elementor-heading-title elementor-size-default\">Mapa del puerto<\/h2>\t\t\t\t<\/div>\n\t\t\t\t<\/div>\n\t\t\t\t<div class=\"elementor-element elementor-element-6ad4632 elementor-widget elementor-widget-image\" data-id=\"6ad4632\" data-element_type=\"widget\" data-e-type=\"widget\" data-widget_type=\"image.default\">\n\t\t\t\t<div class=\"elementor-widget-container\">\n\t\t\t\t\t\t\t\t\t\t\t\t\t\t\t<img decoding=\"async\" width=\"2048\" height=\"1024\" src=\"https:\/\/portdeportvendres.com\/wp-content\/uploads\/2024\/08\/Port-Vendres_carte-scaled.jpg\" class=\"attachment-full size-full wp-image-4716\" alt=\"\" srcset=\"https:\/\/portdeportvendres.com\/wp-content\/uploads\/2024\/08\/Port-Vendres_carte-scaled.jpg 2048w, https:\/\/portdeportvendres.com\/wp-content\/uploads\/2024\/08\/Port-Vendres_carte-300x150.jpg 300w, https:\/\/portdeportvendres.com\/wp-content\/uploads\/2024\/08\/Port-Vendres_carte-1024x512.jpg 1024w, https:\/\/portdeportvendres.com\/wp-content\/uploads\/2024\/08\/Port-Vendres_carte-768x384.jpg 768w, https:\/\/portdeportvendres.com\/wp-content\/uploads\/2024\/08\/Port-Vendres_carte-1536x768.jpg 1536w\" sizes=\"(max-width: 2048px) 100vw, 2048px\" \/>\t\t\t\t\t\t\t\t\t\t\t\t\t\t\t<\/div>\n\t\t\t\t<\/div>\n\t\t\t\t\t<\/div>\n\t\t\t\t<\/div>\n\t\t<div class=\"elementor-element elementor-element-4881abc e-flex e-con-boxed e-con e-child\" data-id=\"4881abc\" data-element_type=\"container\" data-e-type=\"container\">\n\t\t\t\t\t<div class=\"e-con-inner\">\n\t\t\t\t<div class=\"elementor-element elementor-element-e4b630f elementor-widget elementor-widget-heading\" data-id=\"e4b630f\" data-element_type=\"widget\" data-e-type=\"widget\" data-widget_type=\"heading.default\">\n\t\t\t\t<div class=\"elementor-widget-container\">\n\t\t\t\t\t<h2 class=\"elementor-heading-title elementor-size-default\">Acceso al puerto<\/h2>\t\t\t\t<\/div>\n\t\t\t\t<\/div>\n\t\t\t\t<div class=\"elementor-element elementor-element-cd00c1d e-n-tabs-mobile elementor-widget elementor-widget-n-tabs\" data-id=\"cd00c1d\" data-element_type=\"widget\" data-e-type=\"widget\" data-settings=\"{&quot;tabs_justify_horizontal&quot;:&quot;start&quot;,&quot;tabs_justify_horizontal_mobile&quot;:&quot;start&quot;,&quot;horizontal_scroll&quot;:&quot;disable&quot;}\" data-widget_type=\"nested-tabs.default\">\n\t\t\t\t<div class=\"elementor-widget-container\">\n\t\t\t\t\t\t\t<div class=\"e-n-tabs\" data-widget-number=\"214961181\" aria-label=\"Pesta\u00f1as. Abre elementos con Intro o Espacio, ci\u00e9rralos con Escape y navega con las fechas.\">\n\t\t\t<div class=\"e-n-tabs-heading\" role=\"tablist\">\n\t\t\t\t\t<button id=\"e-n-tab-title-2149611811\" data-tab-title-id=\"e-n-tab-title-2149611811\" class=\"e-n-tab-title\" aria-selected=\"true\" data-tab-index=\"1\" role=\"tab\" tabindex=\"0\" aria-controls=\"e-n-tab-content-2149611811\" style=\"--n-tabs-title-order: 1;\">\n\t\t\t\t\t\t<span class=\"e-n-tab-title-text\">\n\t\t\t\tBarco\t\t\t<\/span>\n\t\t<\/button>\n\t\t\t\t<button id=\"e-n-tab-title-2149611812\" data-tab-title-id=\"e-n-tab-title-2149611812\" class=\"e-n-tab-title\" aria-selected=\"false\" data-tab-index=\"2\" role=\"tab\" tabindex=\"-1\" aria-controls=\"e-n-tab-content-2149611812\" style=\"--n-tabs-title-order: 2;\">\n\t\t\t\t\t\t<span class=\"e-n-tab-title-text\">\n\t\t\t\tCoche\t\t\t<\/span>\n\t\t<\/button>\n\t\t\t\t<button id=\"e-n-tab-title-2149611813\" data-tab-title-id=\"e-n-tab-title-2149611813\" class=\"e-n-tab-title\" aria-selected=\"false\" data-tab-index=\"3\" role=\"tab\" tabindex=\"-1\" aria-controls=\"e-n-tab-content-2149611813\" style=\"--n-tabs-title-order: 3;\">\n\t\t\t\t\t\t<span class=\"e-n-tab-title-text\">\n\t\t\t\tTren\t\t\t<\/span>\n\t\t<\/button>\n\t\t\t\t<button id=\"e-n-tab-title-2149611814\" data-tab-title-id=\"e-n-tab-title-2149611814\" class=\"e-n-tab-title\" aria-selected=\"false\" data-tab-index=\"4\" role=\"tab\" tabindex=\"-1\" aria-controls=\"e-n-tab-content-2149611814\" style=\"--n-tabs-title-order: 4;\">\n\t\t\t\t\t\t<span class=\"e-n-tab-title-text\">\n\t\t\t\tBus\t\t\t<\/span>\n\t\t<\/button>\n\t\t\t\t\t<\/div>\n\t\t\t<div class=\"e-n-tabs-content\">\n\t\t\t\t<div id=\"e-n-tab-content-2149611811\" role=\"tabpanel\" aria-labelledby=\"e-n-tab-title-2149611811\" data-tab-index=\"1\" style=\"--n-tabs-title-order: 1;\" class=\"e-active elementor-element elementor-element-14298d6 e-con-full e-flex e-con e-child\" data-id=\"14298d6\" data-element_type=\"container\" data-e-type=\"container\">\n\t\t\t\t<div class=\"elementor-element elementor-element-c0978bd elementor-widget elementor-widget-text-editor\" data-id=\"c0978bd\" data-element_type=\"widget\" data-e-type=\"widget\" data-widget_type=\"text-editor.default\">\n\t\t\t\t<div class=\"elementor-widget-container\">\n\t\t\t\t\t\t\t\t\t<p><strong>Distancias:<\/strong> Port- la-nouvelle 30M, Banyuls-sur-Mer 4M, Le Cap d&#8217;Agde 49M, Saint-Cyprien 7M<\/p><p><strong>Puntos de referencia desde el mar:<\/strong> Cap B\u00e9ar a 1M del puerto (faro y sem\u00e1foro blanco FI(3)O.15s.80m30M)<\/p><p><strong>Aproximaci\u00f3n<\/strong>:\u00a0<strong>De d\u00eda:<\/strong> Por fuertes vientos de NE a E, oleaje y resaca muy fuertes alrededor del Cap B\u00e9ar. Dif\u00edcil acceso al puerto antes del abrigo del rompeolas.<\/p><p><strong>Acceso:<\/strong> F\u00e1cil d\u00eda y noche con tiempo maniobrable, oleaje con vientos del NW. Puerto protegido de los vientos del NO (o tramontana) y del SO (o de popa), que son m\u00e1s frecuentes en el NE.<\/p><p><strong>Luces de entrada:<\/strong> Pase de entrada: M\u00f4le-abri (42\u00b031,4N \u2013 003\u00b007\u2032,0 E)\u00a0FI(2)R.6s20m8M; Fort du Fanal (42\u00b031,3N \u2013 003\u00b006\u2032,8 E)\u00a0Oc.G.4s29m8M; Balise du fort du Fanal (SE)\u00a0FI(2)G.6s9m4M;\u00a0Anse Gerbal (42\u00b031,2 N \u2013 003\u00b006\u2032,7 E)\u00a0FI(3).G.12s4m2M;\u00a0Pointes des Pilotes\u00a0FI(4).G.15s4m2M; Pointe de la Presqu\u2019\u00eeleFI(4)R.15s3m2M<\/p><p><strong>Alineaci\u00f3n de acceso:<\/strong> 2 luces b.sc. a 198\u00b0, 5 sect. intensa de 3\u00b0(196\u00b0-199\u00b0), 8\/10 M<\/p><p><strong>Postes de se\u00f1alizaci\u00f3n:<\/strong> Tanto de d\u00eda como de noche: 3 luces superpuestas a occ.lentas (lum. 4s, osc.2s); buque maniobrando, VHF 12; <strong>R\/R\/R<\/strong>: cuando las tres luces rojas est\u00e1n encendidas, la entrada y la salida est\u00e1n prohibidas; <strong>3 luces apagadas<\/strong>: libertad de maniobra.<br \/><strong>Todos los buques de m\u00e1s de 45 m est\u00e1n sujetos a pilotaje.<\/strong><\/p>\t\t\t\t\t\t\t\t<\/div>\n\t\t\t\t<\/div>\n\t\t\t\t<\/div>\n\t\t<div id=\"e-n-tab-content-2149611812\" role=\"tabpanel\" aria-labelledby=\"e-n-tab-title-2149611812\" data-tab-index=\"2\" style=\"--n-tabs-title-order: 2;\" class=\" elementor-element elementor-element-c0078c4 e-con-full e-flex e-con e-child\" data-id=\"c0078c4\" data-element_type=\"container\" data-e-type=\"container\">\n\t\t\t\t<div class=\"elementor-element elementor-element-eccf06d elementor-widget elementor-widget-text-editor\" data-id=\"eccf06d\" data-element_type=\"widget\" data-e-type=\"widget\" data-widget_type=\"text-editor.default\">\n\t\t\t\t<div class=\"elementor-widget-container\">\n\t\t\t\t\t\t\t\t\t<p><strong>Por autopista:<\/strong>\u00a0<\/p><p>Desde el norte: Salida Perpignan Sud &#8211; Direcci\u00f3n Port-Vendres<\/p><p>Desde Espa\u00f1a: Salida Le Boulou &#8211; Direcci\u00f3n Argel\u00e8s-sur-mer, Port-Vendres<\/p><p><strong>Aparcamiento<\/strong>:\u00a0<\/p><p>Parking de l\u2019ob\u00e9lisque (2 min a pie)<\/p><p>Parking del puerto (8 min a pie)<\/p><p>Parking place Castellane (10 min a pie)<\/p>\t\t\t\t\t\t\t\t<\/div>\n\t\t\t\t<\/div>\n\t\t\t\t<\/div>\n\t\t<div id=\"e-n-tab-content-2149611813\" role=\"tabpanel\" aria-labelledby=\"e-n-tab-title-2149611813\" data-tab-index=\"3\" style=\"--n-tabs-title-order: 3;\" class=\" elementor-element elementor-element-757b9cd e-con-full e-flex e-con e-child\" data-id=\"757b9cd\" data-element_type=\"container\" data-e-type=\"container\">\n\t\t\t\t<div class=\"elementor-element elementor-element-73b3b46 elementor-widget elementor-widget-text-editor\" data-id=\"73b3b46\" data-element_type=\"widget\" data-e-type=\"widget\" data-widget_type=\"text-editor.default\">\n\t\t\t\t<div class=\"elementor-widget-container\">\n\t\t\t\t\t\t\t\t\t<p>Aproximadamente un tren por hora hacia y desde Port-Vendres<\/p><p>Informaci\u00f3n y reservas en: <span style=\"text-decoration: underline;\"><a href=\"http:\/\/www.sncf-connect.com\" target=\"_blank\" rel=\"noopener\">www.sncf-connect.com<\/a><\/span><\/p>\t\t\t\t\t\t\t\t<\/div>\n\t\t\t\t<\/div>\n\t\t\t\t<\/div>\n\t\t<div id=\"e-n-tab-content-2149611814\" role=\"tabpanel\" aria-labelledby=\"e-n-tab-title-2149611814\" data-tab-index=\"4\" style=\"--n-tabs-title-order: 4;\" class=\" elementor-element elementor-element-5f0060d e-con-full e-flex e-con e-child\" data-id=\"5f0060d\" data-element_type=\"container\" data-e-type=\"container\">\n\t\t\t\t<div class=\"elementor-element elementor-element-808ff0f elementor-widget elementor-widget-text-editor\" data-id=\"808ff0f\" data-element_type=\"widget\" data-e-type=\"widget\" data-widget_type=\"text-editor.default\">\n\t\t\t\t<div class=\"elementor-widget-container\">\n\t\t\t\t\t\t\t\t\t<p>Para viajar hacia o desde Perpi\u00f1\u00e1n, l\u00ednea 540.<\/p><p>Desde la propia localidad de Port-Vendres, descargue y consulte los horarios del servicio de lanzadera urbano<span style=\"text-decoration: underline;\"> <a href=\"https:\/\/www.lio-occitanie.fr\/horaires-et-plans\/\" target=\"_blank\" rel=\"noopener\">aqu\u00ed<\/a>.<\/span><\/p>\t\t\t\t\t\t\t\t<\/div>\n\t\t\t\t<\/div>\n\t\t\t\t<\/div>\n\t\t\t\t\t<\/div>\n\t\t<\/div>\n\t\t\t\t\t\t<\/div>\n\t\t\t\t<\/div>\n\t\t\t\t\t<\/div>\n\t\t\t\t<\/div>\n\t\t\t\t<\/div>\n\t\t","protected":false},"excerpt":{"rendered":"<p>\u00bfC\u00f3mo acceder al puerto? El puerto de Port-Vendres es f\u00e1cilmente accesible por tierra o por mar. A continuaci\u00f3n, ofrecemos un mapa detallado y toda la informaci\u00f3n pr\u00e1ctica necesaria en funci\u00f3n del modo de llegada al puerto. Mapa del puerto Acceso al puerto Barco Coche Tren Bus Distancias: Port- la-nouvelle 30M, Banyuls-sur-Mer 4M, Le Cap d&#8217;Agde [&hellip;]<\/p>\n","protected":false},"author":2,"featured_media":0,"parent":0,"menu_order":0,"comment_status":"closed","ping_status":"closed","template":"","meta":{"footnotes":""},"class_list":["post-4911","page","type-page","status-publish","hentry"],"yoast_head":"<!-- This site is optimized with the Yoast SEO plugin v27.3 - https:\/\/yoast.com\/product\/yoast-seo-wordpress\/ -->\n<title>\u25b7 Acceso al puerto de Port-Vendres. Por mar o tierra.<\/title>\n<meta name=\"description\" content=\"\u00bfC\u00f3mo acceder al puerto de Port-Vendres? En barco, en coche, en tren o en autob\u00fas, \u00a1el acceso multimodal es f\u00e1cil! Informaci\u00f3n aqu\u00ed.\" \/>\n<meta name=\"robots\" content=\"index, follow, max-snippet:-1, max-image-preview:large, max-video-preview:-1\" \/>\n<link rel=\"canonical\" href=\"https:\/\/portdeportvendres.com\/es\/mapa-y-acceso-al-puerto\/\" \/>\n<meta property=\"og:locale\" content=\"es_ES\" \/>\n<meta property=\"og:type\" content=\"article\" \/>\n<meta property=\"og:title\" content=\"\u25b7 Acceso al puerto de Port-Vendres. Por mar o tierra.\" \/>\n<meta property=\"og:description\" content=\"\u00bfC\u00f3mo acceder al puerto de Port-Vendres? En barco, en coche, en tren o en autob\u00fas, \u00a1el acceso multimodal es f\u00e1cil! Informaci\u00f3n aqu\u00ed.\" \/>\n<meta property=\"og:url\" content=\"https:\/\/portdeportvendres.com\/es\/mapa-y-acceso-al-puerto\/\" \/>\n<meta property=\"og:site_name\" content=\"Port de Port-vendres\" \/>\n<meta property=\"article:publisher\" content=\"https:\/\/www.facebook.com\/PortDePortVendres\/\" \/>\n<meta property=\"article:modified_time\" content=\"2025-02-12T09:51:10+00:00\" \/>\n<meta property=\"og:image\" content=\"https:\/\/portdeportvendres.com\/wp-content\/uploads\/2024\/04\/ligne.png\" \/>\n<meta name=\"twitter:card\" content=\"summary_large_image\" \/>\n<meta name=\"twitter:label1\" content=\"Tiempo de lectura\" \/>\n\t<meta name=\"twitter:data1\" content=\"5 minutos\" \/>\n<script type=\"application\/ld+json\" class=\"yoast-schema-graph\">{\"@context\":\"https:\\\/\\\/schema.org\",\"@graph\":[{\"@type\":\"WebPage\",\"@id\":\"https:\\\/\\\/portdeportvendres.com\\\/es\\\/mapa-y-acceso-al-puerto\\\/\",\"url\":\"https:\\\/\\\/portdeportvendres.com\\\/es\\\/mapa-y-acceso-al-puerto\\\/\",\"name\":\"\u25b7 Acceso al puerto de Port-Vendres. Por mar o tierra.\",\"isPartOf\":{\"@id\":\"https:\\\/\\\/portdeportvendres.com\\\/es\\\/#website\"},\"primaryImageOfPage\":{\"@id\":\"https:\\\/\\\/portdeportvendres.com\\\/es\\\/mapa-y-acceso-al-puerto\\\/#primaryimage\"},\"image\":{\"@id\":\"https:\\\/\\\/portdeportvendres.com\\\/es\\\/mapa-y-acceso-al-puerto\\\/#primaryimage\"},\"thumbnailUrl\":\"https:\\\/\\\/portdeportvendres.com\\\/wp-content\\\/uploads\\\/2024\\\/04\\\/ligne.png\",\"datePublished\":\"2024-05-16T08:46:07+00:00\",\"dateModified\":\"2025-02-12T09:51:10+00:00\",\"description\":\"\u00bfC\u00f3mo acceder al puerto de Port-Vendres? En barco, en coche, en tren o en autob\u00fas, \u00a1el acceso multimodal es f\u00e1cil! Informaci\u00f3n aqu\u00ed.\",\"breadcrumb\":{\"@id\":\"https:\\\/\\\/portdeportvendres.com\\\/es\\\/mapa-y-acceso-al-puerto\\\/#breadcrumb\"},\"inLanguage\":\"es\",\"potentialAction\":[{\"@type\":\"ReadAction\",\"target\":[\"https:\\\/\\\/portdeportvendres.com\\\/es\\\/mapa-y-acceso-al-puerto\\\/\"]}]},{\"@type\":\"ImageObject\",\"inLanguage\":\"es\",\"@id\":\"https:\\\/\\\/portdeportvendres.com\\\/es\\\/mapa-y-acceso-al-puerto\\\/#primaryimage\",\"url\":\"https:\\\/\\\/portdeportvendres.com\\\/wp-content\\\/uploads\\\/2024\\\/04\\\/ligne.png\",\"contentUrl\":\"https:\\\/\\\/portdeportvendres.com\\\/wp-content\\\/uploads\\\/2024\\\/04\\\/ligne.png\"},{\"@type\":\"BreadcrumbList\",\"@id\":\"https:\\\/\\\/portdeportvendres.com\\\/es\\\/mapa-y-acceso-al-puerto\\\/#breadcrumb\",\"itemListElement\":[{\"@type\":\"ListItem\",\"position\":1,\"name\":\"Home\",\"item\":\"https:\\\/\\\/portdeportvendres.com\\\/es\\\/\"},{\"@type\":\"ListItem\",\"position\":2,\"name\":\"Mapa y acceso al puerto\"}]},{\"@type\":\"WebSite\",\"@id\":\"https:\\\/\\\/portdeportvendres.com\\\/es\\\/#website\",\"url\":\"https:\\\/\\\/portdeportvendres.com\\\/es\\\/\",\"name\":\"Port de Port-vendres\",\"description\":\"\",\"publisher\":{\"@id\":\"https:\\\/\\\/portdeportvendres.com\\\/es\\\/#organization\"},\"potentialAction\":[{\"@type\":\"SearchAction\",\"target\":{\"@type\":\"EntryPoint\",\"urlTemplate\":\"https:\\\/\\\/portdeportvendres.com\\\/es\\\/?s={search_term_string}\"},\"query-input\":{\"@type\":\"PropertyValueSpecification\",\"valueRequired\":true,\"valueName\":\"search_term_string\"}}],\"inLanguage\":\"es\"},{\"@type\":\"Organization\",\"@id\":\"https:\\\/\\\/portdeportvendres.com\\\/es\\\/#organization\",\"name\":\"Port de Port-Vendres\",\"url\":\"https:\\\/\\\/portdeportvendres.com\\\/es\\\/\",\"logo\":{\"@type\":\"ImageObject\",\"inLanguage\":\"es\",\"@id\":\"https:\\\/\\\/portdeportvendres.com\\\/es\\\/#\\\/schema\\\/logo\\\/image\\\/\",\"url\":\"https:\\\/\\\/portdeportvendres.com\\\/wp-content\\\/uploads\\\/2024\\\/04\\\/Logo-Compagnie-PV_Gris_Bleu_Vecto.svg\",\"contentUrl\":\"https:\\\/\\\/portdeportvendres.com\\\/wp-content\\\/uploads\\\/2024\\\/04\\\/Logo-Compagnie-PV_Gris_Bleu_Vecto.svg\",\"width\":673,\"height\":205,\"caption\":\"Port de Port-Vendres\"},\"image\":{\"@id\":\"https:\\\/\\\/portdeportvendres.com\\\/es\\\/#\\\/schema\\\/logo\\\/image\\\/\"},\"sameAs\":[\"https:\\\/\\\/www.facebook.com\\\/PortDePortVendres\\\/\",\"https:\\\/\\\/www.instagram.com\\\/port_de_portvendres_officiel\\\/\"]}]}<\/script>\n<!-- \/ Yoast SEO plugin. -->","yoast_head_json":{"title":"\u25b7 Acceso al puerto de Port-Vendres. Por mar o tierra.","description":"\u00bfC\u00f3mo acceder al puerto de Port-Vendres? En barco, en coche, en tren o en autob\u00fas, \u00a1el acceso multimodal es f\u00e1cil! Informaci\u00f3n aqu\u00ed.","robots":{"index":"index","follow":"follow","max-snippet":"max-snippet:-1","max-image-preview":"max-image-preview:large","max-video-preview":"max-video-preview:-1"},"canonical":"https:\/\/portdeportvendres.com\/es\/mapa-y-acceso-al-puerto\/","og_locale":"es_ES","og_type":"article","og_title":"\u25b7 Acceso al puerto de Port-Vendres. Por mar o tierra.","og_description":"\u00bfC\u00f3mo acceder al puerto de Port-Vendres? En barco, en coche, en tren o en autob\u00fas, \u00a1el acceso multimodal es f\u00e1cil! Informaci\u00f3n aqu\u00ed.","og_url":"https:\/\/portdeportvendres.com\/es\/mapa-y-acceso-al-puerto\/","og_site_name":"Port de Port-vendres","article_publisher":"https:\/\/www.facebook.com\/PortDePortVendres\/","article_modified_time":"2025-02-12T09:51:10+00:00","og_image":[{"url":"https:\/\/portdeportvendres.com\/wp-content\/uploads\/2024\/04\/ligne.png","type":"","width":"","height":""}],"twitter_card":"summary_large_image","twitter_misc":{"Tiempo de lectura":"5 minutos"},"schema":{"@context":"https:\/\/schema.org","@graph":[{"@type":"WebPage","@id":"https:\/\/portdeportvendres.com\/es\/mapa-y-acceso-al-puerto\/","url":"https:\/\/portdeportvendres.com\/es\/mapa-y-acceso-al-puerto\/","name":"\u25b7 Acceso al puerto de Port-Vendres. Por mar o tierra.","isPartOf":{"@id":"https:\/\/portdeportvendres.com\/es\/#website"},"primaryImageOfPage":{"@id":"https:\/\/portdeportvendres.com\/es\/mapa-y-acceso-al-puerto\/#primaryimage"},"image":{"@id":"https:\/\/portdeportvendres.com\/es\/mapa-y-acceso-al-puerto\/#primaryimage"},"thumbnailUrl":"https:\/\/portdeportvendres.com\/wp-content\/uploads\/2024\/04\/ligne.png","datePublished":"2024-05-16T08:46:07+00:00","dateModified":"2025-02-12T09:51:10+00:00","description":"\u00bfC\u00f3mo acceder al puerto de Port-Vendres? En barco, en coche, en tren o en autob\u00fas, \u00a1el acceso multimodal es f\u00e1cil! Informaci\u00f3n aqu\u00ed.","breadcrumb":{"@id":"https:\/\/portdeportvendres.com\/es\/mapa-y-acceso-al-puerto\/#breadcrumb"},"inLanguage":"es","potentialAction":[{"@type":"ReadAction","target":["https:\/\/portdeportvendres.com\/es\/mapa-y-acceso-al-puerto\/"]}]},{"@type":"ImageObject","inLanguage":"es","@id":"https:\/\/portdeportvendres.com\/es\/mapa-y-acceso-al-puerto\/#primaryimage","url":"https:\/\/portdeportvendres.com\/wp-content\/uploads\/2024\/04\/ligne.png","contentUrl":"https:\/\/portdeportvendres.com\/wp-content\/uploads\/2024\/04\/ligne.png"},{"@type":"BreadcrumbList","@id":"https:\/\/portdeportvendres.com\/es\/mapa-y-acceso-al-puerto\/#breadcrumb","itemListElement":[{"@type":"ListItem","position":1,"name":"Home","item":"https:\/\/portdeportvendres.com\/es\/"},{"@type":"ListItem","position":2,"name":"Mapa y acceso al puerto"}]},{"@type":"WebSite","@id":"https:\/\/portdeportvendres.com\/es\/#website","url":"https:\/\/portdeportvendres.com\/es\/","name":"Port de Port-vendres","description":"","publisher":{"@id":"https:\/\/portdeportvendres.com\/es\/#organization"},"potentialAction":[{"@type":"SearchAction","target":{"@type":"EntryPoint","urlTemplate":"https:\/\/portdeportvendres.com\/es\/?s={search_term_string}"},"query-input":{"@type":"PropertyValueSpecification","valueRequired":true,"valueName":"search_term_string"}}],"inLanguage":"es"},{"@type":"Organization","@id":"https:\/\/portdeportvendres.com\/es\/#organization","name":"Port de Port-Vendres","url":"https:\/\/portdeportvendres.com\/es\/","logo":{"@type":"ImageObject","inLanguage":"es","@id":"https:\/\/portdeportvendres.com\/es\/#\/schema\/logo\/image\/","url":"https:\/\/portdeportvendres.com\/wp-content\/uploads\/2024\/04\/Logo-Compagnie-PV_Gris_Bleu_Vecto.svg","contentUrl":"https:\/\/portdeportvendres.com\/wp-content\/uploads\/2024\/04\/Logo-Compagnie-PV_Gris_Bleu_Vecto.svg","width":673,"height":205,"caption":"Port de Port-Vendres"},"image":{"@id":"https:\/\/portdeportvendres.com\/es\/#\/schema\/logo\/image\/"},"sameAs":["https:\/\/www.facebook.com\/PortDePortVendres\/","https:\/\/www.instagram.com\/port_de_portvendres_officiel\/"]}]}},"_links":{"self":[{"href":"https:\/\/portdeportvendres.com\/es\/wp-json\/wp\/v2\/pages\/4911","targetHints":{"allow":["GET"]}}],"collection":[{"href":"https:\/\/portdeportvendres.com\/es\/wp-json\/wp\/v2\/pages"}],"about":[{"href":"https:\/\/portdeportvendres.com\/es\/wp-json\/wp\/v2\/types\/page"}],"author":[{"embeddable":true,"href":"https:\/\/portdeportvendres.com\/es\/wp-json\/wp\/v2\/users\/2"}],"replies":[{"embeddable":true,"href":"https:\/\/portdeportvendres.com\/es\/wp-json\/wp\/v2\/comments?post=4911"}],"version-history":[{"count":10,"href":"https:\/\/portdeportvendres.com\/es\/wp-json\/wp\/v2\/pages\/4911\/revisions"}],"predecessor-version":[{"id":5134,"href":"https:\/\/portdeportvendres.com\/es\/wp-json\/wp\/v2\/pages\/4911\/revisions\/5134"}],"wp:attachment":[{"href":"https:\/\/portdeportvendres.com\/es\/wp-json\/wp\/v2\/media?parent=4911"}],"curies":[{"name":"wp","href":"https:\/\/api.w.org\/{rel}","templated":true}]}}