{"id":4974,"date":"2024-05-16T08:46:02","date_gmt":"2024-05-16T08:46:02","guid":{"rendered":"https:\/\/portdeportvendres.com\/port-de-peche\/"},"modified":"2025-02-12T09:18:46","modified_gmt":"2025-02-12T09:18:46","slug":"puerto-de-pesca","status":"publish","type":"page","link":"https:\/\/portdeportvendres.com\/es\/puerto-de-pesca\/","title":{"rendered":"Puerto de pesca"},"content":{"rendered":"\t\t<div data-elementor-type=\"wp-page\" data-elementor-id=\"4974\" class=\"elementor elementor-4974 elementor-44\" data-elementor-post-type=\"page\">\n\t\t\t\t<div class=\"elementor-element elementor-element-2933e23 e-flex e-con-boxed e-con e-parent\" data-id=\"2933e23\" data-element_type=\"container\" data-e-type=\"container\" data-settings=\"{&quot;background_background&quot;:&quot;classic&quot;}\">\n\t\t\t\t\t<div class=\"e-con-inner\">\n\t\t\t\t<div class=\"elementor-element elementor-element-ef43236 elementor-hidden-tablet elementor-widget elementor-widget-image\" data-id=\"ef43236\" data-element_type=\"widget\" data-e-type=\"widget\" data-widget_type=\"image.default\">\n\t\t\t\t<div class=\"elementor-widget-container\">\n\t\t\t\t\t\t\t\t\t\t\t\t\t\t\t<img fetchpriority=\"high\" decoding=\"async\" width=\"627\" height=\"398\" src=\"https:\/\/portdeportvendres.com\/wp-content\/uploads\/2024\/04\/ligne.png\" class=\"attachment-full size-full wp-image-4164\" alt=\"\" srcset=\"https:\/\/portdeportvendres.com\/wp-content\/uploads\/2024\/04\/ligne.png 627w, https:\/\/portdeportvendres.com\/wp-content\/uploads\/2024\/04\/ligne-300x190.png 300w\" sizes=\"(max-width: 627px) 100vw, 627px\" \/>\t\t\t\t\t\t\t\t\t\t\t\t\t\t\t<\/div>\n\t\t\t\t<\/div>\n\t\t\t\t\t<\/div>\n\t\t\t\t<\/div>\n\t\t<div class=\"elementor-element elementor-element-b49c1a6 e-flex e-con-boxed e-con e-parent\" data-id=\"b49c1a6\" data-element_type=\"container\" data-e-type=\"container\">\n\t\t\t\t\t<div class=\"e-con-inner\">\n\t\t\t\t<div class=\"elementor-element elementor-element-47347f3 elementor-widget elementor-widget-heading\" data-id=\"47347f3\" data-element_type=\"widget\" data-e-type=\"widget\" data-widget_type=\"heading.default\">\n\t\t\t\t<div class=\"elementor-widget-container\">\n\t\t\t\t\t<h1 class=\"elementor-heading-title elementor-size-default\">Descubrir el puerto de pesca<\/h1>\t\t\t\t<\/div>\n\t\t\t\t<\/div>\n\t\t\t\t<div class=\"elementor-element elementor-element-2e7147b elementor-widget elementor-widget-text-editor\" data-id=\"2e7147b\" data-element_type=\"widget\" data-e-type=\"widget\" data-widget_type=\"text-editor.default\">\n\t\t\t\t<div class=\"elementor-widget-container\">\n\t\t\t\t\t\t\t\t\t<p>\u00a1El puerto de pesca de Port-Vendres ofrece venta de pescado reci\u00e9n sacado del agua en el ambiente genuino y acogedor tan caracter\u00edstico de los puestos de pesca!<\/p>\t\t\t\t\t\t\t\t<\/div>\n\t\t\t\t<\/div>\n\t\t\t\t\t<\/div>\n\t\t\t\t<\/div>\n\t\t<div class=\"elementor-element elementor-element-acb96f8 e-flex e-con-boxed e-con e-parent\" data-id=\"acb96f8\" data-element_type=\"container\" data-e-type=\"container\" id=\"vente\">\n\t\t\t\t\t<div class=\"e-con-inner\">\n\t\t<div class=\"elementor-element elementor-element-bbc986c e-con-full e-flex e-con e-child\" data-id=\"bbc986c\" data-element_type=\"container\" data-e-type=\"container\">\n\t\t\t\t<div class=\"elementor-element elementor-element-1201560 elementor-widget elementor-widget-heading\" data-id=\"1201560\" data-element_type=\"widget\" data-e-type=\"widget\" data-widget_type=\"heading.default\">\n\t\t\t\t<div class=\"elementor-widget-container\">\n\t\t\t\t\t<h2 class=\"elementor-heading-title elementor-size-default\">Del mar al plato - Venta directa en muelle<\/h2>\t\t\t\t<\/div>\n\t\t\t\t<\/div>\n\t\t\t\t<div class=\"elementor-element elementor-element-f74cb8b elementor-widget elementor-widget-text-editor\" data-id=\"f74cb8b\" data-element_type=\"widget\" data-e-type=\"widget\" data-widget_type=\"text-editor.default\">\n\t\t\t\t<div class=\"elementor-widget-container\">\n\t\t\t\t\t\t\t\t\t<p>Algunos pescadores est\u00e1n presentes en los muelles durante <strong>todo el a\u00f1o<\/strong>, aunque el n\u00famero de puestos aumenta durante la temporada de verano. \u00a1Comprar pescado fresco directamente a los pescadores es un lujo que todo el mundo deber\u00eda permitirse!<\/p>\t\t\t\t\t\t\t\t<\/div>\n\t\t\t\t<\/div>\n\t\t\t\t<\/div>\n\t\t<div class=\"elementor-element elementor-element-c008084 e-con-full e-flex e-con e-child\" data-id=\"c008084\" data-element_type=\"container\" data-e-type=\"container\" data-settings=\"{&quot;background_background&quot;:&quot;slideshow&quot;,&quot;background_slideshow_gallery&quot;:[{&quot;id&quot;:3366,&quot;url&quot;:&quot;https:\\\/\\\/portdeportvendres.com\\\/wp-content\\\/uploads\\\/2024\\\/06\\\/pexels-polinachistyakova-18252686-e1718878580226.jpg&quot;},{&quot;id&quot;:3479,&quot;url&quot;:&quot;https:\\\/\\\/portdeportvendres.com\\\/wp-content\\\/uploads\\\/2024\\\/06\\\/pexels-cottonbro-5608066.jpg&quot;}],&quot;background_slideshow_ken_burns&quot;:&quot;yes&quot;,&quot;background_slideshow_loop&quot;:&quot;yes&quot;,&quot;background_slideshow_slide_duration&quot;:5000,&quot;background_slideshow_slide_transition&quot;:&quot;fade&quot;,&quot;background_slideshow_transition_duration&quot;:500,&quot;background_slideshow_ken_burns_zoom_direction&quot;:&quot;in&quot;}\">\n\t\t\t\t<\/div>\n\t\t\t\t\t<\/div>\n\t\t\t\t<\/div>\n\t\t<div class=\"elementor-element elementor-element-e70df5c e-flex e-con-boxed e-con e-parent\" data-id=\"e70df5c\" data-element_type=\"container\" data-e-type=\"container\" id=\"histoire\">\n\t\t\t\t\t<div class=\"e-con-inner\">\n\t\t<div class=\"elementor-element elementor-element-88bdc35 e-con-full e-flex e-con e-child\" data-id=\"88bdc35\" data-element_type=\"container\" data-e-type=\"container\" data-settings=\"{&quot;background_background&quot;:&quot;slideshow&quot;,&quot;background_slideshow_gallery&quot;:[{&quot;id&quot;:3948,&quot;url&quot;:&quot;https:\\\/\\\/portdeportvendres.com\\\/wp-content\\\/uploads\\\/2024\\\/07\\\/36725_Port-Vendres-CPV_130624-scaled.jpg&quot;}],&quot;background_slideshow_ken_burns&quot;:&quot;yes&quot;,&quot;background_slideshow_loop&quot;:&quot;yes&quot;,&quot;background_slideshow_slide_duration&quot;:5000,&quot;background_slideshow_slide_transition&quot;:&quot;fade&quot;,&quot;background_slideshow_transition_duration&quot;:500,&quot;background_slideshow_ken_burns_zoom_direction&quot;:&quot;in&quot;}\">\n\t\t\t\t<\/div>\n\t\t<div class=\"elementor-element elementor-element-54f3cb8 e-con-full e-flex e-con e-child\" data-id=\"54f3cb8\" data-element_type=\"container\" data-e-type=\"container\">\n\t\t\t\t<div class=\"elementor-element elementor-element-c3ce211 elementor-widget elementor-widget-heading\" data-id=\"c3ce211\" data-element_type=\"widget\" data-e-type=\"widget\" data-widget_type=\"heading.default\">\n\t\t\t\t<div class=\"elementor-widget-container\">\n\t\t\t\t\t<h2 class=\"elementor-heading-title elementor-size-default\">Historia del puerto de pesca<\/h2>\t\t\t\t<\/div>\n\t\t\t\t<\/div>\n\t\t\t\t<div class=\"elementor-element elementor-element-3abf275 elementor-widget elementor-widget-text-editor\" data-id=\"3abf275\" data-element_type=\"widget\" data-e-type=\"widget\" data-widget_type=\"text-editor.default\">\n\t\t\t\t<div class=\"elementor-widget-container\">\n\t\t\t\t\t\t\t\t\t<p>Port-Vendres, hist\u00f3rico puerto de pesca, alberga una <strong>docena de barcos de pesca artesanal<\/strong> y <strong>tres atuneros<\/strong>, que abastecen a los restaurantes locales. Una<strong> corta cadena<\/strong> de suministro que garantiza la calidad y frescura de los productos servidos directamente en los muelles.\u00a0<\/p>\t\t\t\t\t\t\t\t<\/div>\n\t\t\t\t<\/div>\n\t\t\t\t<\/div>\n\t\t\t\t\t<\/div>\n\t\t\t\t<\/div>\n\t\t\t\t<\/div>\n\t\t","protected":false},"excerpt":{"rendered":"<p>Descubrir el puerto de pesca \u00a1El puerto de pesca de Port-Vendres ofrece venta de pescado reci\u00e9n sacado del agua en el ambiente genuino y acogedor tan caracter\u00edstico de los puestos de pesca! Del mar al plato &#8211; Venta directa en muelle Algunos pescadores est\u00e1n presentes en los muelles durante todo el a\u00f1o, aunque el n\u00famero [&hellip;]<\/p>\n","protected":false},"author":2,"featured_media":4473,"parent":0,"menu_order":0,"comment_status":"closed","ping_status":"closed","template":"","meta":{"footnotes":""},"class_list":["post-4974","page","type-page","status-publish","has-post-thumbnail","hentry"],"yoast_head":"<!-- This site is optimized with the Yoast SEO plugin v27.3 - https:\/\/yoast.com\/product\/yoast-seo-wordpress\/ -->\n<title>Puerto de pesca sostenible de circuito corto en Port-Vendres.<\/title>\n<meta name=\"description\" content=\"Hist\u00f3rico y din\u00e1mico con su muelle del Patrimonio y pescadores todo el a\u00f1o, el puerto de pesca da vida a la ciudad. \u00a1Vis\u00edtalo!\" \/>\n<meta name=\"robots\" content=\"index, follow, max-snippet:-1, max-image-preview:large, max-video-preview:-1\" \/>\n<link rel=\"canonical\" href=\"https:\/\/portdeportvendres.com\/es\/puerto-de-pesca\/\" \/>\n<meta property=\"og:locale\" content=\"es_ES\" \/>\n<meta property=\"og:type\" content=\"article\" \/>\n<meta property=\"og:title\" content=\"Puerto de pesca sostenible de circuito corto en Port-Vendres.\" \/>\n<meta property=\"og:description\" content=\"Hist\u00f3rico y din\u00e1mico con su muelle del Patrimonio y pescadores todo el a\u00f1o, el puerto de pesca da vida a la ciudad. \u00a1Vis\u00edtalo!\" \/>\n<meta property=\"og:url\" content=\"https:\/\/portdeportvendres.com\/es\/puerto-de-pesca\/\" \/>\n<meta property=\"og:site_name\" content=\"Port de Port-vendres\" \/>\n<meta property=\"article:publisher\" content=\"https:\/\/www.facebook.com\/PortDePortVendres\/\" \/>\n<meta property=\"article:modified_time\" content=\"2025-02-12T09:18:46+00:00\" \/>\n<meta property=\"og:image\" content=\"https:\/\/portdeportvendres.com\/wp-content\/uploads\/2024\/06\/36727_Port-Vendres-CPV_130624.jpg\" \/>\n\t<meta property=\"og:image:width\" content=\"1200\" \/>\n\t<meta property=\"og:image:height\" content=\"799\" \/>\n\t<meta property=\"og:image:type\" content=\"image\/jpeg\" \/>\n<meta name=\"twitter:card\" content=\"summary_large_image\" \/>\n<meta name=\"twitter:label1\" content=\"Tiempo de lectura\" \/>\n\t<meta name=\"twitter:data1\" content=\"2 minutos\" \/>\n<script type=\"application\/ld+json\" class=\"yoast-schema-graph\">{\"@context\":\"https:\\\/\\\/schema.org\",\"@graph\":[{\"@type\":\"WebPage\",\"@id\":\"https:\\\/\\\/portdeportvendres.com\\\/es\\\/puerto-de-pesca\\\/\",\"url\":\"https:\\\/\\\/portdeportvendres.com\\\/es\\\/puerto-de-pesca\\\/\",\"name\":\"Puerto de pesca sostenible de circuito corto en Port-Vendres.\",\"isPartOf\":{\"@id\":\"https:\\\/\\\/portdeportvendres.com\\\/es\\\/#website\"},\"primaryImageOfPage\":{\"@id\":\"https:\\\/\\\/portdeportvendres.com\\\/es\\\/puerto-de-pesca\\\/#primaryimage\"},\"image\":{\"@id\":\"https:\\\/\\\/portdeportvendres.com\\\/es\\\/puerto-de-pesca\\\/#primaryimage\"},\"thumbnailUrl\":\"https:\\\/\\\/portdeportvendres.com\\\/wp-content\\\/uploads\\\/2024\\\/06\\\/36727_Port-Vendres-CPV_130624.jpg\",\"datePublished\":\"2024-05-16T08:46:02+00:00\",\"dateModified\":\"2025-02-12T09:18:46+00:00\",\"description\":\"Hist\u00f3rico y din\u00e1mico con su muelle del Patrimonio y pescadores todo el a\u00f1o, el puerto de pesca da vida a la ciudad. \u00a1Vis\u00edtalo!\",\"breadcrumb\":{\"@id\":\"https:\\\/\\\/portdeportvendres.com\\\/es\\\/puerto-de-pesca\\\/#breadcrumb\"},\"inLanguage\":\"es\",\"potentialAction\":[{\"@type\":\"ReadAction\",\"target\":[\"https:\\\/\\\/portdeportvendres.com\\\/es\\\/puerto-de-pesca\\\/\"]}]},{\"@type\":\"ImageObject\",\"inLanguage\":\"es\",\"@id\":\"https:\\\/\\\/portdeportvendres.com\\\/es\\\/puerto-de-pesca\\\/#primaryimage\",\"url\":\"https:\\\/\\\/portdeportvendres.com\\\/wp-content\\\/uploads\\\/2024\\\/06\\\/36727_Port-Vendres-CPV_130624.jpg\",\"contentUrl\":\"https:\\\/\\\/portdeportvendres.com\\\/wp-content\\\/uploads\\\/2024\\\/06\\\/36727_Port-Vendres-CPV_130624.jpg\",\"width\":1200,\"height\":799,\"caption\":\"(66) Pyrenees-Orientales: Port-Vendres, le port pour Compagnie Port-Vendraise.\"},{\"@type\":\"BreadcrumbList\",\"@id\":\"https:\\\/\\\/portdeportvendres.com\\\/es\\\/puerto-de-pesca\\\/#breadcrumb\",\"itemListElement\":[{\"@type\":\"ListItem\",\"position\":1,\"name\":\"Home\",\"item\":\"https:\\\/\\\/portdeportvendres.com\\\/es\\\/\"},{\"@type\":\"ListItem\",\"position\":2,\"name\":\"Puerto de pesca\"}]},{\"@type\":\"WebSite\",\"@id\":\"https:\\\/\\\/portdeportvendres.com\\\/es\\\/#website\",\"url\":\"https:\\\/\\\/portdeportvendres.com\\\/es\\\/\",\"name\":\"Port de Port-vendres\",\"description\":\"\",\"publisher\":{\"@id\":\"https:\\\/\\\/portdeportvendres.com\\\/es\\\/#organization\"},\"potentialAction\":[{\"@type\":\"SearchAction\",\"target\":{\"@type\":\"EntryPoint\",\"urlTemplate\":\"https:\\\/\\\/portdeportvendres.com\\\/es\\\/?s={search_term_string}\"},\"query-input\":{\"@type\":\"PropertyValueSpecification\",\"valueRequired\":true,\"valueName\":\"search_term_string\"}}],\"inLanguage\":\"es\"},{\"@type\":\"Organization\",\"@id\":\"https:\\\/\\\/portdeportvendres.com\\\/es\\\/#organization\",\"name\":\"Port de Port-Vendres\",\"url\":\"https:\\\/\\\/portdeportvendres.com\\\/es\\\/\",\"logo\":{\"@type\":\"ImageObject\",\"inLanguage\":\"es\",\"@id\":\"https:\\\/\\\/portdeportvendres.com\\\/es\\\/#\\\/schema\\\/logo\\\/image\\\/\",\"url\":\"https:\\\/\\\/portdeportvendres.com\\\/wp-content\\\/uploads\\\/2024\\\/04\\\/Logo-Compagnie-PV_Gris_Bleu_Vecto.svg\",\"contentUrl\":\"https:\\\/\\\/portdeportvendres.com\\\/wp-content\\\/uploads\\\/2024\\\/04\\\/Logo-Compagnie-PV_Gris_Bleu_Vecto.svg\",\"width\":673,\"height\":205,\"caption\":\"Port de Port-Vendres\"},\"image\":{\"@id\":\"https:\\\/\\\/portdeportvendres.com\\\/es\\\/#\\\/schema\\\/logo\\\/image\\\/\"},\"sameAs\":[\"https:\\\/\\\/www.facebook.com\\\/PortDePortVendres\\\/\",\"https:\\\/\\\/www.instagram.com\\\/port_de_portvendres_officiel\\\/\"]}]}<\/script>\n<!-- \/ Yoast SEO plugin. -->","yoast_head_json":{"title":"Puerto de pesca sostenible de circuito corto en Port-Vendres.","description":"Hist\u00f3rico y din\u00e1mico con su muelle del Patrimonio y pescadores todo el a\u00f1o, el puerto de pesca da vida a la ciudad. \u00a1Vis\u00edtalo!","robots":{"index":"index","follow":"follow","max-snippet":"max-snippet:-1","max-image-preview":"max-image-preview:large","max-video-preview":"max-video-preview:-1"},"canonical":"https:\/\/portdeportvendres.com\/es\/puerto-de-pesca\/","og_locale":"es_ES","og_type":"article","og_title":"Puerto de pesca sostenible de circuito corto en Port-Vendres.","og_description":"Hist\u00f3rico y din\u00e1mico con su muelle del Patrimonio y pescadores todo el a\u00f1o, el puerto de pesca da vida a la ciudad. \u00a1Vis\u00edtalo!","og_url":"https:\/\/portdeportvendres.com\/es\/puerto-de-pesca\/","og_site_name":"Port de Port-vendres","article_publisher":"https:\/\/www.facebook.com\/PortDePortVendres\/","article_modified_time":"2025-02-12T09:18:46+00:00","og_image":[{"width":1200,"height":799,"url":"https:\/\/portdeportvendres.com\/wp-content\/uploads\/2024\/06\/36727_Port-Vendres-CPV_130624.jpg","type":"image\/jpeg"}],"twitter_card":"summary_large_image","twitter_misc":{"Tiempo de lectura":"2 minutos"},"schema":{"@context":"https:\/\/schema.org","@graph":[{"@type":"WebPage","@id":"https:\/\/portdeportvendres.com\/es\/puerto-de-pesca\/","url":"https:\/\/portdeportvendres.com\/es\/puerto-de-pesca\/","name":"Puerto de pesca sostenible de circuito corto en Port-Vendres.","isPartOf":{"@id":"https:\/\/portdeportvendres.com\/es\/#website"},"primaryImageOfPage":{"@id":"https:\/\/portdeportvendres.com\/es\/puerto-de-pesca\/#primaryimage"},"image":{"@id":"https:\/\/portdeportvendres.com\/es\/puerto-de-pesca\/#primaryimage"},"thumbnailUrl":"https:\/\/portdeportvendres.com\/wp-content\/uploads\/2024\/06\/36727_Port-Vendres-CPV_130624.jpg","datePublished":"2024-05-16T08:46:02+00:00","dateModified":"2025-02-12T09:18:46+00:00","description":"Hist\u00f3rico y din\u00e1mico con su muelle del Patrimonio y pescadores todo el a\u00f1o, el puerto de pesca da vida a la ciudad. \u00a1Vis\u00edtalo!","breadcrumb":{"@id":"https:\/\/portdeportvendres.com\/es\/puerto-de-pesca\/#breadcrumb"},"inLanguage":"es","potentialAction":[{"@type":"ReadAction","target":["https:\/\/portdeportvendres.com\/es\/puerto-de-pesca\/"]}]},{"@type":"ImageObject","inLanguage":"es","@id":"https:\/\/portdeportvendres.com\/es\/puerto-de-pesca\/#primaryimage","url":"https:\/\/portdeportvendres.com\/wp-content\/uploads\/2024\/06\/36727_Port-Vendres-CPV_130624.jpg","contentUrl":"https:\/\/portdeportvendres.com\/wp-content\/uploads\/2024\/06\/36727_Port-Vendres-CPV_130624.jpg","width":1200,"height":799,"caption":"(66) Pyrenees-Orientales: Port-Vendres, le port pour Compagnie Port-Vendraise."},{"@type":"BreadcrumbList","@id":"https:\/\/portdeportvendres.com\/es\/puerto-de-pesca\/#breadcrumb","itemListElement":[{"@type":"ListItem","position":1,"name":"Home","item":"https:\/\/portdeportvendres.com\/es\/"},{"@type":"ListItem","position":2,"name":"Puerto de pesca"}]},{"@type":"WebSite","@id":"https:\/\/portdeportvendres.com\/es\/#website","url":"https:\/\/portdeportvendres.com\/es\/","name":"Port de Port-vendres","description":"","publisher":{"@id":"https:\/\/portdeportvendres.com\/es\/#organization"},"potentialAction":[{"@type":"SearchAction","target":{"@type":"EntryPoint","urlTemplate":"https:\/\/portdeportvendres.com\/es\/?s={search_term_string}"},"query-input":{"@type":"PropertyValueSpecification","valueRequired":true,"valueName":"search_term_string"}}],"inLanguage":"es"},{"@type":"Organization","@id":"https:\/\/portdeportvendres.com\/es\/#organization","name":"Port de Port-Vendres","url":"https:\/\/portdeportvendres.com\/es\/","logo":{"@type":"ImageObject","inLanguage":"es","@id":"https:\/\/portdeportvendres.com\/es\/#\/schema\/logo\/image\/","url":"https:\/\/portdeportvendres.com\/wp-content\/uploads\/2024\/04\/Logo-Compagnie-PV_Gris_Bleu_Vecto.svg","contentUrl":"https:\/\/portdeportvendres.com\/wp-content\/uploads\/2024\/04\/Logo-Compagnie-PV_Gris_Bleu_Vecto.svg","width":673,"height":205,"caption":"Port de Port-Vendres"},"image":{"@id":"https:\/\/portdeportvendres.com\/es\/#\/schema\/logo\/image\/"},"sameAs":["https:\/\/www.facebook.com\/PortDePortVendres\/","https:\/\/www.instagram.com\/port_de_portvendres_officiel\/"]}]}},"_links":{"self":[{"href":"https:\/\/portdeportvendres.com\/es\/wp-json\/wp\/v2\/pages\/4974","targetHints":{"allow":["GET"]}}],"collection":[{"href":"https:\/\/portdeportvendres.com\/es\/wp-json\/wp\/v2\/pages"}],"about":[{"href":"https:\/\/portdeportvendres.com\/es\/wp-json\/wp\/v2\/types\/page"}],"author":[{"embeddable":true,"href":"https:\/\/portdeportvendres.com\/es\/wp-json\/wp\/v2\/users\/2"}],"replies":[{"embeddable":true,"href":"https:\/\/portdeportvendres.com\/es\/wp-json\/wp\/v2\/comments?post=4974"}],"version-history":[{"count":4,"href":"https:\/\/portdeportvendres.com\/es\/wp-json\/wp\/v2\/pages\/4974\/revisions"}],"predecessor-version":[{"id":4998,"href":"https:\/\/portdeportvendres.com\/es\/wp-json\/wp\/v2\/pages\/4974\/revisions\/4998"}],"wp:featuredmedia":[{"embeddable":true,"href":"https:\/\/portdeportvendres.com\/es\/wp-json\/wp\/v2\/media\/4473"}],"wp:attachment":[{"href":"https:\/\/portdeportvendres.com\/es\/wp-json\/wp\/v2\/media?parent=4974"}],"curies":[{"name":"wp","href":"https:\/\/api.w.org\/{rel}","templated":true}]}}