{"id":4976,"date":"2024-05-16T08:46:03","date_gmt":"2024-05-16T08:46:03","guid":{"rendered":"https:\/\/portdeportvendres.com\/engagements-actions\/"},"modified":"2025-02-12T09:48:28","modified_gmt":"2025-02-12T09:48:28","slug":"compromisos-y-acciones","status":"publish","type":"page","link":"https:\/\/portdeportvendres.com\/es\/compromisos-y-acciones\/","title":{"rendered":"Compromisos y acciones"},"content":{"rendered":"\t\t<div data-elementor-type=\"wp-page\" data-elementor-id=\"4976\" class=\"elementor elementor-4976 elementor-110\" data-elementor-post-type=\"page\">\n\t\t\t\t<div class=\"elementor-element elementor-element-e37aca0 e-flex e-con-boxed e-con e-parent\" data-id=\"e37aca0\" data-element_type=\"container\" data-e-type=\"container\" data-settings=\"{&quot;background_background&quot;:&quot;classic&quot;}\">\n\t\t\t\t\t<div class=\"e-con-inner\">\n\t\t\t\t<div class=\"elementor-element elementor-element-a787fb2 elementor-widget elementor-widget-image\" data-id=\"a787fb2\" data-element_type=\"widget\" data-e-type=\"widget\" data-widget_type=\"image.default\">\n\t\t\t\t<div class=\"elementor-widget-container\">\n\t\t\t\t\t\t\t\t\t\t\t\t\t\t\t<img fetchpriority=\"high\" decoding=\"async\" width=\"627\" height=\"398\" src=\"https:\/\/portdeportvendres.com\/wp-content\/uploads\/2024\/04\/ligne.png\" class=\"attachment-full size-full wp-image-4164\" alt=\"\" srcset=\"https:\/\/portdeportvendres.com\/wp-content\/uploads\/2024\/04\/ligne.png 627w, https:\/\/portdeportvendres.com\/wp-content\/uploads\/2024\/04\/ligne-300x190.png 300w\" sizes=\"(max-width: 627px) 100vw, 627px\" \/>\t\t\t\t\t\t\t\t\t\t\t\t\t\t\t<\/div>\n\t\t\t\t<\/div>\n\t\t\t\t\t<\/div>\n\t\t\t\t<\/div>\n\t\t<div class=\"elementor-element elementor-element-5086b86 e-flex e-con-boxed e-con e-parent\" data-id=\"5086b86\" data-element_type=\"container\" data-e-type=\"container\">\n\t\t\t\t\t<div class=\"e-con-inner\">\n\t\t\t\t<div class=\"elementor-element elementor-element-a64dff5 elementor-widget elementor-widget-heading\" data-id=\"a64dff5\" data-element_type=\"widget\" data-e-type=\"widget\" data-widget_type=\"heading.default\">\n\t\t\t\t<div class=\"elementor-widget-container\">\n\t\t\t\t\t<h1 class=\"elementor-heading-title elementor-size-default\">Informarse sobre los compromisos y acciones del puerto<\/h1>\t\t\t\t<\/div>\n\t\t\t\t<\/div>\n\t\t\t\t<div class=\"elementor-element elementor-element-82eaa0e elementor-widget elementor-widget-text-editor\" data-id=\"82eaa0e\" data-element_type=\"widget\" data-e-type=\"widget\" data-widget_type=\"text-editor.default\">\n\t\t\t\t<div class=\"elementor-widget-container\">\n\t\t\t\t\t\t\t\t\t<p>En Port-Vendres, el <strong>desarrollo sostenible<\/strong> forma parte de la <strong>vida cotidiana.<\/strong> Con la creaci\u00f3n del <strong>Parc Naturel du Golfe du Lion<\/strong> en 2011, el puerto se compromete a <strong>reducir el consumo de energ\u00eda<\/strong> y a <strong>desarrollar un estilo de navegaci\u00f3n responsable<\/strong>. Su plan de acci\u00f3n, claramente definido, se enriquece cada a\u00f1o.<\/p>\t\t\t\t\t\t\t\t<\/div>\n\t\t\t\t<\/div>\n\t\t\t\t\t<\/div>\n\t\t\t\t<\/div>\n\t\t<div class=\"elementor-element elementor-element-5b7fd29 e-flex e-con-boxed e-con e-parent\" data-id=\"5b7fd29\" data-element_type=\"container\" data-e-type=\"container\">\n\t\t\t\t\t<div class=\"e-con-inner\">\n\t\t<div class=\"elementor-element elementor-element-5a0df5b e-con-full e-flex e-con e-child\" data-id=\"5a0df5b\" data-element_type=\"container\" data-e-type=\"container\">\n\t\t\t\t<div class=\"elementor-element elementor-element-44d2688 elementor-widget elementor-widget-heading\" data-id=\"44d2688\" data-element_type=\"widget\" data-e-type=\"widget\" data-widget_type=\"heading.default\">\n\t\t\t\t<div class=\"elementor-widget-container\">\n\t\t\t\t\t<h2 class=\"elementor-heading-title elementor-size-default\">Invertir en un puerto limpio<\/h2>\t\t\t\t<\/div>\n\t\t\t\t<\/div>\n\t\t\t\t<div class=\"elementor-element elementor-element-12d6581 elementor-widget elementor-widget-text-editor\" data-id=\"12d6581\" data-element_type=\"widget\" data-e-type=\"widget\" data-widget_type=\"text-editor.default\">\n\t\t\t\t<div class=\"elementor-widget-container\">\n\t\t\t\t\t\t\t\t\t<p>El puerto tiene el objetivo de <strong>reducir a la mitad su consumo de energ\u00eda para 2027<\/strong>, adelant\u00e1ndose 20 a\u00f1os a las obligaciones de la Estrategia de Baja Emisi\u00f3n de Carbono y los Acuerdos de Par\u00eds.<br \/>Ofrecer\u00e1 la posibilidad de <strong>conexi\u00f3n a muelle<\/strong> trif\u00e1sica (32A, 63A y 125A) <strong>a partir de 2025.<\/strong><\/p>\t\t\t\t\t\t\t\t<\/div>\n\t\t\t\t<\/div>\n\t\t\t\t<\/div>\n\t\t<div class=\"elementor-element elementor-element-0ade30b e-con-full e-flex e-con e-child\" data-id=\"0ade30b\" data-element_type=\"container\" data-e-type=\"container\" data-settings=\"{&quot;background_background&quot;:&quot;slideshow&quot;,&quot;background_slideshow_gallery&quot;:[{&quot;id&quot;:3378,&quot;url&quot;:&quot;https:\\\/\\\/portdeportvendres.com\\\/wp-content\\\/uploads\\\/2024\\\/06\\\/36740_Port-Vendres-CPV_130624-2.jpg&quot;}],&quot;background_slideshow_ken_burns&quot;:&quot;yes&quot;,&quot;background_slideshow_loop&quot;:&quot;yes&quot;,&quot;background_slideshow_slide_duration&quot;:5000,&quot;background_slideshow_slide_transition&quot;:&quot;fade&quot;,&quot;background_slideshow_transition_duration&quot;:500,&quot;background_slideshow_ken_burns_zoom_direction&quot;:&quot;in&quot;}\">\n\t\t\t\t<\/div>\n\t\t\t\t\t<\/div>\n\t\t\t\t<\/div>\n\t\t<div class=\"elementor-element elementor-element-d3165bd e-flex e-con-boxed e-con e-parent\" data-id=\"d3165bd\" data-element_type=\"container\" data-e-type=\"container\">\n\t\t\t\t\t<div class=\"e-con-inner\">\n\t\t<div class=\"elementor-element elementor-element-025fcfe e-con-full e-flex e-con e-child\" data-id=\"025fcfe\" data-element_type=\"container\" data-e-type=\"container\" data-settings=\"{&quot;background_background&quot;:&quot;slideshow&quot;,&quot;background_slideshow_gallery&quot;:[{&quot;id&quot;:3381,&quot;url&quot;:&quot;https:\\\/\\\/portdeportvendres.com\\\/wp-content\\\/uploads\\\/2024\\\/06\\\/pexels-willianjusten-25853720.jpg&quot;},{&quot;id&quot;:3382,&quot;url&quot;:&quot;https:\\\/\\\/portdeportvendres.com\\\/wp-content\\\/uploads\\\/2024\\\/06\\\/@DSC01791.jpg&quot;}],&quot;background_slideshow_ken_burns&quot;:&quot;yes&quot;,&quot;background_slideshow_loop&quot;:&quot;yes&quot;,&quot;background_slideshow_slide_duration&quot;:5000,&quot;background_slideshow_slide_transition&quot;:&quot;fade&quot;,&quot;background_slideshow_transition_duration&quot;:500,&quot;background_slideshow_ken_burns_zoom_direction&quot;:&quot;in&quot;}\">\n\t\t\t\t<\/div>\n\t\t<div class=\"elementor-element elementor-element-8c90f9b e-con-full e-flex e-con e-child\" data-id=\"8c90f9b\" data-element_type=\"container\" data-e-type=\"container\">\n\t\t\t\t<div class=\"elementor-element elementor-element-3c58b3c elementor-widget elementor-widget-heading\" data-id=\"3c58b3c\" data-element_type=\"widget\" data-e-type=\"widget\" data-widget_type=\"heading.default\">\n\t\t\t\t<div class=\"elementor-widget-container\">\n\t\t\t\t\t<h2 class=\"elementor-heading-title elementor-size-default\">Campa\u00f1as de sensibilizaci\u00f3n y protecci\u00f3n<\/h2>\t\t\t\t<\/div>\n\t\t\t\t<\/div>\n\t\t\t\t<div class=\"elementor-element elementor-element-dbc67ad elementor-widget elementor-widget-text-editor\" data-id=\"dbc67ad\" data-element_type=\"widget\" data-e-type=\"widget\" data-widget_type=\"text-editor.default\">\n\t\t\t\t<div class=\"elementor-widget-container\">\n\t\t\t\t\t\t\t\t\t<p>Cada a\u00f1o se llevan a cabo varias campa\u00f1as de sensibilizaci\u00f3n:<\/p><ul><li>operaciones conjuntas como <strong>Tous sentinelles!<\/strong> con el CPIE Bassin de Thau en Frontignan, <strong>Agenda 21<\/strong> con el ayuntamiento<\/li><li>operaciones espec\u00edficas como la campa\u00f1a de concienciaci\u00f3n sobre la necesidad de recoger las colillas de cigarrillos (carteles y recogida), <strong>\u00abje navigue je trie\u00bb<\/strong> (yo navego yo reciclo) para favorecer acciones de limpieza, las operaciones de limpieza \u00ab<strong>Uni Pour Un Port Propre<\/strong>\u00bb y la limpieza submarina anual del puerto.<\/li><\/ul><p>\u00a0<\/p><p>La protecci\u00f3n del ecosistema es tambi\u00e9n una preocupaci\u00f3n diaria:<\/p><ul><li>puesta en marcha de un<strong> plan de reciclaje de redes<\/strong> de pesca usadas<\/li><li>seguimiento de juveniles de peces gracias a la instalaci\u00f3n del <strong>Biohut<\/strong><\/li><li>cumplimiento del pliego de condiciones del <strong>Parc Naturel du Golfe du Lion<\/strong><\/li><\/ul>\t\t\t\t\t\t\t\t<\/div>\n\t\t\t\t<\/div>\n\t\t\t\t<\/div>\n\t\t\t\t\t<\/div>\n\t\t\t\t<\/div>\n\t\t<div class=\"elementor-element elementor-element-958c3a1 e-con-full e-flex e-con e-parent\" data-id=\"958c3a1\" data-element_type=\"container\" data-e-type=\"container\">\n\t\t<div class=\"elementor-element elementor-element-2c12e34 e-con-full e-flex e-con e-child\" data-id=\"2c12e34\" data-element_type=\"container\" data-e-type=\"container\" data-settings=\"{&quot;background_background&quot;:&quot;classic&quot;}\">\n\t\t\t\t<div class=\"elementor-element elementor-element-3be0870 elementor-widget elementor-widget-heading\" data-id=\"3be0870\" data-element_type=\"widget\" data-e-type=\"widget\" data-widget_type=\"heading.default\">\n\t\t\t\t<div class=\"elementor-widget-container\">\n\t\t\t\t\t<h2 class=\"elementor-heading-title elementor-size-default\">Parc naturel marin du Golf du Lion, \n<i>preservar la biodiversidad.<\/i><\/h2>\t\t\t\t<\/div>\n\t\t\t\t<\/div>\n\t\t\t\t<div class=\"elementor-element elementor-element-a7bef56 elementor-align-left elementor-mobile-align-left elementor-widget elementor-widget-button\" data-id=\"a7bef56\" data-element_type=\"widget\" data-e-type=\"widget\" data-widget_type=\"button.default\">\n\t\t\t\t<div class=\"elementor-widget-container\">\n\t\t\t\t\t\t\t\t\t<div class=\"elementor-button-wrapper\">\n\t\t\t\t\t<a class=\"elementor-button elementor-button-link elementor-size-sm\" href=\"https:\/\/parc-marin-golfe-lion.fr\/\" target=\"_blank\">\n\t\t\t\t\t\t<span class=\"elementor-button-content-wrapper\">\n\t\t\t\t\t\t\t\t\t<span class=\"elementor-button-text\">Visite la p\u00e1gina web del parque natural marino<\/span>\n\t\t\t\t\t<\/span>\n\t\t\t\t\t<\/a>\n\t\t\t\t<\/div>\n\t\t\t\t\t\t\t\t<\/div>\n\t\t\t\t<\/div>\n\t\t\t\t<\/div>\n\t\t<div class=\"elementor-element elementor-element-8c01a22 e-con-full e-flex e-con e-child\" data-id=\"8c01a22\" data-element_type=\"container\" data-e-type=\"container\" data-settings=\"{&quot;background_background&quot;:&quot;slideshow&quot;,&quot;background_slideshow_gallery&quot;:[{&quot;id&quot;:3625,&quot;url&quot;:&quot;https:\\\/\\\/portdeportvendres.com\\\/wp-content\\\/uploads\\\/2024\\\/06\\\/@DSC01853.jpg&quot;}],&quot;background_slideshow_ken_burns&quot;:&quot;yes&quot;,&quot;background_slideshow_loop&quot;:&quot;yes&quot;,&quot;background_slideshow_slide_duration&quot;:5000,&quot;background_slideshow_slide_transition&quot;:&quot;fade&quot;,&quot;background_slideshow_transition_duration&quot;:500,&quot;background_slideshow_ken_burns_zoom_direction&quot;:&quot;in&quot;}\">\n\t\t\t\t<\/div>\n\t\t\t\t<\/div>\n\t\t\t\t<\/div>\n\t\t","protected":false},"excerpt":{"rendered":"<p>Informarse sobre los compromisos y acciones del puerto En Port-Vendres, el desarrollo sostenible forma parte de la vida cotidiana. Con la creaci\u00f3n del Parc Naturel du Golfe du Lion en 2011, el puerto se compromete a reducir el consumo de energ\u00eda y a desarrollar un estilo de navegaci\u00f3n responsable. Su plan de acci\u00f3n, claramente definido, [&hellip;]<\/p>\n","protected":false},"author":2,"featured_media":0,"parent":0,"menu_order":0,"comment_status":"closed","ping_status":"closed","template":"","meta":{"footnotes":""},"class_list":["post-4976","page","type-page","status-publish","hentry"],"yoast_head":"<!-- This site is optimized with the Yoast SEO plugin v27.3 - https:\/\/yoast.com\/product\/yoast-seo-wordpress\/ -->\n<title>Compromisos y acciones eco-responsables de Port-Vendres.<\/title>\n<meta name=\"description\" content=\"Descubre las acciones del puerto para concienciar al p\u00fablico y proteger la biodiversidad. Todo para apoyar la navegaci\u00f3n responsable.\" \/>\n<meta name=\"robots\" content=\"index, follow, max-snippet:-1, max-image-preview:large, max-video-preview:-1\" \/>\n<link rel=\"canonical\" href=\"https:\/\/portdeportvendres.com\/es\/compromisos-y-acciones\/\" \/>\n<meta property=\"og:locale\" content=\"es_ES\" \/>\n<meta property=\"og:type\" content=\"article\" \/>\n<meta property=\"og:title\" content=\"Compromisos y acciones eco-responsables de Port-Vendres.\" \/>\n<meta property=\"og:description\" content=\"Descubre las acciones del puerto para concienciar al p\u00fablico y proteger la biodiversidad. Todo para apoyar la navegaci\u00f3n responsable.\" \/>\n<meta property=\"og:url\" content=\"https:\/\/portdeportvendres.com\/es\/compromisos-y-acciones\/\" \/>\n<meta property=\"og:site_name\" content=\"Port de Port-vendres\" \/>\n<meta property=\"article:publisher\" content=\"https:\/\/www.facebook.com\/PortDePortVendres\/\" \/>\n<meta property=\"article:modified_time\" content=\"2025-02-12T09:48:28+00:00\" \/>\n<meta property=\"og:image\" content=\"https:\/\/portdeportvendres.com\/wp-content\/uploads\/2024\/04\/ligne.png\" \/>\n<meta name=\"twitter:card\" content=\"summary_large_image\" \/>\n<meta name=\"twitter:label1\" content=\"Tiempo de lectura\" \/>\n\t<meta name=\"twitter:data1\" content=\"2 minutos\" \/>\n<script type=\"application\/ld+json\" class=\"yoast-schema-graph\">{\"@context\":\"https:\\\/\\\/schema.org\",\"@graph\":[{\"@type\":\"WebPage\",\"@id\":\"https:\\\/\\\/portdeportvendres.com\\\/es\\\/compromisos-y-acciones\\\/\",\"url\":\"https:\\\/\\\/portdeportvendres.com\\\/es\\\/compromisos-y-acciones\\\/\",\"name\":\"Compromisos y acciones eco-responsables de Port-Vendres.\",\"isPartOf\":{\"@id\":\"https:\\\/\\\/portdeportvendres.com\\\/es\\\/#website\"},\"primaryImageOfPage\":{\"@id\":\"https:\\\/\\\/portdeportvendres.com\\\/es\\\/compromisos-y-acciones\\\/#primaryimage\"},\"image\":{\"@id\":\"https:\\\/\\\/portdeportvendres.com\\\/es\\\/compromisos-y-acciones\\\/#primaryimage\"},\"thumbnailUrl\":\"https:\\\/\\\/portdeportvendres.com\\\/wp-content\\\/uploads\\\/2024\\\/04\\\/ligne.png\",\"datePublished\":\"2024-05-16T08:46:03+00:00\",\"dateModified\":\"2025-02-12T09:48:28+00:00\",\"description\":\"Descubre las acciones del puerto para concienciar al p\u00fablico y proteger la biodiversidad. Todo para apoyar la navegaci\u00f3n responsable.\",\"breadcrumb\":{\"@id\":\"https:\\\/\\\/portdeportvendres.com\\\/es\\\/compromisos-y-acciones\\\/#breadcrumb\"},\"inLanguage\":\"es\",\"potentialAction\":[{\"@type\":\"ReadAction\",\"target\":[\"https:\\\/\\\/portdeportvendres.com\\\/es\\\/compromisos-y-acciones\\\/\"]}]},{\"@type\":\"ImageObject\",\"inLanguage\":\"es\",\"@id\":\"https:\\\/\\\/portdeportvendres.com\\\/es\\\/compromisos-y-acciones\\\/#primaryimage\",\"url\":\"https:\\\/\\\/portdeportvendres.com\\\/wp-content\\\/uploads\\\/2024\\\/04\\\/ligne.png\",\"contentUrl\":\"https:\\\/\\\/portdeportvendres.com\\\/wp-content\\\/uploads\\\/2024\\\/04\\\/ligne.png\"},{\"@type\":\"BreadcrumbList\",\"@id\":\"https:\\\/\\\/portdeportvendres.com\\\/es\\\/compromisos-y-acciones\\\/#breadcrumb\",\"itemListElement\":[{\"@type\":\"ListItem\",\"position\":1,\"name\":\"Home\",\"item\":\"https:\\\/\\\/portdeportvendres.com\\\/es\\\/\"},{\"@type\":\"ListItem\",\"position\":2,\"name\":\"Compromisos y acciones\"}]},{\"@type\":\"WebSite\",\"@id\":\"https:\\\/\\\/portdeportvendres.com\\\/es\\\/#website\",\"url\":\"https:\\\/\\\/portdeportvendres.com\\\/es\\\/\",\"name\":\"Port de Port-vendres\",\"description\":\"\",\"publisher\":{\"@id\":\"https:\\\/\\\/portdeportvendres.com\\\/es\\\/#organization\"},\"potentialAction\":[{\"@type\":\"SearchAction\",\"target\":{\"@type\":\"EntryPoint\",\"urlTemplate\":\"https:\\\/\\\/portdeportvendres.com\\\/es\\\/?s={search_term_string}\"},\"query-input\":{\"@type\":\"PropertyValueSpecification\",\"valueRequired\":true,\"valueName\":\"search_term_string\"}}],\"inLanguage\":\"es\"},{\"@type\":\"Organization\",\"@id\":\"https:\\\/\\\/portdeportvendres.com\\\/es\\\/#organization\",\"name\":\"Port de Port-Vendres\",\"url\":\"https:\\\/\\\/portdeportvendres.com\\\/es\\\/\",\"logo\":{\"@type\":\"ImageObject\",\"inLanguage\":\"es\",\"@id\":\"https:\\\/\\\/portdeportvendres.com\\\/es\\\/#\\\/schema\\\/logo\\\/image\\\/\",\"url\":\"https:\\\/\\\/portdeportvendres.com\\\/wp-content\\\/uploads\\\/2024\\\/04\\\/Logo-Compagnie-PV_Gris_Bleu_Vecto.svg\",\"contentUrl\":\"https:\\\/\\\/portdeportvendres.com\\\/wp-content\\\/uploads\\\/2024\\\/04\\\/Logo-Compagnie-PV_Gris_Bleu_Vecto.svg\",\"width\":673,\"height\":205,\"caption\":\"Port de Port-Vendres\"},\"image\":{\"@id\":\"https:\\\/\\\/portdeportvendres.com\\\/es\\\/#\\\/schema\\\/logo\\\/image\\\/\"},\"sameAs\":[\"https:\\\/\\\/www.facebook.com\\\/PortDePortVendres\\\/\",\"https:\\\/\\\/www.instagram.com\\\/port_de_portvendres_officiel\\\/\"]}]}<\/script>\n<!-- \/ Yoast SEO plugin. -->","yoast_head_json":{"title":"Compromisos y acciones eco-responsables de Port-Vendres.","description":"Descubre las acciones del puerto para concienciar al p\u00fablico y proteger la biodiversidad. Todo para apoyar la navegaci\u00f3n responsable.","robots":{"index":"index","follow":"follow","max-snippet":"max-snippet:-1","max-image-preview":"max-image-preview:large","max-video-preview":"max-video-preview:-1"},"canonical":"https:\/\/portdeportvendres.com\/es\/compromisos-y-acciones\/","og_locale":"es_ES","og_type":"article","og_title":"Compromisos y acciones eco-responsables de Port-Vendres.","og_description":"Descubre las acciones del puerto para concienciar al p\u00fablico y proteger la biodiversidad. Todo para apoyar la navegaci\u00f3n responsable.","og_url":"https:\/\/portdeportvendres.com\/es\/compromisos-y-acciones\/","og_site_name":"Port de Port-vendres","article_publisher":"https:\/\/www.facebook.com\/PortDePortVendres\/","article_modified_time":"2025-02-12T09:48:28+00:00","og_image":[{"url":"https:\/\/portdeportvendres.com\/wp-content\/uploads\/2024\/04\/ligne.png","type":"","width":"","height":""}],"twitter_card":"summary_large_image","twitter_misc":{"Tiempo de lectura":"2 minutos"},"schema":{"@context":"https:\/\/schema.org","@graph":[{"@type":"WebPage","@id":"https:\/\/portdeportvendres.com\/es\/compromisos-y-acciones\/","url":"https:\/\/portdeportvendres.com\/es\/compromisos-y-acciones\/","name":"Compromisos y acciones eco-responsables de Port-Vendres.","isPartOf":{"@id":"https:\/\/portdeportvendres.com\/es\/#website"},"primaryImageOfPage":{"@id":"https:\/\/portdeportvendres.com\/es\/compromisos-y-acciones\/#primaryimage"},"image":{"@id":"https:\/\/portdeportvendres.com\/es\/compromisos-y-acciones\/#primaryimage"},"thumbnailUrl":"https:\/\/portdeportvendres.com\/wp-content\/uploads\/2024\/04\/ligne.png","datePublished":"2024-05-16T08:46:03+00:00","dateModified":"2025-02-12T09:48:28+00:00","description":"Descubre las acciones del puerto para concienciar al p\u00fablico y proteger la biodiversidad. Todo para apoyar la navegaci\u00f3n responsable.","breadcrumb":{"@id":"https:\/\/portdeportvendres.com\/es\/compromisos-y-acciones\/#breadcrumb"},"inLanguage":"es","potentialAction":[{"@type":"ReadAction","target":["https:\/\/portdeportvendres.com\/es\/compromisos-y-acciones\/"]}]},{"@type":"ImageObject","inLanguage":"es","@id":"https:\/\/portdeportvendres.com\/es\/compromisos-y-acciones\/#primaryimage","url":"https:\/\/portdeportvendres.com\/wp-content\/uploads\/2024\/04\/ligne.png","contentUrl":"https:\/\/portdeportvendres.com\/wp-content\/uploads\/2024\/04\/ligne.png"},{"@type":"BreadcrumbList","@id":"https:\/\/portdeportvendres.com\/es\/compromisos-y-acciones\/#breadcrumb","itemListElement":[{"@type":"ListItem","position":1,"name":"Home","item":"https:\/\/portdeportvendres.com\/es\/"},{"@type":"ListItem","position":2,"name":"Compromisos y acciones"}]},{"@type":"WebSite","@id":"https:\/\/portdeportvendres.com\/es\/#website","url":"https:\/\/portdeportvendres.com\/es\/","name":"Port de Port-vendres","description":"","publisher":{"@id":"https:\/\/portdeportvendres.com\/es\/#organization"},"potentialAction":[{"@type":"SearchAction","target":{"@type":"EntryPoint","urlTemplate":"https:\/\/portdeportvendres.com\/es\/?s={search_term_string}"},"query-input":{"@type":"PropertyValueSpecification","valueRequired":true,"valueName":"search_term_string"}}],"inLanguage":"es"},{"@type":"Organization","@id":"https:\/\/portdeportvendres.com\/es\/#organization","name":"Port de Port-Vendres","url":"https:\/\/portdeportvendres.com\/es\/","logo":{"@type":"ImageObject","inLanguage":"es","@id":"https:\/\/portdeportvendres.com\/es\/#\/schema\/logo\/image\/","url":"https:\/\/portdeportvendres.com\/wp-content\/uploads\/2024\/04\/Logo-Compagnie-PV_Gris_Bleu_Vecto.svg","contentUrl":"https:\/\/portdeportvendres.com\/wp-content\/uploads\/2024\/04\/Logo-Compagnie-PV_Gris_Bleu_Vecto.svg","width":673,"height":205,"caption":"Port de Port-Vendres"},"image":{"@id":"https:\/\/portdeportvendres.com\/es\/#\/schema\/logo\/image\/"},"sameAs":["https:\/\/www.facebook.com\/PortDePortVendres\/","https:\/\/www.instagram.com\/port_de_portvendres_officiel\/"]}]}},"_links":{"self":[{"href":"https:\/\/portdeportvendres.com\/es\/wp-json\/wp\/v2\/pages\/4976","targetHints":{"allow":["GET"]}}],"collection":[{"href":"https:\/\/portdeportvendres.com\/es\/wp-json\/wp\/v2\/pages"}],"about":[{"href":"https:\/\/portdeportvendres.com\/es\/wp-json\/wp\/v2\/types\/page"}],"author":[{"embeddable":true,"href":"https:\/\/portdeportvendres.com\/es\/wp-json\/wp\/v2\/users\/2"}],"replies":[{"embeddable":true,"href":"https:\/\/portdeportvendres.com\/es\/wp-json\/wp\/v2\/comments?post=4976"}],"version-history":[{"count":4,"href":"https:\/\/portdeportvendres.com\/es\/wp-json\/wp\/v2\/pages\/4976\/revisions"}],"predecessor-version":[{"id":4988,"href":"https:\/\/portdeportvendres.com\/es\/wp-json\/wp\/v2\/pages\/4976\/revisions\/4988"}],"wp:attachment":[{"href":"https:\/\/portdeportvendres.com\/es\/wp-json\/wp\/v2\/media?parent=4976"}],"curies":[{"name":"wp","href":"https:\/\/api.w.org\/{rel}","templated":true}]}}